{"id":2864,"date":"2026-02-26T12:39:48","date_gmt":"2026-02-26T11:39:48","guid":{"rendered":"https:\/\/aktivservicecenter.dk\/?page_id=2864"},"modified":"2026-03-02T06:23:07","modified_gmt":"2026-03-02T05:23:07","slug":"ledige-stillinger","status":"publish","type":"page","link":"https:\/\/aktivservicecenter.dk\/sv\/aktiv-servicecenter\/ledige-stillinger\/","title":{"rendered":"Ledige stillinger"},"content":{"rendered":"<div data-elementor-type=\"wp-page\" data-elementor-id=\"2864\" class=\"elementor elementor-2864\" data-elementor-post-type=\"page\">\n\t\t\t\t<div class=\"elementor-element elementor-element-3f3d609 e-flex e-con-boxed e-con e-parent\" data-id=\"3f3d609\" data-element_type=\"container\" data-e-type=\"container\" data-settings=\"{&quot;background_background&quot;:&quot;classic&quot;}\">\n\t\t\t\t\t<div class=\"e-con-inner\">\n\t\t\t\t\t<\/div>\n\t\t\t\t<\/div>\n\t\t<div class=\"elementor-element elementor-element-953dd89 e-flex e-con-boxed elementor-invisible e-con e-parent\" data-id=\"953dd89\" data-element_type=\"container\" data-e-type=\"container\" data-settings=\"{&quot;animation&quot;:&quot;fadeInUp&quot;,&quot;animation_delay&quot;:300}\">\n\t\t\t\t\t<div class=\"e-con-inner\">\n\t\t<div class=\"elementor-element elementor-element-e4b3ce1 e-con-full e-flex e-con e-child\" data-id=\"e4b3ce1\" data-element_type=\"container\" data-e-type=\"container\">\n\t\t<div class=\"elementor-element elementor-element-b607178 e-con-full e-flex e-con e-child\" data-id=\"b607178\" data-element_type=\"container\" data-e-type=\"container\" data-settings=\"{&quot;background_background&quot;:&quot;classic&quot;}\">\n\t\t<div class=\"elementor-element elementor-element-c83ed13 e-con-full e-flex e-con e-child\" data-id=\"c83ed13\" data-element_type=\"container\" data-e-type=\"container\">\n\t\t\t\t<div class=\"elementor-element elementor-element-2c1ddea elementor-widget elementor-widget-heading\" data-id=\"2c1ddea\" data-element_type=\"widget\" data-e-type=\"widget\" data-widget_type=\"heading.default\">\n\t\t\t\t<div class=\"elementor-widget-container\">\n\t\t\t\t\t<h2 class=\"elementor-heading-title elementor-size-default\">Nordiske kundeservicemedarbejdere (FI\/SE\/NO)\n\n\n\n\n\n\n<\/h2>\t\t\t\t<\/div>\n\t\t\t\t<\/div>\n\t\t\t\t<div class=\"elementor-element elementor-element-32b2b98 elementor-widget elementor-widget-heading\" data-id=\"32b2b98\" data-element_type=\"widget\" data-e-type=\"widget\" data-widget_type=\"heading.default\">\n\t\t\t\t<div class=\"elementor-widget-container\">\n\t\t\t\t\t<h4 class=\"elementor-heading-title elementor-size-default\">Deltid\/Fuldtid\/Studiejob\/Fleksjob\n\n\n\n\n\n\n<\/h4>\t\t\t\t<\/div>\n\t\t\t\t<\/div>\n\t\t\t\t<div class=\"elementor-element elementor-element-daeb153 elementor-widget elementor-widget-text-editor\" data-id=\"daeb153\" data-element_type=\"widget\" data-e-type=\"widget\" data-widget_type=\"text-editor.default\">\n\t\t\t\t<div class=\"elementor-widget-container\">\n\t\t\t\t\t\t\t\t\t<p><strong>Vi s\u00f8ger flersprogede medarbejdere, der behersker: Finsk\/svensk, svensk\/\u00f8vrigt nordisk sprog eller norsk\/\u00f8vrigt nordisk sprog flydende og som kan trives med at levere effektiv kvalitetsservice i en s\u00e6sonbetonet branche med s\u00e6rlig travlhed hen over sommeren.<\/strong><\/p>\t\t\t\t\t\t\t\t<\/div>\n\t\t\t\t<\/div>\n\t\t\t\t<\/div>\n\t\t<div class=\"elementor-element elementor-element-68b7ef0 e-con-full e-flex e-con e-child\" data-id=\"68b7ef0\" data-element_type=\"container\" data-e-type=\"container\">\n\t\t\t\t<div class=\"elementor-element elementor-element-1213037 elementor-widget elementor-widget-heading\" data-id=\"1213037\" data-element_type=\"widget\" data-e-type=\"widget\" data-widget_type=\"heading.default\">\n\t\t\t\t<div class=\"elementor-widget-container\">\n\t\t\t\t\t<h4 class=\"elementor-heading-title elementor-size-default\">Om jobbet  <\/h4>\t\t\t\t<\/div>\n\t\t\t\t<\/div>\n\t\t\t\t<div class=\"elementor-element elementor-element-5742c45 elementor-widget elementor-widget-text-editor\" data-id=\"5742c45\" data-element_type=\"widget\" data-e-type=\"widget\" data-widget_type=\"text-editor.default\">\n\t\t\t\t<div class=\"elementor-widget-container\">\n\t\t\t\t\t\t\t\t\t<p>Arbejdet best\u00e5r prim\u00e6rt i at besvare telefonopkald og mails vedr\u00f8rende support af skov- og haveprodukter med hovedv\u00e6gt p\u00e5 intelligente haveprodukter som robotpl\u00e6neklippere. Du f\u00e5r opl\u00e6ring i produkterne og systemerne, vi arbejder i og du m\u00e5 v\u00e6re forberedt p\u00e5 en h\u00f8j l\u00e6ringskurve med en omfattende produktportef\u00f8lje. Dog altid ledsaget af en mentor og hj\u00e6lpsomme kolleger.<\/p><p>S\u00e5 snart du er kl\u00e6dt tilstr\u00e6kkeligt godt p\u00e5, vil det v\u00e6re muligt delvist at arbejde hjemmefra. Ellers fra vores kontor i K\u00f8benhavn K. Ans\u00e6ttelserne er p\u00e5 timel\u00f8n og vi s\u00f8ger b\u00e5de deltids- og fuldtidsmedarbejdere. Vores arbejdstider er hovedsagelig hverdage mellem 08-16. Ved studie-, fleksjobs- eller deltidsans\u00e6ttelse har vi behov for, at du kan arbejde minimum 15 timer ugentligt.<\/p>\t\t\t\t\t\t\t\t<\/div>\n\t\t\t\t<\/div>\n\t\t\t\t<div class=\"elementor-element elementor-element-6090ae5 elementor-widget elementor-widget-heading\" data-id=\"6090ae5\" data-element_type=\"widget\" data-e-type=\"widget\" data-widget_type=\"heading.default\">\n\t\t\t\t<div class=\"elementor-widget-container\">\n\t\t\t\t\t<h5 class=\"elementor-heading-title elementor-size-default\">Dine kompetencer<\/h5>\t\t\t\t<\/div>\n\t\t\t\t<\/div>\n\t\t\t\t<div class=\"elementor-element elementor-element-714a8cb elementor-widget elementor-widget-text-editor\" data-id=\"714a8cb\" data-element_type=\"widget\" data-e-type=\"widget\" data-widget_type=\"text-editor.default\">\n\t\t\t\t<div class=\"elementor-widget-container\">\n\t\t\t\t\t\t\t\t\t<p>\u00b7 Du behersker finsk\/svensk, svensk\/\u00f8vrigt nordisk sprog eller norsk\/\u00f8vrigt nordisk sprog flydende i skrift og tale.<\/p><p>\u00b7 Erfaring med kundeservice er en klar fordel og du kan h\u00e5ndtere kr\u00e6vende kundeoplevelser og bevare bevidstheden om, at dette ligger i arbejdets natur.<\/p><p>\u00b7 Du er m\u00f8destabil og ansvarsbevidst og har en god forst\u00e5else for dine styrker og begr\u00e6nsninger.<\/p><p>\u00b7 Du er rutineret i IT-systemer, sikker i at navigere p\u00e5 websites og gerne bekendt med AI v\u00e6rkt\u00f8j.<\/p><p>\u00b7 Du kan im\u00f8dekomme h\u00f8je forventninger fra kunder med tekniske og produktrelaterede udfordringer.<\/p><p>\u00b7 Du er fleksibel, hj\u00e6lpsom og omstillingsparat i en hektisk hverdag.<\/p>\t\t\t\t\t\t\t\t<\/div>\n\t\t\t\t<\/div>\n\t\t\t\t<div class=\"elementor-element elementor-element-2c55b98 elementor-widget elementor-widget-heading\" data-id=\"2c55b98\" data-element_type=\"widget\" data-e-type=\"widget\" data-widget_type=\"heading.default\">\n\t\t\t\t<div class=\"elementor-widget-container\">\n\t\t\t\t\t<h5 class=\"elementor-heading-title elementor-size-default\">Om Aktiv ServiceCenter som arbejdsplads<\/h5>\t\t\t\t<\/div>\n\t\t\t\t<\/div>\n\t\t\t\t<div class=\"elementor-element elementor-element-44e0fc2 elementor-widget elementor-widget-text-editor\" data-id=\"44e0fc2\" data-element_type=\"widget\" data-e-type=\"widget\" data-widget_type=\"text-editor.default\">\n\t\t\t\t<div class=\"elementor-widget-container\">\n\t\t\t\t\t\t\t\t\t<p>Aktiv ServiceCenter er en arbejdsplads med h\u00f8jt til loftet og st\u00e6rkt sammenhold. Vi l\u00f8fter i flok og kommunikerer \u00e5bent og \u00e6rligt p\u00e5 tv\u00e6rs af sprog, ansvarsomr\u00e5der, alder og baggrund. Arbejdskulturen er uformel og rummelig og vi v\u00e6gter solidaritet, stabilitet og den gode tone, ogs\u00e5 n\u00e5r det br\u00e6nder p\u00e5.<\/p><p>Lyder det som noget for dig, send os dit CV og en kort ans\u00f8gning som beskriver, hvordan du ser dig selv i rollen p\u00e5 mail: <strong>info@aktivservicecenter.dk<\/strong><\/p><p>Du bedes venligst oplyse i dit CV, hvilke sprog du mestrer og p\u00e5 hvilket niveau.<\/p><p>Vi ans\u00e6tter l\u00f8bende frem til april og vil gl\u00e6de os til at h\u00f8re fra dig.<\/p>\t\t\t\t\t\t\t\t<\/div>\n\t\t\t\t<\/div>\n\t\t\t\t<\/div>\n\t\t\t\t<\/div>\n\t\t<div class=\"elementor-element elementor-element-15f4ee4 e-con-full e-flex e-con e-child\" data-id=\"15f4ee4\" data-element_type=\"container\" data-e-type=\"container\" data-settings=\"{&quot;background_background&quot;:&quot;classic&quot;}\">\n\t\t\t\t<\/div>\n\t\t\t\t<\/div>\n\t\t<div class=\"elementor-element elementor-element-80298ae e-con-full e-flex e-con e-child\" data-id=\"80298ae\" data-element_type=\"container\" data-e-type=\"container\">\n\t\t\t\t<div class=\"elementor-element elementor-element-6e29d8f elementor-widget elementor-widget-image\" data-id=\"6e29d8f\" data-element_type=\"widget\" data-e-type=\"widget\" data-widget_type=\"image.default\">\n\t\t\t\t<div class=\"elementor-widget-container\">\n\t\t\t\t\t\t\t\t\t\t\t\t\t\t\t<img fetchpriority=\"high\" decoding=\"async\" width=\"1650\" height=\"1365\" src=\"https:\/\/aktivservicecenter.dk\/wp-content\/uploads\/pexels-jan-van-der-wolf-11680885-29158426-e1743421417659.webp\" class=\"attachment-full size-full wp-image-2092\" alt=\"\" srcset=\"https:\/\/aktivservicecenter.dk\/wp-content\/uploads\/pexels-jan-van-der-wolf-11680885-29158426-e1743421417659.webp 1650w, https:\/\/aktivservicecenter.dk\/wp-content\/uploads\/pexels-jan-van-der-wolf-11680885-29158426-e1743421417659-300x248.webp 300w, https:\/\/aktivservicecenter.dk\/wp-content\/uploads\/pexels-jan-van-der-wolf-11680885-29158426-e1743421417659-1024x847.webp 1024w, https:\/\/aktivservicecenter.dk\/wp-content\/uploads\/pexels-jan-van-der-wolf-11680885-29158426-e1743421417659-768x635.webp 768w, https:\/\/aktivservicecenter.dk\/wp-content\/uploads\/pexels-jan-van-der-wolf-11680885-29158426-e1743421417659-1536x1271.webp 1536w\" sizes=\"(max-width: 1650px) 100vw, 1650px\" \/>\t\t\t\t\t\t\t\t\t\t\t\t\t\t\t<\/div>\n\t\t\t\t<\/div>\n\t\t\t\t<\/div>\n\t\t\t\t\t<\/div>\n\t\t\t\t<\/div>\n\t\t<div class=\"elementor-element elementor-element-9fc808b e-flex e-con-boxed e-con e-parent\" data-id=\"9fc808b\" data-element_type=\"container\" data-e-type=\"container\">\n\t\t\t\t\t<div class=\"e-con-inner\">\n\t\t\t\t\t<\/div>\n\t\t\t\t<\/div>\n\t\t\t\t<\/div>","protected":false},"excerpt":{"rendered":"<p>Nordiske kundeservicemedarbejdere (FI\/SE\/NO) Deltid\/Fuldtid\/Studiejob\/Fleksjob Vi s\u00f8ger flersprogede medarbejdere, der behersker: Finsk\/svensk, svensk\/\u00f8vrigt nordisk sprog eller norsk\/\u00f8vrigt nordisk sprog flydende og som kan trives med at levere effektiv kvalitetsservice i en s\u00e6sonbetonet branche med s\u00e6rlig travlhed hen over sommeren. Om jobbet Arbejdet best\u00e5r prim\u00e6rt i at besvare telefonopkald og mails vedr\u00f8rende support af skov- og haveprodukter [&hellip;]<\/p>\n","protected":false},"author":2,"featured_media":0,"parent":1064,"menu_order":2,"comment_status":"closed","ping_status":"closed","template":"","meta":{"footnotes":""},"class_list":["post-2864","page","type-page","status-publish","hentry"],"yoast_head":"<!-- This site is optimized with the Yoast SEO plugin v27.5 - https:\/\/yoast.com\/product\/yoast-seo-wordpress\/ -->\n<title>Ledige stillinger - Aktiv Servicecenter<\/title>\n<meta name=\"robots\" content=\"index, follow, max-snippet:-1, max-image-preview:large, max-video-preview:-1\" \/>\n<link rel=\"canonical\" href=\"https:\/\/aktivservicecenter.dk\/sv\/aktiv-servicecenter\/ledige-stillinger\/\" \/>\n<meta property=\"og:locale\" content=\"sv_SE\" \/>\n<meta property=\"og:type\" content=\"article\" \/>\n<meta property=\"og:title\" content=\"Ledige stillinger - Aktiv Servicecenter\" \/>\n<meta property=\"og:description\" content=\"Nordiske kundeservicemedarbejdere (FI\/SE\/NO) Deltid\/Fuldtid\/Studiejob\/Fleksjob Vi s\u00f8ger flersprogede medarbejdere, der behersker: Finsk\/svensk, svensk\/\u00f8vrigt nordisk sprog eller norsk\/\u00f8vrigt nordisk sprog flydende og som kan trives med at levere effektiv kvalitetsservice i en s\u00e6sonbetonet branche med s\u00e6rlig travlhed hen over sommeren. Om jobbet Arbejdet best\u00e5r prim\u00e6rt i at besvare telefonopkald og mails vedr\u00f8rende support af skov- og haveprodukter [&hellip;]\" \/>\n<meta property=\"og:url\" content=\"https:\/\/aktivservicecenter.dk\/sv\/aktiv-servicecenter\/ledige-stillinger\/\" \/>\n<meta property=\"og:site_name\" content=\"Aktiv Servicecenter\" \/>\n<meta property=\"article:modified_time\" content=\"2026-03-02T05:23:07+00:00\" \/>\n<meta property=\"og:image\" content=\"https:\/\/aktivservicecenter.dk\/wp-content\/uploads\/pexels-jan-van-der-wolf-11680885-29158426-e1743421417659.webp\" \/>\n<meta name=\"twitter:card\" content=\"summary_large_image\" \/>\n<meta name=\"twitter:label1\" content=\"Ber\u00e4knad l\u00e4stid\" \/>\n\t<meta name=\"twitter:data1\" content=\"3 minuter\" \/>\n<script type=\"application\/ld+json\" class=\"yoast-schema-graph\">{\"@context\":\"https:\\\/\\\/schema.org\",\"@graph\":[{\"@type\":\"WebPage\",\"@id\":\"https:\\\/\\\/aktivservicecenter.dk\\\/aktiv-servicecenter\\\/ledige-stillinger\\\/\",\"url\":\"https:\\\/\\\/aktivservicecenter.dk\\\/aktiv-servicecenter\\\/ledige-stillinger\\\/\",\"name\":\"Ledige stillinger - Aktiv Servicecenter\",\"isPartOf\":{\"@id\":\"https:\\\/\\\/aktivservicecenter.dk\\\/#website\"},\"primaryImageOfPage\":{\"@id\":\"https:\\\/\\\/aktivservicecenter.dk\\\/aktiv-servicecenter\\\/ledige-stillinger\\\/#primaryimage\"},\"image\":{\"@id\":\"https:\\\/\\\/aktivservicecenter.dk\\\/aktiv-servicecenter\\\/ledige-stillinger\\\/#primaryimage\"},\"thumbnailUrl\":\"https:\\\/\\\/aktivservicecenter.dk\\\/wp-content\\\/uploads\\\/pexels-jan-van-der-wolf-11680885-29158426-e1743421417659.webp\",\"datePublished\":\"2026-02-26T11:39:48+00:00\",\"dateModified\":\"2026-03-02T05:23:07+00:00\",\"breadcrumb\":{\"@id\":\"https:\\\/\\\/aktivservicecenter.dk\\\/aktiv-servicecenter\\\/ledige-stillinger\\\/#breadcrumb\"},\"inLanguage\":\"sv-SE\",\"potentialAction\":[{\"@type\":\"ReadAction\",\"target\":[\"https:\\\/\\\/aktivservicecenter.dk\\\/aktiv-servicecenter\\\/ledige-stillinger\\\/\"]}]},{\"@type\":\"ImageObject\",\"inLanguage\":\"sv-SE\",\"@id\":\"https:\\\/\\\/aktivservicecenter.dk\\\/aktiv-servicecenter\\\/ledige-stillinger\\\/#primaryimage\",\"url\":\"https:\\\/\\\/aktivservicecenter.dk\\\/wp-content\\\/uploads\\\/pexels-jan-van-der-wolf-11680885-29158426-e1743421417659.webp\",\"contentUrl\":\"https:\\\/\\\/aktivservicecenter.dk\\\/wp-content\\\/uploads\\\/pexels-jan-van-der-wolf-11680885-29158426-e1743421417659.webp\"},{\"@type\":\"BreadcrumbList\",\"@id\":\"https:\\\/\\\/aktivservicecenter.dk\\\/aktiv-servicecenter\\\/ledige-stillinger\\\/#breadcrumb\",\"itemListElement\":[{\"@type\":\"ListItem\",\"position\":1,\"name\":\"Aktiv Servicecenter\",\"item\":\"https:\\\/\\\/aktivservicecenter.dk\\\/aktiv-servicecenter\\\/\"},{\"@type\":\"ListItem\",\"position\":2,\"name\":\"Ledige stillinger\"}]},{\"@type\":\"WebSite\",\"@id\":\"https:\\\/\\\/aktivservicecenter.dk\\\/#website\",\"url\":\"https:\\\/\\\/aktivservicecenter.dk\\\/\",\"name\":\"Aktiv Servicecenter\",\"description\":\"\",\"publisher\":{\"@id\":\"https:\\\/\\\/aktivservicecenter.dk\\\/#organization\"},\"potentialAction\":[{\"@type\":\"SearchAction\",\"target\":{\"@type\":\"EntryPoint\",\"urlTemplate\":\"https:\\\/\\\/aktivservicecenter.dk\\\/?s={search_term_string}\"},\"query-input\":{\"@type\":\"PropertyValueSpecification\",\"valueRequired\":true,\"valueName\":\"search_term_string\"}}],\"inLanguage\":\"sv-SE\"},{\"@type\":\"Organization\",\"@id\":\"https:\\\/\\\/aktivservicecenter.dk\\\/#organization\",\"name\":\"Aktiv Servicecenter\",\"url\":\"https:\\\/\\\/aktivservicecenter.dk\\\/\",\"logo\":{\"@type\":\"ImageObject\",\"inLanguage\":\"sv-SE\",\"@id\":\"https:\\\/\\\/aktivservicecenter.dk\\\/#\\\/schema\\\/logo\\\/image\\\/\",\"url\":\"https:\\\/\\\/aktivservicecenter.dk\\\/wp-content\\\/uploads\\\/Aktiv-Service-Center_Logo_Rentegnet.png\",\"contentUrl\":\"https:\\\/\\\/aktivservicecenter.dk\\\/wp-content\\\/uploads\\\/Aktiv-Service-Center_Logo_Rentegnet.png\",\"width\":1193,\"height\":570,\"caption\":\"Aktiv Servicecenter\"},\"image\":{\"@id\":\"https:\\\/\\\/aktivservicecenter.dk\\\/#\\\/schema\\\/logo\\\/image\\\/\"}}]}<\/script>\n<!-- \/ Yoast SEO plugin. -->","yoast_head_json":{"title":"Ledige stillinger - Aktiv Servicecenter","robots":{"index":"index","follow":"follow","max-snippet":"max-snippet:-1","max-image-preview":"max-image-preview:large","max-video-preview":"max-video-preview:-1"},"canonical":"https:\/\/aktivservicecenter.dk\/sv\/aktiv-servicecenter\/ledige-stillinger\/","og_locale":"sv_SE","og_type":"article","og_title":"Ledige stillinger - Aktiv Servicecenter","og_description":"Nordiske kundeservicemedarbejdere (FI\/SE\/NO) Deltid\/Fuldtid\/Studiejob\/Fleksjob Vi s\u00f8ger flersprogede medarbejdere, der behersker: Finsk\/svensk, svensk\/\u00f8vrigt nordisk sprog eller norsk\/\u00f8vrigt nordisk sprog flydende og som kan trives med at levere effektiv kvalitetsservice i en s\u00e6sonbetonet branche med s\u00e6rlig travlhed hen over sommeren. Om jobbet Arbejdet best\u00e5r prim\u00e6rt i at besvare telefonopkald og mails vedr\u00f8rende support af skov- og haveprodukter [&hellip;]","og_url":"https:\/\/aktivservicecenter.dk\/sv\/aktiv-servicecenter\/ledige-stillinger\/","og_site_name":"Aktiv Servicecenter","article_modified_time":"2026-03-02T05:23:07+00:00","og_image":[{"url":"https:\/\/aktivservicecenter.dk\/wp-content\/uploads\/pexels-jan-van-der-wolf-11680885-29158426-e1743421417659.webp","type":"","width":"","height":""}],"twitter_card":"summary_large_image","twitter_misc":{"Ber\u00e4knad l\u00e4stid":"3 minuter"},"schema":{"@context":"https:\/\/schema.org","@graph":[{"@type":"WebPage","@id":"https:\/\/aktivservicecenter.dk\/aktiv-servicecenter\/ledige-stillinger\/","url":"https:\/\/aktivservicecenter.dk\/aktiv-servicecenter\/ledige-stillinger\/","name":"Ledige stillinger - Aktiv Servicecenter","isPartOf":{"@id":"https:\/\/aktivservicecenter.dk\/#website"},"primaryImageOfPage":{"@id":"https:\/\/aktivservicecenter.dk\/aktiv-servicecenter\/ledige-stillinger\/#primaryimage"},"image":{"@id":"https:\/\/aktivservicecenter.dk\/aktiv-servicecenter\/ledige-stillinger\/#primaryimage"},"thumbnailUrl":"https:\/\/aktivservicecenter.dk\/wp-content\/uploads\/pexels-jan-van-der-wolf-11680885-29158426-e1743421417659.webp","datePublished":"2026-02-26T11:39:48+00:00","dateModified":"2026-03-02T05:23:07+00:00","breadcrumb":{"@id":"https:\/\/aktivservicecenter.dk\/aktiv-servicecenter\/ledige-stillinger\/#breadcrumb"},"inLanguage":"sv-SE","potentialAction":[{"@type":"ReadAction","target":["https:\/\/aktivservicecenter.dk\/aktiv-servicecenter\/ledige-stillinger\/"]}]},{"@type":"ImageObject","inLanguage":"sv-SE","@id":"https:\/\/aktivservicecenter.dk\/aktiv-servicecenter\/ledige-stillinger\/#primaryimage","url":"https:\/\/aktivservicecenter.dk\/wp-content\/uploads\/pexels-jan-van-der-wolf-11680885-29158426-e1743421417659.webp","contentUrl":"https:\/\/aktivservicecenter.dk\/wp-content\/uploads\/pexels-jan-van-der-wolf-11680885-29158426-e1743421417659.webp"},{"@type":"BreadcrumbList","@id":"https:\/\/aktivservicecenter.dk\/aktiv-servicecenter\/ledige-stillinger\/#breadcrumb","itemListElement":[{"@type":"ListItem","position":1,"name":"Aktiv Servicecenter","item":"https:\/\/aktivservicecenter.dk\/aktiv-servicecenter\/"},{"@type":"ListItem","position":2,"name":"Ledige stillinger"}]},{"@type":"WebSite","@id":"https:\/\/aktivservicecenter.dk\/#website","url":"https:\/\/aktivservicecenter.dk\/","name":"Aktiv Servicecenter","description":"","publisher":{"@id":"https:\/\/aktivservicecenter.dk\/#organization"},"potentialAction":[{"@type":"SearchAction","target":{"@type":"EntryPoint","urlTemplate":"https:\/\/aktivservicecenter.dk\/?s={search_term_string}"},"query-input":{"@type":"PropertyValueSpecification","valueRequired":true,"valueName":"search_term_string"}}],"inLanguage":"sv-SE"},{"@type":"Organization","@id":"https:\/\/aktivservicecenter.dk\/#organization","name":"Aktiv Servicecenter","url":"https:\/\/aktivservicecenter.dk\/","logo":{"@type":"ImageObject","inLanguage":"sv-SE","@id":"https:\/\/aktivservicecenter.dk\/#\/schema\/logo\/image\/","url":"https:\/\/aktivservicecenter.dk\/wp-content\/uploads\/Aktiv-Service-Center_Logo_Rentegnet.png","contentUrl":"https:\/\/aktivservicecenter.dk\/wp-content\/uploads\/Aktiv-Service-Center_Logo_Rentegnet.png","width":1193,"height":570,"caption":"Aktiv Servicecenter"},"image":{"@id":"https:\/\/aktivservicecenter.dk\/#\/schema\/logo\/image\/"}}]}},"_links":{"self":[{"href":"https:\/\/aktivservicecenter.dk\/sv\/wp-json\/wp\/v2\/pages\/2864","targetHints":{"allow":["GET"]}}],"collection":[{"href":"https:\/\/aktivservicecenter.dk\/sv\/wp-json\/wp\/v2\/pages"}],"about":[{"href":"https:\/\/aktivservicecenter.dk\/sv\/wp-json\/wp\/v2\/types\/page"}],"author":[{"embeddable":true,"href":"https:\/\/aktivservicecenter.dk\/sv\/wp-json\/wp\/v2\/users\/2"}],"replies":[{"embeddable":true,"href":"https:\/\/aktivservicecenter.dk\/sv\/wp-json\/wp\/v2\/comments?post=2864"}],"version-history":[{"count":9,"href":"https:\/\/aktivservicecenter.dk\/sv\/wp-json\/wp\/v2\/pages\/2864\/revisions"}],"predecessor-version":[{"id":2872,"href":"https:\/\/aktivservicecenter.dk\/sv\/wp-json\/wp\/v2\/pages\/2864\/revisions\/2872"}],"up":[{"embeddable":true,"href":"https:\/\/aktivservicecenter.dk\/sv\/wp-json\/wp\/v2\/pages\/1064"}],"wp:attachment":[{"href":"https:\/\/aktivservicecenter.dk\/sv\/wp-json\/wp\/v2\/media?parent=2864"}],"curies":[{"name":"wp","href":"https:\/\/api.w.org\/{rel}","templated":true}]}}