{"id":1570,"date":"2025-03-28T14:45:35","date_gmt":"2025-03-28T13:45:35","guid":{"rendered":"https:\/\/aktivservicecenter.dk\/?page_id=1570"},"modified":"2025-04-30T11:13:08","modified_gmt":"2025-04-30T09:13:08","slug":"vores-vision","status":"publish","type":"page","link":"https:\/\/aktivservicecenter.dk\/sv\/aktiv-servicecenter\/vores-vision\/","title":{"rendered":"V\u00e5r vision"},"content":{"rendered":"<div data-elementor-type=\"wp-page\" data-elementor-id=\"1570\" class=\"elementor elementor-1570\" data-elementor-post-type=\"page\">\n\t\t\t\t<div class=\"elementor-element elementor-element-b8a8af3 e-flex e-con-boxed e-con e-parent\" data-id=\"b8a8af3\" data-element_type=\"container\" data-e-type=\"container\" data-settings=\"{&quot;background_background&quot;:&quot;classic&quot;}\">\n\t\t\t\t\t<div class=\"e-con-inner\">\n\t\t\t\t\t<\/div>\n\t\t\t\t<\/div>\n\t\t<div class=\"elementor-element elementor-element-37e0f99 e-flex e-con-boxed elementor-invisible e-con e-parent\" data-id=\"37e0f99\" data-element_type=\"container\" data-e-type=\"container\" data-settings=\"{&quot;animation&quot;:&quot;fadeInUp&quot;,&quot;animation_delay&quot;:300}\">\n\t\t\t\t\t<div class=\"e-con-inner\">\n\t\t<div class=\"elementor-element elementor-element-b6c87bc e-con-full e-flex e-con e-child\" data-id=\"b6c87bc\" data-element_type=\"container\" data-e-type=\"container\">\n\t\t<div class=\"elementor-element elementor-element-cbe9029 e-con-full e-flex e-con e-child\" data-id=\"cbe9029\" data-element_type=\"container\" data-e-type=\"container\" data-settings=\"{&quot;background_background&quot;:&quot;classic&quot;}\">\n\t\t<div class=\"elementor-element elementor-element-8f6bade e-con-full e-flex e-con e-child\" data-id=\"8f6bade\" data-element_type=\"container\" data-e-type=\"container\">\n\t\t\t\t<div class=\"elementor-element elementor-element-54c0d62 elementor-widget elementor-widget-heading\" data-id=\"54c0d62\" data-element_type=\"widget\" data-e-type=\"widget\" data-widget_type=\"heading.default\">\n\t\t\t\t<div class=\"elementor-widget-container\">\n\t\t\t\t\t<h2 class=\"elementor-heading-title elementor-size-default\">Ansvarsfull kundservice<\/h2>\t\t\t\t<\/div>\n\t\t\t\t<\/div>\n\t\t\t\t<div class=\"elementor-element elementor-element-baddfcc elementor-widget elementor-widget-text-editor\" data-id=\"baddfcc\" data-element_type=\"widget\" data-e-type=\"widget\" data-widget_type=\"text-editor.default\">\n\t\t\t\t<div class=\"elementor-widget-container\">\n\t\t\t\t\t\t\t\t\t<p>Hos Aktiv ServiceCenter forener vi professionel telefonisk kundeservice med et st\u00e6rkt socialt ansvar. Vi tilbyder fleksible servicel\u00f8sninger, der garanterer h\u00f8j kundetilfredshed, samtidig med at vi \u00e5bner d\u00f8rene til arbejdsmarkedet for mennesker med nedsat arbejdsevne, s\u00e5 flere kan f\u00e5 mulighed for at udleve deres potentiale.<\/p><p>Vi \u00e4r den kvalitetsmedvetna servicepartnern f\u00f6r sm\u00e5 och medelstora f\u00f6retag i hela Skandinavien. V\u00e5r service skapar inte bara f\u00f6rstklassiga kundupplevelser, utan fr\u00e4mjar ocks\u00e5 inkludering och social h\u00e5llbarhet i n\u00e4ringslivet.<\/p>\t\t\t\t\t\t\t\t<\/div>\n\t\t\t\t<\/div>\n\t\t\t\t<\/div>\n\t\t<div class=\"elementor-element elementor-element-77b0e33 e-con-full e-flex e-con e-child\" data-id=\"77b0e33\" data-element_type=\"container\" data-e-type=\"container\">\n\t\t\t\t<div class=\"elementor-element elementor-element-145a67b elementor-widget elementor-widget-heading\" data-id=\"145a67b\" data-element_type=\"widget\" data-e-type=\"widget\" data-widget_type=\"heading.default\">\n\t\t\t\t<div class=\"elementor-widget-container\">\n\t\t\t\t\t<h4 class=\"elementor-heading-title elementor-size-default\">ESG i praktiken \u2013 en h\u00e5llbar arbetsstyrka <\/h4>\t\t\t\t<\/div>\n\t\t\t\t<\/div>\n\t\t\t\t<div class=\"elementor-element elementor-element-7e65f47 elementor-widget elementor-widget-text-editor\" data-id=\"7e65f47\" data-element_type=\"widget\" data-e-type=\"widget\" data-widget_type=\"text-editor.default\">\n\t\t\t\t<div class=\"elementor-widget-container\">\n\t\t\t\t\t\t\t\t\t<p>Social h\u00e5llbarhet \u00e4r en central del av v\u00e5r aff\u00e4rsmodell p\u00e5 Aktiv ServiceCenter. N\u00e4r du samarbetar med oss f\u00e5r du inte bara en erfaren och kompetent kundserviceleverant\u00f6r \u2013 du blir ocks\u00e5 en viktig akt\u00f6r i att skapa en mer inkluderande och h\u00e5llbar arbetsmarknad.<\/p><p>V\u00e5ra medarbetare blir en v\u00e4rdefull del av din kundservice, och genom v\u00e5rt samarbete hj\u00e4lper du personer med nedsatt arbetsf\u00f6rm\u00e5ga att utvecklas och blomstra i meningsfulla arbeten.<\/p>\t\t\t\t\t\t\t\t<\/div>\n\t\t\t\t<\/div>\n\t\t\t\t<\/div>\n\t\t\t\t<div class=\"elementor-element elementor-element-5c8f989 elementor-widget elementor-widget-button\" data-id=\"5c8f989\" data-element_type=\"widget\" data-e-type=\"widget\" data-widget_type=\"button.default\">\n\t\t\t\t<div class=\"elementor-widget-container\">\n\t\t\t\t\t\t\t\t\t<div class=\"elementor-button-wrapper\">\n\t\t\t\t\t<a class=\"elementor-button elementor-button-link elementor-size-sm elementor-animation-shrink\" href=\"https:\/\/aktivservicecenter.dk\/sv\/aktiv-servicecenter\/medarbejdere\/\">\n\t\t\t\t\t\t<span class=\"elementor-button-content-wrapper\">\n\t\t\t\t\t\t\t\t\t<span class=\"elementor-button-text\">L\u00e4s mer om v\u00e5ra medarbetare h\u00e4r<\/span>\n\t\t\t\t\t<\/span>\n\t\t\t\t\t<\/a>\n\t\t\t\t<\/div>\n\t\t\t\t\t\t\t\t<\/div>\n\t\t\t\t<\/div>\n\t\t\t\t<\/div>\n\t\t<div class=\"elementor-element elementor-element-5939b9b e-con-full e-flex e-con e-child\" data-id=\"5939b9b\" data-element_type=\"container\" data-e-type=\"container\" data-settings=\"{&quot;background_background&quot;:&quot;classic&quot;}\">\n\t\t\t\t<div class=\"elementor-element elementor-element-dfa1c05 elementor-widget elementor-widget-heading\" data-id=\"dfa1c05\" data-element_type=\"widget\" data-e-type=\"widget\" data-widget_type=\"heading.default\">\n\t\t\t\t<div class=\"elementor-widget-container\">\n\t\t\t\t\t<h2 class=\"elementor-heading-title elementor-size-default\">\"Aktiv ServiceCenter gav mig m\u00f6jligheten att komma tillbaka till arbetsmarknaden.\"<\/h2>\t\t\t\t<\/div>\n\t\t\t\t<\/div>\n\t\t\t\t<\/div>\n\t\t\t\t<\/div>\n\t\t<div class=\"elementor-element elementor-element-dc45c8b e-con-full e-flex e-con e-child\" data-id=\"dc45c8b\" data-element_type=\"container\" data-e-type=\"container\">\n\t\t\t\t<div class=\"elementor-element elementor-element-d263bc1 elementor-widget elementor-widget-image\" data-id=\"d263bc1\" data-element_type=\"widget\" data-e-type=\"widget\" data-widget_type=\"image.default\">\n\t\t\t\t<div class=\"elementor-widget-container\">\n\t\t\t\t\t\t\t\t\t\t\t\t\t\t\t<img fetchpriority=\"high\" decoding=\"async\" width=\"2048\" height=\"1281\" src=\"https:\/\/aktivservicecenter.dk\/wp-content\/uploads\/12.webp\" class=\"attachment-full size-full wp-image-1597\" alt=\"\" srcset=\"https:\/\/aktivservicecenter.dk\/wp-content\/uploads\/12.webp 2048w, https:\/\/aktivservicecenter.dk\/wp-content\/uploads\/12-300x188.webp 300w, https:\/\/aktivservicecenter.dk\/wp-content\/uploads\/12-1024x641.webp 1024w, https:\/\/aktivservicecenter.dk\/wp-content\/uploads\/12-768x480.webp 768w, https:\/\/aktivservicecenter.dk\/wp-content\/uploads\/12-1536x961.webp 1536w\" sizes=\"(max-width: 2048px) 100vw, 2048px\" \/>\t\t\t\t\t\t\t\t\t\t\t\t\t\t\t<\/div>\n\t\t\t\t<\/div>\n\t\t<div class=\"elementor-element elementor-element-84dab31 e-con-full e-flex e-con e-child\" data-id=\"84dab31\" data-element_type=\"container\" data-e-type=\"container\" data-settings=\"{&quot;background_background&quot;:&quot;classic&quot;}\">\n\t\t\t\t<div class=\"elementor-element elementor-element-bbdad8c elementor-widget elementor-widget-heading\" data-id=\"bbdad8c\" data-element_type=\"widget\" data-e-type=\"widget\" data-widget_type=\"heading.default\">\n\t\t\t\t<div class=\"elementor-widget-container\">\n\t\t\t\t\t<h2 class=\"elementor-heading-title elementor-size-default\">Mer \u00e4n bara service <\/h2>\t\t\t\t<\/div>\n\t\t\t\t<\/div>\n\t\t\t\t<div class=\"elementor-element elementor-element-15b751e elementor-widget elementor-widget-text-editor\" data-id=\"15b751e\" data-element_type=\"widget\" data-e-type=\"widget\" data-widget_type=\"text-editor.default\">\n\t\t\t\t<div class=\"elementor-widget-container\">\n\t\t\t\t\t\t\t\t\t<p>P\u00e5 Aktiv ServiceCenter st\u00e5r kvalitet och professionalism i centrum f\u00f6r allt vi g\u00f6r.\nV\u00e5ra medarbetare \u00e4r specialister p\u00e5 kundservice, kommunikation och kundupplevelse \u2013 och ser till att varje kundkontakt blir professionell och v\u00e4lkomnande.<\/p><p>Vi vet att inget f\u00f6retag \u00e4r det andra likt. D\u00e4rf\u00f6r samarbetar vi n\u00e4ra med v\u00e5ra kunder f\u00f6r att f\u00f6rst\u00e5 deras unika behov och skapa skr\u00e4ddarsydda l\u00f6sningar som s\u00e4kerst\u00e4ller en konsekvent och v\u00e4rderingsdriven kundupplevelse.<\/p><p>Med v\u00e5r expertis och v\u00e5ra anpassade l\u00f6sningar hj\u00e4lper vi ditt f\u00f6retag att leverera service i toppklass \u2013 varje g\u00e5ng.<\/p>\t\t\t\t\t\t\t\t<\/div>\n\t\t\t\t<\/div>\n\t\t\t\t<div class=\"elementor-element elementor-element-ca15143 elementor-widget elementor-widget-button\" data-id=\"ca15143\" data-element_type=\"widget\" data-e-type=\"widget\" data-widget_type=\"button.default\">\n\t\t\t\t<div class=\"elementor-widget-container\">\n\t\t\t\t\t\t\t\t\t<div class=\"elementor-button-wrapper\">\n\t\t\t\t\t<a class=\"elementor-button elementor-button-link elementor-size-sm elementor-animation-shrink\" href=\"https:\/\/aktivservicecenter.dk\/sv\/serviceloesninger\/\">\n\t\t\t\t\t\t<span class=\"elementor-button-content-wrapper\">\n\t\t\t\t\t\t\t\t\t<span class=\"elementor-button-text\">L\u00e4s mer om v\u00e5ra servicel\u00f6sningar h\u00e4r<\/span>\n\t\t\t\t\t<\/span>\n\t\t\t\t\t<\/a>\n\t\t\t\t<\/div>\n\t\t\t\t\t\t\t\t<\/div>\n\t\t\t\t<\/div>\n\t\t\t\t<\/div>\n\t\t\t\t<\/div>\n\t\t\t\t\t<\/div>\n\t\t\t\t<\/div>\n\t\t\t\t<\/div>","protected":false},"excerpt":{"rendered":"<p>Ansvarlig kundeservice Hos Aktiv ServiceCenter forener vi professionel telefonisk kundeservice med et st\u00e6rkt socialt ansvar. Vi tilbyder fleksible servicel\u00f8sninger, der garanterer h\u00f8j kundetilfredshed, samtidig med at vi \u00e5bner d\u00f8rene til arbejdsmarkedet for mennesker med nedsat arbejdsevne, s\u00e5 flere kan f\u00e5 mulighed for at udleve deres potentiale. Vi er den kvalitetsbevidste samarbejdspartner for b\u00e5de sm\u00e5 og [&hellip;]<\/p>\n","protected":false},"author":1,"featured_media":0,"parent":1064,"menu_order":0,"comment_status":"closed","ping_status":"closed","template":"","meta":{"footnotes":""},"class_list":["post-1570","page","type-page","status-publish","hentry"],"yoast_head":"<!-- This site is optimized with the Yoast SEO plugin v27.5 - https:\/\/yoast.com\/product\/yoast-seo-wordpress\/ -->\n<title>Vores vision - Aktiv Servicecenter<\/title>\n<meta name=\"robots\" content=\"index, follow, max-snippet:-1, max-image-preview:large, max-video-preview:-1\" \/>\n<link rel=\"canonical\" href=\"https:\/\/aktivservicecenter.dk\/sv\/aktiv-servicecenter\/vores-vision\/\" \/>\n<meta property=\"og:locale\" content=\"sv_SE\" \/>\n<meta property=\"og:type\" content=\"article\" \/>\n<meta property=\"og:title\" content=\"Vores vision - Aktiv Servicecenter\" \/>\n<meta property=\"og:description\" content=\"Ansvarlig kundeservice Hos Aktiv ServiceCenter forener vi professionel telefonisk kundeservice med et st\u00e6rkt socialt ansvar. Vi tilbyder fleksible servicel\u00f8sninger, der garanterer h\u00f8j kundetilfredshed, samtidig med at vi \u00e5bner d\u00f8rene til arbejdsmarkedet for mennesker med nedsat arbejdsevne, s\u00e5 flere kan f\u00e5 mulighed for at udleve deres potentiale. Vi er den kvalitetsbevidste samarbejdspartner for b\u00e5de sm\u00e5 og [&hellip;]\" \/>\n<meta property=\"og:url\" content=\"https:\/\/aktivservicecenter.dk\/sv\/aktiv-servicecenter\/vores-vision\/\" \/>\n<meta property=\"og:site_name\" content=\"Aktiv Servicecenter\" \/>\n<meta property=\"article:modified_time\" content=\"2025-04-30T09:13:08+00:00\" \/>\n<meta property=\"og:image\" content=\"https:\/\/aktivservicecenter.dk\/wp-content\/uploads\/12.webp\" \/>\n\t<meta property=\"og:image:width\" content=\"2048\" \/>\n\t<meta property=\"og:image:height\" content=\"1281\" \/>\n\t<meta property=\"og:image:type\" content=\"image\/webp\" \/>\n<meta name=\"twitter:card\" content=\"summary_large_image\" \/>\n<meta name=\"twitter:label1\" content=\"Ber\u00e4knad l\u00e4stid\" \/>\n\t<meta name=\"twitter:data1\" content=\"2 minuter\" \/>\n<script type=\"application\/ld+json\" class=\"yoast-schema-graph\">{\"@context\":\"https:\\\/\\\/schema.org\",\"@graph\":[{\"@type\":\"WebPage\",\"@id\":\"https:\\\/\\\/aktivservicecenter.dk\\\/aktiv-servicecenter\\\/vores-vision\\\/\",\"url\":\"https:\\\/\\\/aktivservicecenter.dk\\\/aktiv-servicecenter\\\/vores-vision\\\/\",\"name\":\"Vores vision - Aktiv Servicecenter\",\"isPartOf\":{\"@id\":\"https:\\\/\\\/aktivservicecenter.dk\\\/#website\"},\"primaryImageOfPage\":{\"@id\":\"https:\\\/\\\/aktivservicecenter.dk\\\/aktiv-servicecenter\\\/vores-vision\\\/#primaryimage\"},\"image\":{\"@id\":\"https:\\\/\\\/aktivservicecenter.dk\\\/aktiv-servicecenter\\\/vores-vision\\\/#primaryimage\"},\"thumbnailUrl\":\"https:\\\/\\\/aktivservicecenter.dk\\\/wp-content\\\/uploads\\\/12.webp\",\"datePublished\":\"2025-03-28T13:45:35+00:00\",\"dateModified\":\"2025-04-30T09:13:08+00:00\",\"breadcrumb\":{\"@id\":\"https:\\\/\\\/aktivservicecenter.dk\\\/aktiv-servicecenter\\\/vores-vision\\\/#breadcrumb\"},\"inLanguage\":\"sv-SE\",\"potentialAction\":[{\"@type\":\"ReadAction\",\"target\":[\"https:\\\/\\\/aktivservicecenter.dk\\\/aktiv-servicecenter\\\/vores-vision\\\/\"]}]},{\"@type\":\"ImageObject\",\"inLanguage\":\"sv-SE\",\"@id\":\"https:\\\/\\\/aktivservicecenter.dk\\\/aktiv-servicecenter\\\/vores-vision\\\/#primaryimage\",\"url\":\"https:\\\/\\\/aktivservicecenter.dk\\\/wp-content\\\/uploads\\\/12.webp\",\"contentUrl\":\"https:\\\/\\\/aktivservicecenter.dk\\\/wp-content\\\/uploads\\\/12.webp\"},{\"@type\":\"BreadcrumbList\",\"@id\":\"https:\\\/\\\/aktivservicecenter.dk\\\/aktiv-servicecenter\\\/vores-vision\\\/#breadcrumb\",\"itemListElement\":[{\"@type\":\"ListItem\",\"position\":1,\"name\":\"Aktiv Servicecenter\",\"item\":\"https:\\\/\\\/aktivservicecenter.dk\\\/aktiv-servicecenter\\\/\"},{\"@type\":\"ListItem\",\"position\":2,\"name\":\"Vores vision\"}]},{\"@type\":\"WebSite\",\"@id\":\"https:\\\/\\\/aktivservicecenter.dk\\\/#website\",\"url\":\"https:\\\/\\\/aktivservicecenter.dk\\\/\",\"name\":\"Aktiv Servicecenter\",\"description\":\"\",\"publisher\":{\"@id\":\"https:\\\/\\\/aktivservicecenter.dk\\\/#organization\"},\"potentialAction\":[{\"@type\":\"SearchAction\",\"target\":{\"@type\":\"EntryPoint\",\"urlTemplate\":\"https:\\\/\\\/aktivservicecenter.dk\\\/?s={search_term_string}\"},\"query-input\":{\"@type\":\"PropertyValueSpecification\",\"valueRequired\":true,\"valueName\":\"search_term_string\"}}],\"inLanguage\":\"sv-SE\"},{\"@type\":\"Organization\",\"@id\":\"https:\\\/\\\/aktivservicecenter.dk\\\/#organization\",\"name\":\"Aktiv Servicecenter\",\"url\":\"https:\\\/\\\/aktivservicecenter.dk\\\/\",\"logo\":{\"@type\":\"ImageObject\",\"inLanguage\":\"sv-SE\",\"@id\":\"https:\\\/\\\/aktivservicecenter.dk\\\/#\\\/schema\\\/logo\\\/image\\\/\",\"url\":\"https:\\\/\\\/aktivservicecenter.dk\\\/wp-content\\\/uploads\\\/Aktiv-Service-Center_Logo_Rentegnet.png\",\"contentUrl\":\"https:\\\/\\\/aktivservicecenter.dk\\\/wp-content\\\/uploads\\\/Aktiv-Service-Center_Logo_Rentegnet.png\",\"width\":1193,\"height\":570,\"caption\":\"Aktiv Servicecenter\"},\"image\":{\"@id\":\"https:\\\/\\\/aktivservicecenter.dk\\\/#\\\/schema\\\/logo\\\/image\\\/\"}}]}<\/script>\n<!-- \/ Yoast SEO plugin. -->","yoast_head_json":{"title":"Vores vision - Aktiv Servicecenter","robots":{"index":"index","follow":"follow","max-snippet":"max-snippet:-1","max-image-preview":"max-image-preview:large","max-video-preview":"max-video-preview:-1"},"canonical":"https:\/\/aktivservicecenter.dk\/sv\/aktiv-servicecenter\/vores-vision\/","og_locale":"sv_SE","og_type":"article","og_title":"Vores vision - Aktiv Servicecenter","og_description":"Ansvarlig kundeservice Hos Aktiv ServiceCenter forener vi professionel telefonisk kundeservice med et st\u00e6rkt socialt ansvar. Vi tilbyder fleksible servicel\u00f8sninger, der garanterer h\u00f8j kundetilfredshed, samtidig med at vi \u00e5bner d\u00f8rene til arbejdsmarkedet for mennesker med nedsat arbejdsevne, s\u00e5 flere kan f\u00e5 mulighed for at udleve deres potentiale. Vi er den kvalitetsbevidste samarbejdspartner for b\u00e5de sm\u00e5 og [&hellip;]","og_url":"https:\/\/aktivservicecenter.dk\/sv\/aktiv-servicecenter\/vores-vision\/","og_site_name":"Aktiv Servicecenter","article_modified_time":"2025-04-30T09:13:08+00:00","og_image":[{"width":2048,"height":1281,"url":"https:\/\/aktivservicecenter.dk\/wp-content\/uploads\/12.webp","type":"image\/webp"}],"twitter_card":"summary_large_image","twitter_misc":{"Ber\u00e4knad l\u00e4stid":"2 minuter"},"schema":{"@context":"https:\/\/schema.org","@graph":[{"@type":"WebPage","@id":"https:\/\/aktivservicecenter.dk\/aktiv-servicecenter\/vores-vision\/","url":"https:\/\/aktivservicecenter.dk\/aktiv-servicecenter\/vores-vision\/","name":"Vores vision - Aktiv Servicecenter","isPartOf":{"@id":"https:\/\/aktivservicecenter.dk\/#website"},"primaryImageOfPage":{"@id":"https:\/\/aktivservicecenter.dk\/aktiv-servicecenter\/vores-vision\/#primaryimage"},"image":{"@id":"https:\/\/aktivservicecenter.dk\/aktiv-servicecenter\/vores-vision\/#primaryimage"},"thumbnailUrl":"https:\/\/aktivservicecenter.dk\/wp-content\/uploads\/12.webp","datePublished":"2025-03-28T13:45:35+00:00","dateModified":"2025-04-30T09:13:08+00:00","breadcrumb":{"@id":"https:\/\/aktivservicecenter.dk\/aktiv-servicecenter\/vores-vision\/#breadcrumb"},"inLanguage":"sv-SE","potentialAction":[{"@type":"ReadAction","target":["https:\/\/aktivservicecenter.dk\/aktiv-servicecenter\/vores-vision\/"]}]},{"@type":"ImageObject","inLanguage":"sv-SE","@id":"https:\/\/aktivservicecenter.dk\/aktiv-servicecenter\/vores-vision\/#primaryimage","url":"https:\/\/aktivservicecenter.dk\/wp-content\/uploads\/12.webp","contentUrl":"https:\/\/aktivservicecenter.dk\/wp-content\/uploads\/12.webp"},{"@type":"BreadcrumbList","@id":"https:\/\/aktivservicecenter.dk\/aktiv-servicecenter\/vores-vision\/#breadcrumb","itemListElement":[{"@type":"ListItem","position":1,"name":"Aktiv Servicecenter","item":"https:\/\/aktivservicecenter.dk\/aktiv-servicecenter\/"},{"@type":"ListItem","position":2,"name":"Vores vision"}]},{"@type":"WebSite","@id":"https:\/\/aktivservicecenter.dk\/#website","url":"https:\/\/aktivservicecenter.dk\/","name":"Aktiv Servicecenter","description":"","publisher":{"@id":"https:\/\/aktivservicecenter.dk\/#organization"},"potentialAction":[{"@type":"SearchAction","target":{"@type":"EntryPoint","urlTemplate":"https:\/\/aktivservicecenter.dk\/?s={search_term_string}"},"query-input":{"@type":"PropertyValueSpecification","valueRequired":true,"valueName":"search_term_string"}}],"inLanguage":"sv-SE"},{"@type":"Organization","@id":"https:\/\/aktivservicecenter.dk\/#organization","name":"Aktiv Servicecenter","url":"https:\/\/aktivservicecenter.dk\/","logo":{"@type":"ImageObject","inLanguage":"sv-SE","@id":"https:\/\/aktivservicecenter.dk\/#\/schema\/logo\/image\/","url":"https:\/\/aktivservicecenter.dk\/wp-content\/uploads\/Aktiv-Service-Center_Logo_Rentegnet.png","contentUrl":"https:\/\/aktivservicecenter.dk\/wp-content\/uploads\/Aktiv-Service-Center_Logo_Rentegnet.png","width":1193,"height":570,"caption":"Aktiv Servicecenter"},"image":{"@id":"https:\/\/aktivservicecenter.dk\/#\/schema\/logo\/image\/"}}]}},"_links":{"self":[{"href":"https:\/\/aktivservicecenter.dk\/sv\/wp-json\/wp\/v2\/pages\/1570","targetHints":{"allow":["GET"]}}],"collection":[{"href":"https:\/\/aktivservicecenter.dk\/sv\/wp-json\/wp\/v2\/pages"}],"about":[{"href":"https:\/\/aktivservicecenter.dk\/sv\/wp-json\/wp\/v2\/types\/page"}],"author":[{"embeddable":true,"href":"https:\/\/aktivservicecenter.dk\/sv\/wp-json\/wp\/v2\/users\/1"}],"replies":[{"embeddable":true,"href":"https:\/\/aktivservicecenter.dk\/sv\/wp-json\/wp\/v2\/comments?post=1570"}],"version-history":[{"count":20,"href":"https:\/\/aktivservicecenter.dk\/sv\/wp-json\/wp\/v2\/pages\/1570\/revisions"}],"predecessor-version":[{"id":2824,"href":"https:\/\/aktivservicecenter.dk\/sv\/wp-json\/wp\/v2\/pages\/1570\/revisions\/2824"}],"up":[{"embeddable":true,"href":"https:\/\/aktivservicecenter.dk\/sv\/wp-json\/wp\/v2\/pages\/1064"}],"wp:attachment":[{"href":"https:\/\/aktivservicecenter.dk\/sv\/wp-json\/wp\/v2\/media?parent=1570"}],"curies":[{"name":"wp","href":"https:\/\/api.w.org\/{rel}","templated":true}]}}