{"id":1566,"date":"2025-03-28T14:45:12","date_gmt":"2025-03-28T13:45:12","guid":{"rendered":"https:\/\/aktivservicecenter.dk\/?page_id=1566"},"modified":"2025-04-30T11:37:51","modified_gmt":"2025-04-30T09:37:51","slug":"referencer","status":"publish","type":"page","link":"https:\/\/aktivservicecenter.dk\/sv\/referencer\/","title":{"rendered":"Referenser"},"content":{"rendered":"<div data-elementor-type=\"wp-page\" data-elementor-id=\"1566\" class=\"elementor elementor-1566\" data-elementor-post-type=\"page\">\n\t\t\t\t<div class=\"elementor-element elementor-element-3f3d609 e-flex e-con-boxed e-con e-parent\" data-id=\"3f3d609\" data-element_type=\"container\" data-e-type=\"container\" data-settings=\"{&quot;background_background&quot;:&quot;classic&quot;}\">\n\t\t\t\t\t<div class=\"e-con-inner\">\n\t\t\t\t\t<\/div>\n\t\t\t\t<\/div>\n\t\t<div class=\"elementor-element elementor-element-953dd89 e-flex e-con-boxed elementor-invisible e-con e-parent\" data-id=\"953dd89\" data-element_type=\"container\" data-e-type=\"container\" data-settings=\"{&quot;animation&quot;:&quot;fadeInUp&quot;,&quot;animation_delay&quot;:300}\">\n\t\t\t\t\t<div class=\"e-con-inner\">\n\t\t<div class=\"elementor-element elementor-element-e4b3ce1 e-con-full e-flex e-con e-child\" data-id=\"e4b3ce1\" data-element_type=\"container\" data-e-type=\"container\">\n\t\t<div class=\"elementor-element elementor-element-b607178 e-con-full e-flex e-con e-child\" data-id=\"b607178\" data-element_type=\"container\" data-e-type=\"container\" data-settings=\"{&quot;background_background&quot;:&quot;classic&quot;}\">\n\t\t<div class=\"elementor-element elementor-element-c83ed13 e-con-full e-flex e-con e-child\" data-id=\"c83ed13\" data-element_type=\"container\" data-e-type=\"container\">\n\t\t\t\t<div class=\"elementor-element elementor-element-2c1ddea elementor-widget elementor-widget-heading\" data-id=\"2c1ddea\" data-element_type=\"widget\" data-e-type=\"widget\" data-widget_type=\"heading.default\">\n\t\t\t\t<div class=\"elementor-widget-container\">\n\t\t\t\t\t<h2 class=\"elementor-heading-title elementor-size-default\">En imponerande framg\u00e5ng!\n\n\n\n\n\n\n\n<\/h2>\t\t\t\t<\/div>\n\t\t\t\t<\/div>\n\t\t\t\t<div class=\"elementor-element elementor-element-daeb153 elementor-widget elementor-widget-text-editor\" data-id=\"daeb153\" data-element_type=\"widget\" data-e-type=\"widget\" data-widget_type=\"text-editor.default\">\n\t\t\t\t<div class=\"elementor-widget-container\">\n\t\t\t\t\t\t\t\t\t<p>P\u00e5 Aktiv ServiceCenter \u00e4r vi stolta \u00f6ver att ha hj\u00e4lpt b\u00e5de sm\u00e5 och stora f\u00f6retag att optimera sin kundkontakt och skapa effektiva serviceupplevelser. L\u00e4s n\u00e5gra av v\u00e5ra kunders uttalanden h\u00e4r:<\/p>\t\t\t\t\t\t\t\t<\/div>\n\t\t\t\t<\/div>\n\t\t\t\t<\/div>\n\t\t<div class=\"elementor-element elementor-element-68b7ef0 e-con-full e-flex e-con e-child\" data-id=\"68b7ef0\" data-element_type=\"container\" data-e-type=\"container\">\n\t\t\t\t<div class=\"elementor-element elementor-element-1213037 elementor-widget elementor-widget-heading\" data-id=\"1213037\" data-element_type=\"widget\" data-e-type=\"widget\" data-widget_type=\"heading.default\">\n\t\t\t\t<div class=\"elementor-widget-container\">\n\t\t\t\t\t<h4 class=\"elementor-heading-title elementor-size-default\">J\u00f8rgen Kristensen, Regional After Sales Manager, Europe North, GARDENA, ber\u00e4ttar:  <\/h4>\t\t\t\t<\/div>\n\t\t\t\t<\/div>\n\t\t\t\t<div class=\"elementor-element elementor-element-5742c45 elementor-widget elementor-widget-text-editor\" data-id=\"5742c45\" data-element_type=\"widget\" data-e-type=\"widget\" data-widget_type=\"text-editor.default\">\n\t\t\t\t<div class=\"elementor-widget-container\">\n\t\t\t\t\t\t\t\t\t<p><em>&#8220;Vi havde behov for at udlicitere vores kundeservice, men m\u00e6ngden af opkald og s\u00e6sonudsving gjorde det sv\u00e6rt at benytte et traditionelt callcenter. Aktiv ServiceCenter tilb\u00f8d en fleksibel l\u00f8sning med dedikerede medarbejdere, der hurtigt satte sig ind i vores produkter og vores kunders behov. I 2019 blev 73% af alle henvendelser l\u00f8st direkte af teamet hos Aktiv ServiceCenter \u2013 en imponerende succes. Medarbejderne er l\u00e6renemme, engagerede og skaber stor v\u00e6rdi for b\u00e5de os og vores kunder.&#8221;<\/em><\/p><p>J\u00f8rgen lyfter s\u00e4rskilt fram flexibiliteten och professionaliteten i samarbetet, samt den positiva effekten av att st\u00f6tta personer i att \u00e5terv\u00e4nda till arbetslivet:<\/p><p><em>&#8220;Det er fantastisk at opleve medarbejdernes engagement og gl\u00e6de ved arbejdet. Aktiv ServiceCenter er en st\u00e6rk samarbejdspartner, som vi varmt kan anbefale til andre.&#8221; <\/em><\/p>\t\t\t\t\t\t\t\t<\/div>\n\t\t\t\t<\/div>\n\t\t\t\t<\/div>\n\t\t\t\t<\/div>\n\t\t\t\t<div class=\"elementor-element elementor-element-a526750 elementor-widget elementor-widget-image\" data-id=\"a526750\" data-element_type=\"widget\" data-e-type=\"widget\" data-widget_type=\"image.default\">\n\t\t\t\t<div class=\"elementor-widget-container\">\n\t\t\t\t\t\t\t\t\t\t\t\t\t\t\t<img fetchpriority=\"high\" decoding=\"async\" width=\"2048\" height=\"1677\" src=\"https:\/\/aktivservicecenter.dk\/wp-content\/uploads\/pexels-sora-shimazaki-5668859-scaled.jpg\" class=\"attachment-full size-full wp-image-2692\" alt=\"\" srcset=\"https:\/\/aktivservicecenter.dk\/wp-content\/uploads\/pexels-sora-shimazaki-5668859-scaled.jpg 2048w, https:\/\/aktivservicecenter.dk\/wp-content\/uploads\/pexels-sora-shimazaki-5668859-300x246.jpg 300w, https:\/\/aktivservicecenter.dk\/wp-content\/uploads\/pexels-sora-shimazaki-5668859-1024x838.jpg 1024w, https:\/\/aktivservicecenter.dk\/wp-content\/uploads\/pexels-sora-shimazaki-5668859-768x629.jpg 768w, https:\/\/aktivservicecenter.dk\/wp-content\/uploads\/pexels-sora-shimazaki-5668859-1536x1258.jpg 1536w, https:\/\/aktivservicecenter.dk\/wp-content\/uploads\/pexels-sora-shimazaki-5668859-15x12.jpg 15w\" sizes=\"(max-width: 2048px) 100vw, 2048px\" \/>\t\t\t\t\t\t\t\t\t\t\t\t\t\t\t<\/div>\n\t\t\t\t<\/div>\n\t\t<div class=\"elementor-element elementor-element-15f4ee4 e-con-full e-flex e-con e-child\" data-id=\"15f4ee4\" data-element_type=\"container\" data-e-type=\"container\" data-settings=\"{&quot;background_background&quot;:&quot;classic&quot;}\">\n\t\t\t\t<div class=\"elementor-element elementor-element-a5f6679 elementor-widget elementor-widget-heading\" data-id=\"a5f6679\" data-element_type=\"widget\" data-e-type=\"widget\" data-widget_type=\"heading.default\">\n\t\t\t\t<div class=\"elementor-widget-container\">\n\t\t\t\t\t<h2 class=\"elementor-heading-title elementor-size-default\">Varf\u00f6r v\u00e4lja Aktiv ServiceCenter? <\/h2>\t\t\t\t<\/div>\n\t\t\t\t<\/div>\n\t\t\t\t<div class=\"elementor-element elementor-element-a385de2 list-container elementor-widget elementor-widget-text-editor\" data-id=\"a385de2\" data-element_type=\"widget\" data-e-type=\"widget\" data-widget_type=\"text-editor.default\">\n\t\t\t\t<div class=\"elementor-widget-container\">\n\t\t\t\t\t\t\t\t\t<p>V\u00e5ra kunder framh\u00e5ller s\u00e4rskilt v\u00e5r:<\/p><ul><li><strong>H\u00f6ga kompetens:<\/strong> V\u00e5ra medarbetare \u00e4r v\u00e4lutbildade inom kundbem\u00f6tande och kommunikation.<\/li><li><strong>Flexibilitet:<\/strong> Vi anpassar v\u00e5ra l\u00f6sningar efter s\u00e4songsvariationer och aff\u00e4rsbehov.<\/li><li><strong>Socialt ansvar<\/strong> Vi bidrar aktivt till att skapa en inkluderande arbetsmarknad.<\/li><\/ul>\t\t\t\t\t\t\t\t<\/div>\n\t\t\t\t<\/div>\n\t\t\t\t<div class=\"elementor-element elementor-element-560aa2a elementor-widget elementor-widget-text-editor\" data-id=\"560aa2a\" data-element_type=\"widget\" data-e-type=\"widget\" data-widget_type=\"text-editor.default\">\n\t\t\t\t<div class=\"elementor-widget-container\">\n\t\t\t\t\t\t\t\t\t<p>Vill du veta mer om hur vi kan optimera din kundservice?\nKontakta oss g\u00e4rna f\u00f6r ett f\u00f6ruts\u00e4ttningsl\u00f6st samtal om ditt f\u00f6retags behov.<\/p>\t\t\t\t\t\t\t\t<\/div>\n\t\t\t\t<\/div>\n\t\t\t\t<div class=\"elementor-element elementor-element-78819fc elementor-widget elementor-widget-button\" data-id=\"78819fc\" data-element_type=\"widget\" data-e-type=\"widget\" data-widget_type=\"button.default\">\n\t\t\t\t<div class=\"elementor-widget-container\">\n\t\t\t\t\t\t\t\t\t<div class=\"elementor-button-wrapper\">\n\t\t\t\t\t<a class=\"elementor-button elementor-button-link elementor-size-sm elementor-animation-shrink\" href=\"https:\/\/aktivservicecenter.dk\/sv\/kontakt\/\">\n\t\t\t\t\t\t<span class=\"elementor-button-content-wrapper\">\n\t\t\t\t\t\t\t\t\t<span class=\"elementor-button-text\">Kontakta oss f\u00f6r ett kostnadsfritt erbjudande<\/span>\n\t\t\t\t\t<\/span>\n\t\t\t\t\t<\/a>\n\t\t\t\t<\/div>\n\t\t\t\t\t\t\t\t<\/div>\n\t\t\t\t<\/div>\n\t\t\t\t<\/div>\n\t\t\t\t<\/div>\n\t\t<div class=\"elementor-element elementor-element-80298ae e-con-full e-flex e-con e-child\" data-id=\"80298ae\" data-element_type=\"container\" data-e-type=\"container\">\n\t\t\t\t<div class=\"elementor-element elementor-element-6e29d8f elementor-widget elementor-widget-image\" data-id=\"6e29d8f\" data-element_type=\"widget\" data-e-type=\"widget\" data-widget_type=\"image.default\">\n\t\t\t\t<div class=\"elementor-widget-container\">\n\t\t\t\t\t\t\t\t\t\t\t\t\t\t\t<img decoding=\"async\" width=\"1650\" height=\"1365\" src=\"https:\/\/aktivservicecenter.dk\/wp-content\/uploads\/pexels-jan-van-der-wolf-11680885-29158426-e1743421417659.webp\" class=\"attachment-full size-full wp-image-2092\" alt=\"\" srcset=\"https:\/\/aktivservicecenter.dk\/wp-content\/uploads\/pexels-jan-van-der-wolf-11680885-29158426-e1743421417659.webp 1650w, https:\/\/aktivservicecenter.dk\/wp-content\/uploads\/pexels-jan-van-der-wolf-11680885-29158426-e1743421417659-300x248.webp 300w, https:\/\/aktivservicecenter.dk\/wp-content\/uploads\/pexels-jan-van-der-wolf-11680885-29158426-e1743421417659-1024x847.webp 1024w, https:\/\/aktivservicecenter.dk\/wp-content\/uploads\/pexels-jan-van-der-wolf-11680885-29158426-e1743421417659-768x635.webp 768w, https:\/\/aktivservicecenter.dk\/wp-content\/uploads\/pexels-jan-van-der-wolf-11680885-29158426-e1743421417659-1536x1271.webp 1536w\" sizes=\"(max-width: 1650px) 100vw, 1650px\" \/>\t\t\t\t\t\t\t\t\t\t\t\t\t\t\t<\/div>\n\t\t\t\t<\/div>\n\t\t<div class=\"elementor-element elementor-element-63a62f1 e-con-full e-flex e-con e-child\" data-id=\"63a62f1\" data-element_type=\"container\" data-e-type=\"container\" data-settings=\"{&quot;background_background&quot;:&quot;classic&quot;}\">\n\t\t\t\t<div class=\"elementor-element elementor-element-de55ec0 elementor-widget elementor-widget-heading\" data-id=\"de55ec0\" data-element_type=\"widget\" data-e-type=\"widget\" data-widget_type=\"heading.default\">\n\t\t\t\t<div class=\"elementor-widget-container\">\n\t\t\t\t\t<h2 class=\"elementor-heading-title elementor-size-default\">Ett effektivt och meningsfullt samarbete<\/h2>\t\t\t\t<\/div>\n\t\t\t\t<\/div>\n\t\t\t\t<div class=\"elementor-element elementor-element-1a912da elementor-widget elementor-widget-heading\" data-id=\"1a912da\" data-element_type=\"widget\" data-e-type=\"widget\" data-widget_type=\"heading.default\">\n\t\t\t\t<div class=\"elementor-widget-container\">\n\t\t\t\t\t<h4 class=\"elementor-heading-title elementor-size-default\">Pernille Andersen, Head of Public Tenders, Wattar Gruppen, ber\u00e4ttar:  <\/h4>\t\t\t\t<\/div>\n\t\t\t\t<\/div>\n\t\t\t\t<div class=\"elementor-element elementor-element-a0fce60 list-container elementor-widget elementor-widget-text-editor\" data-id=\"a0fce60\" data-element_type=\"widget\" data-e-type=\"widget\" data-widget_type=\"text-editor.default\">\n\t\t\t\t<div class=\"elementor-widget-container\">\n\t\t\t\t\t\t\t\t\t<p><em>&#8220;Hos Wattar Gruppen l\u00e6gger vi stor v\u00e6gt p\u00e5 at samarbejde med leverand\u00f8rer, der b\u00e5de er dygtige og deler vores v\u00e6rdier. Aktiv Servicecenter leverer h\u00f8j kvalitet og arbejder samtidig ud fra et socialt og b\u00e6redygtigt afs\u00e6t \u2013 noget vi s\u00e6tter stor pris p\u00e5. Det g\u00f8r samarbejdet b\u00e5de meningsfuldt og effektivt. Deres fokus p\u00e5 det sociale aspekt \u2013 S\u2019et i ESG \u2013 giver ikke bare v\u00e6rdi for os som virksomhed, men ogs\u00e5 for de kunder, vi samarbejder med. Det styrker vores samlede indsats og g\u00f8r det muligt for os at levere l\u00f8sninger, der b\u00e5de er professionelle og samfundsm\u00e6ssigt ansvarlige. P\u00e5 den m\u00e5de er Aktiv Servicecenter ikke bare en leverand\u00f8r, men en vigtig samarbejdspartner.&#8221;<\/em><\/p>\t\t\t\t\t\t\t\t<\/div>\n\t\t\t\t<\/div>\n\t\t\t\t<div class=\"elementor-element elementor-element-a37dd0a elementor-widget elementor-widget-button\" data-id=\"a37dd0a\" data-element_type=\"widget\" data-e-type=\"widget\" data-widget_type=\"button.default\">\n\t\t\t\t<div class=\"elementor-widget-container\">\n\t\t\t\t\t\t\t\t\t<div class=\"elementor-button-wrapper\">\n\t\t\t\t\t<a class=\"elementor-button elementor-button-link elementor-size-sm elementor-animation-shrink\" href=\"https:\/\/aktivservicecenter.dk\/sv\/aktiv-servicecenter\/vores-vision\/\">\n\t\t\t\t\t\t<span class=\"elementor-button-content-wrapper\">\n\t\t\t\t\t\t\t\t\t<span class=\"elementor-button-text\">L\u00e4s mer om v\u00e5rt arbete med social h\u00e5llbarhet h\u00e4r<\/span>\n\t\t\t\t\t<\/span>\n\t\t\t\t\t<\/a>\n\t\t\t\t<\/div>\n\t\t\t\t\t\t\t\t<\/div>\n\t\t\t\t<\/div>\n\t\t\t\t<\/div>\n\t\t\t\t<div class=\"elementor-element elementor-element-7865916 elementor-widget elementor-widget-image\" data-id=\"7865916\" data-element_type=\"widget\" data-e-type=\"widget\" data-widget_type=\"image.default\">\n\t\t\t\t<div class=\"elementor-widget-container\">\n\t\t\t\t\t\t\t\t\t\t\t\t\t\t\t<img decoding=\"async\" width=\"2048\" height=\"1352\" src=\"https:\/\/aktivservicecenter.dk\/wp-content\/uploads\/pexels-wcslingsby-9795032-scaled-e1745921448689.jpg\" class=\"attachment-full size-full wp-image-2801\" alt=\"\" srcset=\"https:\/\/aktivservicecenter.dk\/wp-content\/uploads\/pexels-wcslingsby-9795032-scaled-e1745921448689.jpg 2048w, https:\/\/aktivservicecenter.dk\/wp-content\/uploads\/pexels-wcslingsby-9795032-scaled-e1745921448689-300x198.jpg 300w, https:\/\/aktivservicecenter.dk\/wp-content\/uploads\/pexels-wcslingsby-9795032-scaled-e1745921448689-1024x676.jpg 1024w, https:\/\/aktivservicecenter.dk\/wp-content\/uploads\/pexels-wcslingsby-9795032-scaled-e1745921448689-768x507.jpg 768w, https:\/\/aktivservicecenter.dk\/wp-content\/uploads\/pexels-wcslingsby-9795032-scaled-e1745921448689-1536x1014.jpg 1536w, https:\/\/aktivservicecenter.dk\/wp-content\/uploads\/pexels-wcslingsby-9795032-scaled-e1745921448689-18x12.jpg 18w\" sizes=\"(max-width: 2048px) 100vw, 2048px\" \/>\t\t\t\t\t\t\t\t\t\t\t\t\t\t\t<\/div>\n\t\t\t\t<\/div>\n\t\t\t\t<\/div>\n\t\t\t\t\t<\/div>\n\t\t\t\t<\/div>\n\t\t\t\t<\/div>","protected":false},"excerpt":{"rendered":"<p>En imponerende succes! Hos Aktiv ServiceCenter er vi stolte af at have hjulpet b\u00e5de sm\u00e5 og store virksomheder med at optimere deres kundekontakt og skabe effektive serviceoplevelser. L\u00e6s nogle af vores kunders udtalelser her: J\u00f8rgen Kristensen, Regional After Sales Manager, Europe North, GARDENA, udtaler: &#8220;Vi havde behov for at udlicitere vores kundeservice, men m\u00e6ngden af [&hellip;]<\/p>\n","protected":false},"author":1,"featured_media":0,"parent":0,"menu_order":0,"comment_status":"closed","ping_status":"closed","template":"","meta":{"footnotes":""},"class_list":["post-1566","page","type-page","status-publish","hentry"],"yoast_head":"<!-- This site is optimized with the Yoast SEO plugin v27.5 - https:\/\/yoast.com\/product\/yoast-seo-wordpress\/ -->\n<title>Referencer - Aktiv Servicecenter<\/title>\n<meta name=\"robots\" content=\"index, follow, max-snippet:-1, max-image-preview:large, max-video-preview:-1\" \/>\n<link rel=\"canonical\" href=\"https:\/\/aktivservicecenter.dk\/sv\/referencer\/\" \/>\n<meta property=\"og:locale\" content=\"sv_SE\" \/>\n<meta property=\"og:type\" content=\"article\" \/>\n<meta property=\"og:title\" content=\"Referencer - Aktiv Servicecenter\" \/>\n<meta property=\"og:description\" content=\"En imponerende succes! Hos Aktiv ServiceCenter er vi stolte af at have hjulpet b\u00e5de sm\u00e5 og store virksomheder med at optimere deres kundekontakt og skabe effektive serviceoplevelser. L\u00e6s nogle af vores kunders udtalelser her: J\u00f8rgen Kristensen, Regional After Sales Manager, Europe North, GARDENA, udtaler: &#8220;Vi havde behov for at udlicitere vores kundeservice, men m\u00e6ngden af [&hellip;]\" \/>\n<meta property=\"og:url\" content=\"https:\/\/aktivservicecenter.dk\/sv\/referencer\/\" \/>\n<meta property=\"og:site_name\" content=\"Aktiv Servicecenter\" \/>\n<meta property=\"article:modified_time\" content=\"2025-04-30T09:37:51+00:00\" \/>\n<meta property=\"og:image\" content=\"https:\/\/aktivservicecenter.dk\/wp-content\/uploads\/pexels-sora-shimazaki-5668859-scaled.jpg\" \/>\n\t<meta property=\"og:image:width\" content=\"2048\" \/>\n\t<meta property=\"og:image:height\" content=\"1677\" \/>\n\t<meta property=\"og:image:type\" content=\"image\/jpeg\" \/>\n<meta name=\"twitter:card\" content=\"summary_large_image\" \/>\n<meta name=\"twitter:label1\" content=\"Ber\u00e4knad l\u00e4stid\" \/>\n\t<meta name=\"twitter:data1\" content=\"3 minuter\" \/>\n<script type=\"application\/ld+json\" class=\"yoast-schema-graph\">{\"@context\":\"https:\\\/\\\/schema.org\",\"@graph\":[{\"@type\":\"WebPage\",\"@id\":\"https:\\\/\\\/aktivservicecenter.dk\\\/referencer\\\/\",\"url\":\"https:\\\/\\\/aktivservicecenter.dk\\\/referencer\\\/\",\"name\":\"Referencer - Aktiv Servicecenter\",\"isPartOf\":{\"@id\":\"https:\\\/\\\/aktivservicecenter.dk\\\/#website\"},\"primaryImageOfPage\":{\"@id\":\"https:\\\/\\\/aktivservicecenter.dk\\\/referencer\\\/#primaryimage\"},\"image\":{\"@id\":\"https:\\\/\\\/aktivservicecenter.dk\\\/referencer\\\/#primaryimage\"},\"thumbnailUrl\":\"https:\\\/\\\/aktivservicecenter.dk\\\/wp-content\\\/uploads\\\/pexels-sora-shimazaki-5668859-scaled.jpg\",\"datePublished\":\"2025-03-28T13:45:12+00:00\",\"dateModified\":\"2025-04-30T09:37:51+00:00\",\"inLanguage\":\"sv-SE\",\"potentialAction\":[{\"@type\":\"ReadAction\",\"target\":[\"https:\\\/\\\/aktivservicecenter.dk\\\/referencer\\\/\"]}]},{\"@type\":\"ImageObject\",\"inLanguage\":\"sv-SE\",\"@id\":\"https:\\\/\\\/aktivservicecenter.dk\\\/referencer\\\/#primaryimage\",\"url\":\"https:\\\/\\\/aktivservicecenter.dk\\\/wp-content\\\/uploads\\\/pexels-sora-shimazaki-5668859-scaled.jpg\",\"contentUrl\":\"https:\\\/\\\/aktivservicecenter.dk\\\/wp-content\\\/uploads\\\/pexels-sora-shimazaki-5668859-scaled.jpg\"},{\"@type\":\"WebSite\",\"@id\":\"https:\\\/\\\/aktivservicecenter.dk\\\/#website\",\"url\":\"https:\\\/\\\/aktivservicecenter.dk\\\/\",\"name\":\"Aktiv Servicecenter\",\"description\":\"\",\"publisher\":{\"@id\":\"https:\\\/\\\/aktivservicecenter.dk\\\/#organization\"},\"potentialAction\":[{\"@type\":\"SearchAction\",\"target\":{\"@type\":\"EntryPoint\",\"urlTemplate\":\"https:\\\/\\\/aktivservicecenter.dk\\\/?s={search_term_string}\"},\"query-input\":{\"@type\":\"PropertyValueSpecification\",\"valueRequired\":true,\"valueName\":\"search_term_string\"}}],\"inLanguage\":\"sv-SE\"},{\"@type\":\"Organization\",\"@id\":\"https:\\\/\\\/aktivservicecenter.dk\\\/#organization\",\"name\":\"Aktiv Servicecenter\",\"url\":\"https:\\\/\\\/aktivservicecenter.dk\\\/\",\"logo\":{\"@type\":\"ImageObject\",\"inLanguage\":\"sv-SE\",\"@id\":\"https:\\\/\\\/aktivservicecenter.dk\\\/#\\\/schema\\\/logo\\\/image\\\/\",\"url\":\"https:\\\/\\\/aktivservicecenter.dk\\\/wp-content\\\/uploads\\\/Aktiv-Service-Center_Logo_Rentegnet.png\",\"contentUrl\":\"https:\\\/\\\/aktivservicecenter.dk\\\/wp-content\\\/uploads\\\/Aktiv-Service-Center_Logo_Rentegnet.png\",\"width\":1193,\"height\":570,\"caption\":\"Aktiv Servicecenter\"},\"image\":{\"@id\":\"https:\\\/\\\/aktivservicecenter.dk\\\/#\\\/schema\\\/logo\\\/image\\\/\"}}]}<\/script>\n<!-- \/ Yoast SEO plugin. -->","yoast_head_json":{"title":"Referencer - Aktiv Servicecenter","robots":{"index":"index","follow":"follow","max-snippet":"max-snippet:-1","max-image-preview":"max-image-preview:large","max-video-preview":"max-video-preview:-1"},"canonical":"https:\/\/aktivservicecenter.dk\/sv\/referencer\/","og_locale":"sv_SE","og_type":"article","og_title":"Referencer - Aktiv Servicecenter","og_description":"En imponerende succes! Hos Aktiv ServiceCenter er vi stolte af at have hjulpet b\u00e5de sm\u00e5 og store virksomheder med at optimere deres kundekontakt og skabe effektive serviceoplevelser. L\u00e6s nogle af vores kunders udtalelser her: J\u00f8rgen Kristensen, Regional After Sales Manager, Europe North, GARDENA, udtaler: &#8220;Vi havde behov for at udlicitere vores kundeservice, men m\u00e6ngden af [&hellip;]","og_url":"https:\/\/aktivservicecenter.dk\/sv\/referencer\/","og_site_name":"Aktiv Servicecenter","article_modified_time":"2025-04-30T09:37:51+00:00","og_image":[{"width":2048,"height":1677,"url":"https:\/\/aktivservicecenter.dk\/wp-content\/uploads\/pexels-sora-shimazaki-5668859-scaled.jpg","type":"image\/jpeg"}],"twitter_card":"summary_large_image","twitter_misc":{"Ber\u00e4knad l\u00e4stid":"3 minuter"},"schema":{"@context":"https:\/\/schema.org","@graph":[{"@type":"WebPage","@id":"https:\/\/aktivservicecenter.dk\/referencer\/","url":"https:\/\/aktivservicecenter.dk\/referencer\/","name":"Referencer - Aktiv Servicecenter","isPartOf":{"@id":"https:\/\/aktivservicecenter.dk\/#website"},"primaryImageOfPage":{"@id":"https:\/\/aktivservicecenter.dk\/referencer\/#primaryimage"},"image":{"@id":"https:\/\/aktivservicecenter.dk\/referencer\/#primaryimage"},"thumbnailUrl":"https:\/\/aktivservicecenter.dk\/wp-content\/uploads\/pexels-sora-shimazaki-5668859-scaled.jpg","datePublished":"2025-03-28T13:45:12+00:00","dateModified":"2025-04-30T09:37:51+00:00","inLanguage":"sv-SE","potentialAction":[{"@type":"ReadAction","target":["https:\/\/aktivservicecenter.dk\/referencer\/"]}]},{"@type":"ImageObject","inLanguage":"sv-SE","@id":"https:\/\/aktivservicecenter.dk\/referencer\/#primaryimage","url":"https:\/\/aktivservicecenter.dk\/wp-content\/uploads\/pexels-sora-shimazaki-5668859-scaled.jpg","contentUrl":"https:\/\/aktivservicecenter.dk\/wp-content\/uploads\/pexels-sora-shimazaki-5668859-scaled.jpg"},{"@type":"WebSite","@id":"https:\/\/aktivservicecenter.dk\/#website","url":"https:\/\/aktivservicecenter.dk\/","name":"Aktiv Servicecenter","description":"","publisher":{"@id":"https:\/\/aktivservicecenter.dk\/#organization"},"potentialAction":[{"@type":"SearchAction","target":{"@type":"EntryPoint","urlTemplate":"https:\/\/aktivservicecenter.dk\/?s={search_term_string}"},"query-input":{"@type":"PropertyValueSpecification","valueRequired":true,"valueName":"search_term_string"}}],"inLanguage":"sv-SE"},{"@type":"Organization","@id":"https:\/\/aktivservicecenter.dk\/#organization","name":"Aktiv Servicecenter","url":"https:\/\/aktivservicecenter.dk\/","logo":{"@type":"ImageObject","inLanguage":"sv-SE","@id":"https:\/\/aktivservicecenter.dk\/#\/schema\/logo\/image\/","url":"https:\/\/aktivservicecenter.dk\/wp-content\/uploads\/Aktiv-Service-Center_Logo_Rentegnet.png","contentUrl":"https:\/\/aktivservicecenter.dk\/wp-content\/uploads\/Aktiv-Service-Center_Logo_Rentegnet.png","width":1193,"height":570,"caption":"Aktiv Servicecenter"},"image":{"@id":"https:\/\/aktivservicecenter.dk\/#\/schema\/logo\/image\/"}}]}},"_links":{"self":[{"href":"https:\/\/aktivservicecenter.dk\/sv\/wp-json\/wp\/v2\/pages\/1566","targetHints":{"allow":["GET"]}}],"collection":[{"href":"https:\/\/aktivservicecenter.dk\/sv\/wp-json\/wp\/v2\/pages"}],"about":[{"href":"https:\/\/aktivservicecenter.dk\/sv\/wp-json\/wp\/v2\/types\/page"}],"author":[{"embeddable":true,"href":"https:\/\/aktivservicecenter.dk\/sv\/wp-json\/wp\/v2\/users\/1"}],"replies":[{"embeddable":true,"href":"https:\/\/aktivservicecenter.dk\/sv\/wp-json\/wp\/v2\/comments?post=1566"}],"version-history":[{"count":20,"href":"https:\/\/aktivservicecenter.dk\/sv\/wp-json\/wp\/v2\/pages\/1566\/revisions"}],"predecessor-version":[{"id":2833,"href":"https:\/\/aktivservicecenter.dk\/sv\/wp-json\/wp\/v2\/pages\/1566\/revisions\/2833"}],"wp:attachment":[{"href":"https:\/\/aktivservicecenter.dk\/sv\/wp-json\/wp\/v2\/media?parent=1566"}],"curies":[{"name":"wp","href":"https:\/\/api.w.org\/{rel}","templated":true}]}}