{"id":1572,"date":"2025-03-28T14:45:45","date_gmt":"2025-03-28T13:45:45","guid":{"rendered":"https:\/\/aktivservicecenter.dk\/?page_id=1572"},"modified":"2025-04-30T14:05:07","modified_gmt":"2025-04-30T12:05:07","slug":"medarbejdere","status":"publish","type":"page","link":"https:\/\/aktivservicecenter.dk\/nb\/aktiv-servicecenter\/medarbejdere\/","title":{"rendered":"Ansatte"},"content":{"rendered":"\t\t<div data-elementor-type=\"wp-page\" data-elementor-id=\"1572\" class=\"elementor elementor-1572\" data-elementor-post-type=\"page\">\n\t\t\t\t<div class=\"elementor-element elementor-element-dde8d85 e-flex e-con-boxed e-con e-parent\" data-id=\"dde8d85\" data-element_type=\"container\" data-e-type=\"container\" data-settings=\"{&quot;background_background&quot;:&quot;classic&quot;}\">\n\t\t\t\t\t<div class=\"e-con-inner\">\n\t\t\t\t\t<\/div>\n\t\t\t\t<\/div>\n\t\t<div class=\"elementor-element elementor-element-c120ed6 e-flex e-con-boxed elementor-invisible e-con e-parent\" data-id=\"c120ed6\" data-element_type=\"container\" data-e-type=\"container\" data-settings=\"{&quot;animation&quot;:&quot;fadeInUp&quot;,&quot;animation_delay&quot;:300}\">\n\t\t\t\t\t<div class=\"e-con-inner\">\n\t\t<div class=\"elementor-element elementor-element-6b15e95 e-con-full e-flex e-con e-child\" data-id=\"6b15e95\" data-element_type=\"container\" data-e-type=\"container\">\n\t\t<div class=\"elementor-element elementor-element-70a4e7b e-con-full e-flex e-con e-child\" data-id=\"70a4e7b\" data-element_type=\"container\" data-e-type=\"container\" data-settings=\"{&quot;background_background&quot;:&quot;classic&quot;}\">\n\t\t\t\t<div class=\"elementor-element elementor-element-14f7cb1 elementor-widget elementor-widget-heading\" data-id=\"14f7cb1\" data-element_type=\"widget\" data-e-type=\"widget\" data-widget_type=\"heading.default\">\n\t\t\t\t<div class=\"elementor-widget-container\">\n\t\t\t\t\t<h2 class=\"elementor-heading-title elementor-size-default\">En b\u00e6redygtig arbejdsstyrke\n\n\n\n\n\n\n\n\n<\/h2>\t\t\t\t<\/div>\n\t\t\t\t<\/div>\n\t\t\t\t<div class=\"elementor-element elementor-element-f524821 elementor-widget elementor-widget-text-editor\" data-id=\"f524821\" data-element_type=\"widget\" data-e-type=\"widget\" data-widget_type=\"text-editor.default\">\n\t\t\t\t<div class=\"elementor-widget-container\">\n\t\t\t\t\t\t\t\t\t<p>Hos Aktiv ServiceCenter er vi stolte af at kunne tilbyde jobmuligheder til mennesker, der har brug for ekstra st\u00f8tte for at komme ind p\u00e5 arbejdsmarkedet. Det kan v\u00e6re personer, der har oplevet udfordringer i forhold til fysiske eller psykiske helbredsproblemer, eller som har haft et afbrudt arbejdsliv.\u00a0<\/p><p>I stedet for at fokusere p\u00e5 begr\u00e6nsninger, ser vi p\u00e5 de unikke styrker og potentialer, som hver enkelt medarbejder bringer med sig. Vores m\u00e5l er at skabe et arbejdsmilj\u00f8, hvor medarbejderne ikke kun bidrager til virksomhedens succes, men ogs\u00e5 oplever personlig v\u00e6kst og udvikling. Dette er med til at \u00f8ge selvtilliden og fremme en st\u00f8rre f\u00f8lelse af form\u00e5l og engagement i arbejdet.<\/p><p>Vores tilgang til social b\u00e6redygtighed betyder, at vi ikke blot skaber arbejdspladser, men ogs\u00e5 hj\u00e6lper med at bryde barrierer og skabe lige muligheder for alle. Ved at tilbyde fleksible arbejdsforhold og st\u00f8tte i udviklingen af personlige og faglige kompetencer, sikrer vi, at vores medarbejdere ikke kun trives i deres nuv\u00e6rende rolle, men ogs\u00e5 har muligheder for at vokse og forf\u00f8lge fremtidige karrieremuligheder.<\/p><p>Hos Aktiv ServiceCenter tror vi p\u00e5, at en st\u00e6rk og b\u00e6redygtig arbejdsstyrke er en, der omfavner mangfoldighed og skaber plads til alle.<\/p>\t\t\t\t\t\t\t\t<\/div>\n\t\t\t\t<\/div>\n\t\t\t\t<\/div>\n\t\t\t\t<div class=\"elementor-element elementor-element-edf513f elementor-widget elementor-widget-image\" data-id=\"edf513f\" data-element_type=\"widget\" data-e-type=\"widget\" data-widget_type=\"image.default\">\n\t\t\t\t<div class=\"elementor-widget-container\">\n\t\t\t\t\t\t\t\t\t\t\t\t\t\t\t<img fetchpriority=\"high\" decoding=\"async\" width=\"2048\" height=\"1281\" src=\"https:\/\/aktivservicecenter.dk\/wp-content\/uploads\/E.webp\" class=\"attachment-full size-full wp-image-1610\" alt=\"\" srcset=\"https:\/\/aktivservicecenter.dk\/wp-content\/uploads\/E.webp 2048w, https:\/\/aktivservicecenter.dk\/wp-content\/uploads\/E-300x188.webp 300w, https:\/\/aktivservicecenter.dk\/wp-content\/uploads\/E-1024x641.webp 1024w, https:\/\/aktivservicecenter.dk\/wp-content\/uploads\/E-768x480.webp 768w, https:\/\/aktivservicecenter.dk\/wp-content\/uploads\/E-1536x961.webp 1536w\" sizes=\"(max-width: 2048px) 100vw, 2048px\" \/>\t\t\t\t\t\t\t\t\t\t\t\t\t\t\t<\/div>\n\t\t\t\t<\/div>\n\t\t\t\t<\/div>\n\t\t<div class=\"elementor-element elementor-element-fabfd1d e-con-full e-flex e-con e-child\" data-id=\"fabfd1d\" data-element_type=\"container\" data-e-type=\"container\">\n\t\t\t\t<div class=\"elementor-element elementor-element-851a4b2 elementor-widget elementor-widget-image\" data-id=\"851a4b2\" data-element_type=\"widget\" data-e-type=\"widget\" data-widget_type=\"image.default\">\n\t\t\t\t<div class=\"elementor-widget-container\">\n\t\t\t\t\t\t\t\t\t\t\t\t\t\t\t<img decoding=\"async\" width=\"2048\" height=\"1365\" src=\"https:\/\/aktivservicecenter.dk\/wp-content\/uploads\/pexels-mikhail-nilov-7682103-scaled.jpg\" class=\"attachment-full size-full wp-image-2680\" alt=\"\" srcset=\"https:\/\/aktivservicecenter.dk\/wp-content\/uploads\/pexels-mikhail-nilov-7682103-scaled.jpg 2048w, https:\/\/aktivservicecenter.dk\/wp-content\/uploads\/pexels-mikhail-nilov-7682103-300x200.jpg 300w, https:\/\/aktivservicecenter.dk\/wp-content\/uploads\/pexels-mikhail-nilov-7682103-1024x683.jpg 1024w, https:\/\/aktivservicecenter.dk\/wp-content\/uploads\/pexels-mikhail-nilov-7682103-768x512.jpg 768w, https:\/\/aktivservicecenter.dk\/wp-content\/uploads\/pexels-mikhail-nilov-7682103-1536x1024.jpg 1536w, https:\/\/aktivservicecenter.dk\/wp-content\/uploads\/pexels-mikhail-nilov-7682103-18x12.jpg 18w\" sizes=\"(max-width: 2048px) 100vw, 2048px\" \/>\t\t\t\t\t\t\t\t\t\t\t\t\t\t\t<\/div>\n\t\t\t\t<\/div>\n\t\t<div class=\"elementor-element elementor-element-5b55e64 e-con-full e-flex e-con e-child\" data-id=\"5b55e64\" data-element_type=\"container\" data-e-type=\"container\" data-settings=\"{&quot;background_background&quot;:&quot;classic&quot;}\">\n\t\t\t\t<div class=\"elementor-element elementor-element-38af87b elementor-arrows-position-outside elementor-pagination-type-bullets elementor-pagination-position-outside elementor-widget elementor-widget-n-carousel\" data-id=\"38af87b\" data-element_type=\"widget\" data-e-type=\"widget\" data-settings=\"{&quot;carousel_items&quot;:[{&quot;slide_title&quot;:&quot;Slide #1&quot;,&quot;_id&quot;:&quot;8b59dd6&quot;},{&quot;slide_title&quot;:&quot;Slide #2&quot;,&quot;_id&quot;:&quot;2c02f51&quot;},{&quot;slide_title&quot;:&quot;Slide #3&quot;,&quot;_id&quot;:&quot;65b0ed8&quot;},{&quot;_id&quot;:&quot;315ee2f&quot;,&quot;slide_title&quot;:&quot;Slide #4&quot;}],&quot;slides_to_show&quot;:&quot;1&quot;,&quot;slides_to_show_tablet&quot;:&quot;1&quot;,&quot;slides_to_show_mobile&quot;:&quot;1&quot;,&quot;autoplay&quot;:&quot;yes&quot;,&quot;autoplay_speed&quot;:5000,&quot;pause_on_hover&quot;:&quot;yes&quot;,&quot;pause_on_interaction&quot;:&quot;yes&quot;,&quot;infinite&quot;:&quot;yes&quot;,&quot;speed&quot;:500,&quot;offset_sides&quot;:&quot;none&quot;,&quot;arrows&quot;:&quot;yes&quot;,&quot;pagination&quot;:&quot;bullets&quot;,&quot;image_spacing_custom&quot;:{&quot;unit&quot;:&quot;px&quot;,&quot;size&quot;:10,&quot;sizes&quot;:[]},&quot;image_spacing_custom_tablet&quot;:{&quot;unit&quot;:&quot;px&quot;,&quot;size&quot;:&quot;&quot;,&quot;sizes&quot;:[]},&quot;image_spacing_custom_mobile&quot;:{&quot;unit&quot;:&quot;px&quot;,&quot;size&quot;:&quot;&quot;,&quot;sizes&quot;:[]}}\" data-widget_type=\"nested-carousel.default\">\n\t\t\t\t<div class=\"elementor-widget-container\">\n\t\t\t\t\t\t\t<div class=\"e-n-carousel swiper\" role=\"region\" aria-roledescription=\"carousel\" aria-label=\"Karrussel\" dir=\"ltr\">\n\t\t\t<div class=\"swiper-wrapper\" aria-live=\"off\">\n\t\t\t\t\t\t\t\t\t\t<div class=\"swiper-slide\" data-slide=\"1\" role=\"group\" aria-roledescription=\"slide\" aria-label=\"1 of 4\">\n\t\t\t\t\t\t\t<div class=\"elementor-element elementor-element-cca6c45 e-flex e-con-boxed e-con e-child\" data-id=\"cca6c45\" data-element_type=\"container\" data-e-type=\"container\">\n\t\t\t\t\t<div class=\"e-con-inner\">\n\t\t\t\t<div class=\"elementor-element elementor-element-c2baa92 elementor-widget elementor-widget-heading\" data-id=\"c2baa92\" data-element_type=\"widget\" data-e-type=\"widget\" data-widget_type=\"heading.default\">\n\t\t\t\t<div class=\"elementor-widget-container\">\n\t\t\t\t\t<h5 class=\"elementor-heading-title elementor-size-default\">\"Jeg er utrolig glad for mit job, da det giver mig mulighed for at v\u00e6re aktiv og engageret i et sp\u00e6ndende arbejde, hvor jeg kan g\u00f8re en forskel. Jeg v\u00e6rds\u00e6tter den st\u00f8tte og fleksibilitet, jeg f\u00e5r hos Aktiv ServiceCenter, som g\u00f8r det muligt for mig at yde mit bedste, selv n\u00e5r jeg har udfordringer i hverdagen.\"<\/h5>\t\t\t\t<\/div>\n\t\t\t\t<\/div>\n\t\t\t\t<div class=\"elementor-element elementor-element-4e6d968 elementor-widget-divider--view-line_text elementor-widget-divider--element-align-right elementor-widget elementor-widget-divider\" data-id=\"4e6d968\" data-element_type=\"widget\" data-e-type=\"widget\" data-widget_type=\"divider.default\">\n\t\t\t\t<div class=\"elementor-widget-container\">\n\t\t\t\t\t\t\t<div class=\"elementor-divider\">\n\t\t\t<span class=\"elementor-divider-separator\">\n\t\t\t\t\t\t\t<h6 class=\"elementor-divider__text elementor-divider__element\">\n\t\t\t\tStefan, Serviceagent, 52 \u00e5r\t\t\t\t<\/h6>\n\t\t\t\t\t\t<\/span>\n\t\t<\/div>\n\t\t\t\t\t\t<\/div>\n\t\t\t\t<\/div>\n\t\t\t\t\t<\/div>\n\t\t\t\t<\/div>\n\t\t\t\t\t\t\t\t<\/div>\n\t\t\t\t\t\t\t\t\t\t\t<div class=\"swiper-slide\" data-slide=\"2\" role=\"group\" aria-roledescription=\"slide\" aria-label=\"2 of 4\">\n\t\t\t\t\t\t\t<div class=\"elementor-element elementor-element-17d087c e-flex e-con-boxed e-con e-child\" data-id=\"17d087c\" data-element_type=\"container\" data-e-type=\"container\">\n\t\t\t\t\t<div class=\"e-con-inner\">\n\t\t\t\t<div class=\"elementor-element elementor-element-cc8c5a5 elementor-widget elementor-widget-heading\" data-id=\"cc8c5a5\" data-element_type=\"widget\" data-e-type=\"widget\" data-widget_type=\"heading.default\">\n\t\t\t\t<div class=\"elementor-widget-container\">\n\t\t\t\t\t<h5 class=\"elementor-heading-title elementor-size-default\">\"Det har v\u00e6ret fantastisk at f\u00e5 muligheden for at arbejde med kundeservice hos Aktiv ServiceCenter. Jeg har l\u00e6rt meget og har f\u00e5et et st\u00e6rkt indblik i, hvordan vi kan g\u00f8re en forskel for vores kunder. Jeg ser frem til at forts\u00e6tte med at udvikle mig og bidrage til teamets succes.\"<\/h5>\t\t\t\t<\/div>\n\t\t\t\t<\/div>\n\t\t\t\t<div class=\"elementor-element elementor-element-ce6455d elementor-widget-divider--view-line_text elementor-widget-divider--element-align-right elementor-widget elementor-widget-divider\" data-id=\"ce6455d\" data-element_type=\"widget\" data-e-type=\"widget\" data-widget_type=\"divider.default\">\n\t\t\t\t<div class=\"elementor-widget-container\">\n\t\t\t\t\t\t\t<div class=\"elementor-divider\">\n\t\t\t<span class=\"elementor-divider-separator\">\n\t\t\t\t\t\t\t<h6 class=\"elementor-divider__text elementor-divider__element\">\n\t\t\t\tEllen, Serviceagent 39 \u00e5r\t\t\t\t<\/h6>\n\t\t\t\t\t\t<\/span>\n\t\t<\/div>\n\t\t\t\t\t\t<\/div>\n\t\t\t\t<\/div>\n\t\t\t\t\t<\/div>\n\t\t\t\t<\/div>\n\t\t\t\t\t\t\t\t<\/div>\n\t\t\t\t\t\t\t\t\t\t\t<div class=\"swiper-slide\" data-slide=\"3\" role=\"group\" aria-roledescription=\"slide\" aria-label=\"3 of 4\">\n\t\t\t\t\t\t\t<div class=\"elementor-element elementor-element-2a0529e e-flex e-con-boxed e-con e-child\" data-id=\"2a0529e\" data-element_type=\"container\" data-e-type=\"container\">\n\t\t\t\t\t<div class=\"e-con-inner\">\n\t\t\t\t<div class=\"elementor-element elementor-element-402bf00 elementor-widget elementor-widget-heading\" data-id=\"402bf00\" data-element_type=\"widget\" data-e-type=\"widget\" data-widget_type=\"heading.default\">\n\t\t\t\t<div class=\"elementor-widget-container\">\n\t\t\t\t\t<h5 class=\"elementor-heading-title elementor-size-default\">\"At arbejde med kundeservice hos Aktiv ServiceCenter har \u00e5bnet mine \u00f8jne for nye muligheder. Jeg kan v\u00e6re en del af et professionelt team og l\u00e6re nye f\u00e6rdigheder, samtidig med at jeg g\u00f8r en positiv indvirkning p\u00e5 kundernes oplevelse.\"<\/h5>\t\t\t\t<\/div>\n\t\t\t\t<\/div>\n\t\t\t\t<div class=\"elementor-element elementor-element-edb36ac elementor-widget-divider--view-line_text elementor-widget-divider--element-align-right elementor-widget elementor-widget-divider\" data-id=\"edb36ac\" data-element_type=\"widget\" data-e-type=\"widget\" data-widget_type=\"divider.default\">\n\t\t\t\t<div class=\"elementor-widget-container\">\n\t\t\t\t\t\t\t<div class=\"elementor-divider\">\n\t\t\t<span class=\"elementor-divider-separator\">\n\t\t\t\t\t\t\t<h6 class=\"elementor-divider__text elementor-divider__element\">\n\t\t\t\tAnja, Serviceagent, 32 \u00e5r\t\t\t\t<\/h6>\n\t\t\t\t\t\t<\/span>\n\t\t<\/div>\n\t\t\t\t\t\t<\/div>\n\t\t\t\t<\/div>\n\t\t\t\t\t<\/div>\n\t\t\t\t<\/div>\n\t\t\t\t\t\t\t\t<\/div>\n\t\t\t\t\t\t\t\t\t\t\t<div class=\"swiper-slide\" data-slide=\"4\" role=\"group\" aria-roledescription=\"slide\" aria-label=\"4 of 4\">\n\t\t\t\t\t\t\t<div class=\"elementor-element elementor-element-fb6c6a6 e-flex e-con-boxed e-con e-child\" data-id=\"fb6c6a6\" data-element_type=\"container\" data-e-type=\"container\">\n\t\t\t\t\t<div class=\"e-con-inner\">\n\t\t\t\t<div class=\"elementor-element elementor-element-5e37e43 elementor-widget elementor-widget-heading\" data-id=\"5e37e43\" data-element_type=\"widget\" data-e-type=\"widget\" data-widget_type=\"heading.default\">\n\t\t\t\t<div class=\"elementor-widget-container\">\n\t\t\t\t\t<h5 class=\"elementor-heading-title elementor-size-default\">\"Jeg er glad for, at Aktiv ServiceCenter gav mig muligheden for at komme tilbage p\u00e5 arbejdsmarkedet. Det har v\u00e6ret en utrolig positiv oplevelse, hvor jeg har f\u00f8lt mig v\u00e6rdsat og har kunne bidrage med mine evner og erfaring.\"<\/h5>\t\t\t\t<\/div>\n\t\t\t\t<\/div>\n\t\t\t\t<div class=\"elementor-element elementor-element-50e3317 elementor-widget-divider--view-line_text elementor-widget-divider--element-align-right elementor-widget elementor-widget-divider\" data-id=\"50e3317\" data-element_type=\"widget\" data-e-type=\"widget\" data-widget_type=\"divider.default\">\n\t\t\t\t<div class=\"elementor-widget-container\">\n\t\t\t\t\t\t\t<div class=\"elementor-divider\">\n\t\t\t<span class=\"elementor-divider-separator\">\n\t\t\t\t\t\t\t<h6 class=\"elementor-divider__text elementor-divider__element\">\n\t\t\t\tHenrik, Serviceagent, 41 \u00e5r\t\t\t\t<\/h6>\n\t\t\t\t\t\t<\/span>\n\t\t<\/div>\n\t\t\t\t\t\t<\/div>\n\t\t\t\t<\/div>\n\t\t\t\t\t<\/div>\n\t\t\t\t<\/div>\n\t\t\t\t\t\t\t\t<\/div>\n\t\t\t\t\t\t\t\t<\/div>\n\t\t<\/div>\n\t\t\t\t\t<div class=\"elementor-swiper-button elementor-swiper-button-prev\" role=\"button\" tabindex=\"0\" aria-label=\"Previous\">\n\t\t\t\t<i aria-hidden=\"true\" class=\"fas fa-chevron-left\"><\/i>\t\t\t<\/div>\n\t\t\t<div class=\"elementor-swiper-button elementor-swiper-button-next\" role=\"button\" tabindex=\"0\" aria-label=\"Next\">\n\t\t\t\t<i aria-hidden=\"true\" class=\"fas fa-chevron-right\"><\/i>\t\t\t<\/div>\n\t\t\t\t\t<div class=\"swiper-pagination\"><\/div>\n\t\t\t\t\t\t<\/div>\n\t\t\t\t<\/div>\n\t\t\t\t<\/div>\n\t\t\t\t<\/div>\n\t\t\t\t\t<\/div>\n\t\t\t\t<\/div>\n\t\t\t\t<\/div>\n\t\t","protected":false},"excerpt":{"rendered":"<p>En b\u00e6redygtig arbejdsstyrke Hos Aktiv ServiceCenter er vi stolte af at kunne tilbyde jobmuligheder til mennesker, der har brug for ekstra st\u00f8tte for at komme ind p\u00e5 arbejdsmarkedet. Det kan v\u00e6re personer, der har oplevet udfordringer i forhold til fysiske eller psykiske helbredsproblemer, eller som har haft et afbrudt arbejdsliv.\u00a0 I stedet for at fokusere [&hellip;]<\/p>\n","protected":false},"author":1,"featured_media":0,"parent":1064,"menu_order":0,"comment_status":"closed","ping_status":"closed","template":"","meta":{"footnotes":""},"class_list":["post-1572","page","type-page","status-publish","hentry"],"yoast_head":"<!-- This site is optimized with the Yoast SEO plugin v27.5 - https:\/\/yoast.com\/product\/yoast-seo-wordpress\/ -->\n<title>Medarbejdere - Aktiv Servicecenter<\/title>\n<meta name=\"robots\" content=\"index, follow, max-snippet:-1, max-image-preview:large, max-video-preview:-1\" \/>\n<link rel=\"canonical\" href=\"https:\/\/aktivservicecenter.dk\/nb\/aktiv-servicecenter\/medarbejdere\/\" \/>\n<meta property=\"og:locale\" content=\"nb_NO\" \/>\n<meta property=\"og:type\" content=\"article\" \/>\n<meta property=\"og:title\" content=\"Medarbejdere - Aktiv Servicecenter\" \/>\n<meta property=\"og:description\" content=\"En b\u00e6redygtig arbejdsstyrke Hos Aktiv ServiceCenter er vi stolte af at kunne tilbyde jobmuligheder til mennesker, der har brug for ekstra st\u00f8tte for at komme ind p\u00e5 arbejdsmarkedet. Det kan v\u00e6re personer, der har oplevet udfordringer i forhold til fysiske eller psykiske helbredsproblemer, eller som har haft et afbrudt arbejdsliv.\u00a0 I stedet for at fokusere [&hellip;]\" \/>\n<meta property=\"og:url\" content=\"https:\/\/aktivservicecenter.dk\/nb\/aktiv-servicecenter\/medarbejdere\/\" \/>\n<meta property=\"og:site_name\" content=\"Aktiv Servicecenter\" \/>\n<meta property=\"article:modified_time\" content=\"2025-04-30T12:05:07+00:00\" \/>\n<meta property=\"og:image\" content=\"https:\/\/aktivservicecenter.dk\/wp-content\/uploads\/E.webp\" \/>\n\t<meta property=\"og:image:width\" content=\"2048\" \/>\n\t<meta property=\"og:image:height\" content=\"1281\" \/>\n\t<meta property=\"og:image:type\" content=\"image\/webp\" \/>\n<meta name=\"twitter:card\" content=\"summary_large_image\" \/>\n<meta name=\"twitter:label1\" content=\"Ansl. lesetid\" \/>\n\t<meta name=\"twitter:data1\" content=\"4 minutter\" \/>\n<script type=\"application\/ld+json\" class=\"yoast-schema-graph\">{\"@context\":\"https:\\\/\\\/schema.org\",\"@graph\":[{\"@type\":\"WebPage\",\"@id\":\"https:\\\/\\\/aktivservicecenter.dk\\\/aktiv-servicecenter\\\/medarbejdere\\\/\",\"url\":\"https:\\\/\\\/aktivservicecenter.dk\\\/aktiv-servicecenter\\\/medarbejdere\\\/\",\"name\":\"Medarbejdere - Aktiv Servicecenter\",\"isPartOf\":{\"@id\":\"https:\\\/\\\/aktivservicecenter.dk\\\/#website\"},\"primaryImageOfPage\":{\"@id\":\"https:\\\/\\\/aktivservicecenter.dk\\\/aktiv-servicecenter\\\/medarbejdere\\\/#primaryimage\"},\"image\":{\"@id\":\"https:\\\/\\\/aktivservicecenter.dk\\\/aktiv-servicecenter\\\/medarbejdere\\\/#primaryimage\"},\"thumbnailUrl\":\"https:\\\/\\\/aktivservicecenter.dk\\\/wp-content\\\/uploads\\\/E.webp\",\"datePublished\":\"2025-03-28T13:45:45+00:00\",\"dateModified\":\"2025-04-30T12:05:07+00:00\",\"breadcrumb\":{\"@id\":\"https:\\\/\\\/aktivservicecenter.dk\\\/aktiv-servicecenter\\\/medarbejdere\\\/#breadcrumb\"},\"inLanguage\":\"nb-NO\",\"potentialAction\":[{\"@type\":\"ReadAction\",\"target\":[\"https:\\\/\\\/aktivservicecenter.dk\\\/aktiv-servicecenter\\\/medarbejdere\\\/\"]}]},{\"@type\":\"ImageObject\",\"inLanguage\":\"nb-NO\",\"@id\":\"https:\\\/\\\/aktivservicecenter.dk\\\/aktiv-servicecenter\\\/medarbejdere\\\/#primaryimage\",\"url\":\"https:\\\/\\\/aktivservicecenter.dk\\\/wp-content\\\/uploads\\\/E.webp\",\"contentUrl\":\"https:\\\/\\\/aktivservicecenter.dk\\\/wp-content\\\/uploads\\\/E.webp\"},{\"@type\":\"BreadcrumbList\",\"@id\":\"https:\\\/\\\/aktivservicecenter.dk\\\/aktiv-servicecenter\\\/medarbejdere\\\/#breadcrumb\",\"itemListElement\":[{\"@type\":\"ListItem\",\"position\":1,\"name\":\"Aktiv Servicecenter\",\"item\":\"https:\\\/\\\/aktivservicecenter.dk\\\/aktiv-servicecenter\\\/\"},{\"@type\":\"ListItem\",\"position\":2,\"name\":\"Medarbejdere\"}]},{\"@type\":\"WebSite\",\"@id\":\"https:\\\/\\\/aktivservicecenter.dk\\\/#website\",\"url\":\"https:\\\/\\\/aktivservicecenter.dk\\\/\",\"name\":\"Aktiv Servicecenter\",\"description\":\"\",\"publisher\":{\"@id\":\"https:\\\/\\\/aktivservicecenter.dk\\\/#organization\"},\"potentialAction\":[{\"@type\":\"SearchAction\",\"target\":{\"@type\":\"EntryPoint\",\"urlTemplate\":\"https:\\\/\\\/aktivservicecenter.dk\\\/?s={search_term_string}\"},\"query-input\":{\"@type\":\"PropertyValueSpecification\",\"valueRequired\":true,\"valueName\":\"search_term_string\"}}],\"inLanguage\":\"nb-NO\"},{\"@type\":\"Organization\",\"@id\":\"https:\\\/\\\/aktivservicecenter.dk\\\/#organization\",\"name\":\"Aktiv Servicecenter\",\"url\":\"https:\\\/\\\/aktivservicecenter.dk\\\/\",\"logo\":{\"@type\":\"ImageObject\",\"inLanguage\":\"nb-NO\",\"@id\":\"https:\\\/\\\/aktivservicecenter.dk\\\/#\\\/schema\\\/logo\\\/image\\\/\",\"url\":\"https:\\\/\\\/aktivservicecenter.dk\\\/wp-content\\\/uploads\\\/Aktiv-Service-Center_Logo_Rentegnet.png\",\"contentUrl\":\"https:\\\/\\\/aktivservicecenter.dk\\\/wp-content\\\/uploads\\\/Aktiv-Service-Center_Logo_Rentegnet.png\",\"width\":1193,\"height\":570,\"caption\":\"Aktiv Servicecenter\"},\"image\":{\"@id\":\"https:\\\/\\\/aktivservicecenter.dk\\\/#\\\/schema\\\/logo\\\/image\\\/\"}}]}<\/script>\n<!-- \/ Yoast SEO plugin. -->","yoast_head_json":{"title":"Medarbejdere - Aktiv Servicecenter","robots":{"index":"index","follow":"follow","max-snippet":"max-snippet:-1","max-image-preview":"max-image-preview:large","max-video-preview":"max-video-preview:-1"},"canonical":"https:\/\/aktivservicecenter.dk\/nb\/aktiv-servicecenter\/medarbejdere\/","og_locale":"nb_NO","og_type":"article","og_title":"Medarbejdere - Aktiv Servicecenter","og_description":"En b\u00e6redygtig arbejdsstyrke Hos Aktiv ServiceCenter er vi stolte af at kunne tilbyde jobmuligheder til mennesker, der har brug for ekstra st\u00f8tte for at komme ind p\u00e5 arbejdsmarkedet. Det kan v\u00e6re personer, der har oplevet udfordringer i forhold til fysiske eller psykiske helbredsproblemer, eller som har haft et afbrudt arbejdsliv.\u00a0 I stedet for at fokusere [&hellip;]","og_url":"https:\/\/aktivservicecenter.dk\/nb\/aktiv-servicecenter\/medarbejdere\/","og_site_name":"Aktiv Servicecenter","article_modified_time":"2025-04-30T12:05:07+00:00","og_image":[{"width":2048,"height":1281,"url":"https:\/\/aktivservicecenter.dk\/wp-content\/uploads\/E.webp","type":"image\/webp"}],"twitter_card":"summary_large_image","twitter_misc":{"Ansl. lesetid":"4 minutter"},"schema":{"@context":"https:\/\/schema.org","@graph":[{"@type":"WebPage","@id":"https:\/\/aktivservicecenter.dk\/aktiv-servicecenter\/medarbejdere\/","url":"https:\/\/aktivservicecenter.dk\/aktiv-servicecenter\/medarbejdere\/","name":"Medarbejdere - Aktiv Servicecenter","isPartOf":{"@id":"https:\/\/aktivservicecenter.dk\/#website"},"primaryImageOfPage":{"@id":"https:\/\/aktivservicecenter.dk\/aktiv-servicecenter\/medarbejdere\/#primaryimage"},"image":{"@id":"https:\/\/aktivservicecenter.dk\/aktiv-servicecenter\/medarbejdere\/#primaryimage"},"thumbnailUrl":"https:\/\/aktivservicecenter.dk\/wp-content\/uploads\/E.webp","datePublished":"2025-03-28T13:45:45+00:00","dateModified":"2025-04-30T12:05:07+00:00","breadcrumb":{"@id":"https:\/\/aktivservicecenter.dk\/aktiv-servicecenter\/medarbejdere\/#breadcrumb"},"inLanguage":"nb-NO","potentialAction":[{"@type":"ReadAction","target":["https:\/\/aktivservicecenter.dk\/aktiv-servicecenter\/medarbejdere\/"]}]},{"@type":"ImageObject","inLanguage":"nb-NO","@id":"https:\/\/aktivservicecenter.dk\/aktiv-servicecenter\/medarbejdere\/#primaryimage","url":"https:\/\/aktivservicecenter.dk\/wp-content\/uploads\/E.webp","contentUrl":"https:\/\/aktivservicecenter.dk\/wp-content\/uploads\/E.webp"},{"@type":"BreadcrumbList","@id":"https:\/\/aktivservicecenter.dk\/aktiv-servicecenter\/medarbejdere\/#breadcrumb","itemListElement":[{"@type":"ListItem","position":1,"name":"Aktiv Servicecenter","item":"https:\/\/aktivservicecenter.dk\/aktiv-servicecenter\/"},{"@type":"ListItem","position":2,"name":"Medarbejdere"}]},{"@type":"WebSite","@id":"https:\/\/aktivservicecenter.dk\/#website","url":"https:\/\/aktivservicecenter.dk\/","name":"Aktiv Servicecenter","description":"","publisher":{"@id":"https:\/\/aktivservicecenter.dk\/#organization"},"potentialAction":[{"@type":"SearchAction","target":{"@type":"EntryPoint","urlTemplate":"https:\/\/aktivservicecenter.dk\/?s={search_term_string}"},"query-input":{"@type":"PropertyValueSpecification","valueRequired":true,"valueName":"search_term_string"}}],"inLanguage":"nb-NO"},{"@type":"Organization","@id":"https:\/\/aktivservicecenter.dk\/#organization","name":"Aktiv Servicecenter","url":"https:\/\/aktivservicecenter.dk\/","logo":{"@type":"ImageObject","inLanguage":"nb-NO","@id":"https:\/\/aktivservicecenter.dk\/#\/schema\/logo\/image\/","url":"https:\/\/aktivservicecenter.dk\/wp-content\/uploads\/Aktiv-Service-Center_Logo_Rentegnet.png","contentUrl":"https:\/\/aktivservicecenter.dk\/wp-content\/uploads\/Aktiv-Service-Center_Logo_Rentegnet.png","width":1193,"height":570,"caption":"Aktiv Servicecenter"},"image":{"@id":"https:\/\/aktivservicecenter.dk\/#\/schema\/logo\/image\/"}}]}},"_links":{"self":[{"href":"https:\/\/aktivservicecenter.dk\/nb\/wp-json\/wp\/v2\/pages\/1572","targetHints":{"allow":["GET"]}}],"collection":[{"href":"https:\/\/aktivservicecenter.dk\/nb\/wp-json\/wp\/v2\/pages"}],"about":[{"href":"https:\/\/aktivservicecenter.dk\/nb\/wp-json\/wp\/v2\/types\/page"}],"author":[{"embeddable":true,"href":"https:\/\/aktivservicecenter.dk\/nb\/wp-json\/wp\/v2\/users\/1"}],"replies":[{"embeddable":true,"href":"https:\/\/aktivservicecenter.dk\/nb\/wp-json\/wp\/v2\/comments?post=1572"}],"version-history":[{"count":20,"href":"https:\/\/aktivservicecenter.dk\/nb\/wp-json\/wp\/v2\/pages\/1572\/revisions"}],"predecessor-version":[{"id":2847,"href":"https:\/\/aktivservicecenter.dk\/nb\/wp-json\/wp\/v2\/pages\/1572\/revisions\/2847"}],"up":[{"embeddable":true,"href":"https:\/\/aktivservicecenter.dk\/nb\/wp-json\/wp\/v2\/pages\/1064"}],"wp:attachment":[{"href":"https:\/\/aktivservicecenter.dk\/nb\/wp-json\/wp\/v2\/media?parent=1572"}],"curies":[{"name":"wp","href":"https:\/\/api.w.org\/{rel}","templated":true}]}}