{"id":1564,"date":"2025-03-28T14:45:03","date_gmt":"2025-03-28T13:45:03","guid":{"rendered":"https:\/\/aktivservicecenter.dk\/?page_id=1564"},"modified":"2025-04-22T15:24:42","modified_gmt":"2025-04-22T13:24:42","slug":"serviceloesninger","status":"publish","type":"page","link":"https:\/\/aktivservicecenter.dk\/nb\/serviceloesninger\/","title":{"rendered":"Servicel\u00f8sninger"},"content":{"rendered":"<div data-elementor-type=\"wp-page\" data-elementor-id=\"1564\" class=\"elementor elementor-1564\" data-elementor-post-type=\"page\">\n\t\t\t\t<div class=\"elementor-element elementor-element-607af77 e-flex e-con-boxed e-con e-parent\" data-id=\"607af77\" data-element_type=\"container\" data-e-type=\"container\" data-settings=\"{&quot;background_background&quot;:&quot;classic&quot;}\">\n\t\t\t\t\t<div class=\"e-con-inner\">\n\t\t\t\t\t<\/div>\n\t\t\t\t<\/div>\n\t\t<div class=\"elementor-element elementor-element-9a91a81 e-flex e-con-boxed elementor-invisible e-con e-parent\" data-id=\"9a91a81\" data-element_type=\"container\" data-e-type=\"container\" data-settings=\"{&quot;animation&quot;:&quot;fadeInUp&quot;,&quot;animation_delay&quot;:300}\">\n\t\t\t\t\t<div class=\"e-con-inner\">\n\t\t<div class=\"elementor-element elementor-element-4f8d592 e-con-full e-flex e-con e-child\" data-id=\"4f8d592\" data-element_type=\"container\" data-e-type=\"container\">\n\t\t<div class=\"elementor-element elementor-element-ee952a7 e-con-full e-flex e-con e-child\" data-id=\"ee952a7\" data-element_type=\"container\" data-e-type=\"container\" data-settings=\"{&quot;background_background&quot;:&quot;classic&quot;}\">\n\t\t<div class=\"elementor-element elementor-element-65e34d8 e-con-full e-flex e-con e-child\" data-id=\"65e34d8\" data-element_type=\"container\" data-e-type=\"container\">\n\t\t\t\t<div class=\"elementor-element elementor-element-31f1c37 elementor-widget elementor-widget-heading\" data-id=\"31f1c37\" data-element_type=\"widget\" data-e-type=\"widget\" data-widget_type=\"heading.default\">\n\t\t\t\t<div class=\"elementor-widget-container\">\n\t\t\t\t\t<h2 class=\"elementor-heading-title elementor-size-default\">Kundservice som skaper verdi <\/h2>\t\t\t\t<\/div>\n\t\t\t\t<\/div>\n\t\t\t\t<div class=\"elementor-element elementor-element-82f6eda elementor-widget elementor-widget-text-editor\" data-id=\"82f6eda\" data-element_type=\"widget\" data-e-type=\"widget\" data-widget_type=\"text-editor.default\">\n\t\t\t\t<div class=\"elementor-widget-container\">\n\t\t\t\t\t\t\t\t\t<p>Har du vurdert hvor mye tid teamet ditt bruker p\u00e5 \u00e5 h\u00e5ndtere telefonsamtaler?<\/p><p>Kundehenvendelser og stadige avbrytelser kan stjele verdifull tid \u2013 men utmerket kundeservice er n\u00f8kkelen til forn\u00f8yde og lojale kunder.<\/p><p>Hos Aktiv ServiceCenter tager vi h\u00e5nd om dine opkald, s\u00e5 dine medarbejdere kan fokusere p\u00e5 deres kerneopgaver uden afbrydelser. Samtidig sikrer vi, at dine kunder altid m\u00f8der en venlig og professionel stemme, som giver dem den hj\u00e6lp og vejledning, de har brug for.<\/p>\t\t\t\t\t\t\t\t<\/div>\n\t\t\t\t<\/div>\n\t\t\t\t<\/div>\n\t\t<div class=\"elementor-element elementor-element-92df9c4 e-con-full e-flex e-con e-child\" data-id=\"92df9c4\" data-element_type=\"container\" data-e-type=\"container\">\n\t\t\t\t<div class=\"elementor-element elementor-element-c3555fa elementor-widget elementor-widget-heading\" data-id=\"c3555fa\" data-element_type=\"widget\" data-e-type=\"widget\" data-widget_type=\"heading.default\">\n\t\t\t\t<div class=\"elementor-widget-container\">\n\t\t\t\t\t<h4 class=\"elementor-heading-title elementor-size-default\">Lever enest\u00e5ende kundeservice \u2013 uten \u00e5 ofre tiden din<\/h4>\t\t\t\t<\/div>\n\t\t\t\t<\/div>\n\t\t\t\t<div class=\"elementor-element elementor-element-9ec4099 elementor-widget elementor-widget-text-editor\" data-id=\"9ec4099\" data-element_type=\"widget\" data-e-type=\"widget\" data-widget_type=\"text-editor.default\">\n\t\t\t\t<div class=\"elementor-widget-container\">\n\t\t\t\t\t\t\t\t\t<p>De fleste foretrekker personlig service \u2013 faktisk legger hele 60 % ikke igjen beskjed p\u00e5 telefonsvarer. Med Aktiv ServiceCenter som servicepartner g\u00e5r ingen samtaler tapt \u2013 hver kunde m\u00f8tes med personlig, h\u00f8flig og profesjonell hjelp.<\/p><p>Vi tilbyr fleksible l\u00f8sninger \u2013 enten du \u00f8nsker en fast avtale eller en skalerbar l\u00f8sning.<\/p>\t\t\t\t\t\t\t\t<\/div>\n\t\t\t\t<\/div>\n\t\t\t\t<\/div>\n\t\t\t\t<\/div>\n\t\t\t\t<div class=\"elementor-element elementor-element-e7c5358 elementor-widget elementor-widget-image\" data-id=\"e7c5358\" data-element_type=\"widget\" data-e-type=\"widget\" data-widget_type=\"image.default\">\n\t\t\t\t<div class=\"elementor-widget-container\">\n\t\t\t\t\t\t\t\t\t\t\t\t\t\t\t<img fetchpriority=\"high\" decoding=\"async\" width=\"800\" height=\"845\" src=\"https:\/\/aktivservicecenter.dk\/wp-content\/uploads\/pexels-wilder-stiven-cardona-lopera-128226736-30378293-969x1024.jpg\" class=\"attachment-large size-large wp-image-2710\" alt=\"\" srcset=\"https:\/\/aktivservicecenter.dk\/wp-content\/uploads\/pexels-wilder-stiven-cardona-lopera-128226736-30378293-969x1024.jpg 969w, https:\/\/aktivservicecenter.dk\/wp-content\/uploads\/pexels-wilder-stiven-cardona-lopera-128226736-30378293-284x300.jpg 284w, https:\/\/aktivservicecenter.dk\/wp-content\/uploads\/pexels-wilder-stiven-cardona-lopera-128226736-30378293-768x812.jpg 768w, https:\/\/aktivservicecenter.dk\/wp-content\/uploads\/pexels-wilder-stiven-cardona-lopera-128226736-30378293-1453x1536.jpg 1453w, https:\/\/aktivservicecenter.dk\/wp-content\/uploads\/pexels-wilder-stiven-cardona-lopera-128226736-30378293-scaled.jpg 1938w, https:\/\/aktivservicecenter.dk\/wp-content\/uploads\/pexels-wilder-stiven-cardona-lopera-128226736-30378293-11x12.jpg 11w\" sizes=\"(max-width: 800px) 100vw, 800px\" \/>\t\t\t\t\t\t\t\t\t\t\t\t\t\t\t<\/div>\n\t\t\t\t<\/div>\n\t\t\t\t<\/div>\n\t\t<div class=\"elementor-element elementor-element-b9bb8a3 e-con-full e-flex e-con e-child\" data-id=\"b9bb8a3\" data-element_type=\"container\" data-e-type=\"container\">\n\t\t\t\t<div class=\"elementor-element elementor-element-1eb7ef3 elementor-widget elementor-widget-image\" data-id=\"1eb7ef3\" data-element_type=\"widget\" data-e-type=\"widget\" data-widget_type=\"image.default\">\n\t\t\t\t<div class=\"elementor-widget-container\">\n\t\t\t\t\t\t\t\t\t\t\t\t\t\t\t<img decoding=\"async\" width=\"2048\" height=\"1365\" src=\"https:\/\/aktivservicecenter.dk\/wp-content\/uploads\/pexels-mart-production-7709225-scaled.jpg\" class=\"attachment-full size-full wp-image-2778\" alt=\"\" srcset=\"https:\/\/aktivservicecenter.dk\/wp-content\/uploads\/pexels-mart-production-7709225-scaled.jpg 2048w, https:\/\/aktivservicecenter.dk\/wp-content\/uploads\/pexels-mart-production-7709225-300x200.jpg 300w, https:\/\/aktivservicecenter.dk\/wp-content\/uploads\/pexels-mart-production-7709225-1024x683.jpg 1024w, https:\/\/aktivservicecenter.dk\/wp-content\/uploads\/pexels-mart-production-7709225-768x512.jpg 768w, https:\/\/aktivservicecenter.dk\/wp-content\/uploads\/pexels-mart-production-7709225-1536x1024.jpg 1536w, https:\/\/aktivservicecenter.dk\/wp-content\/uploads\/pexels-mart-production-7709225-18x12.jpg 18w\" sizes=\"(max-width: 2048px) 100vw, 2048px\" \/>\t\t\t\t\t\t\t\t\t\t\t\t\t\t\t<\/div>\n\t\t\t\t<\/div>\n\t\t<div class=\"elementor-element elementor-element-8954222 e-con-full e-flex e-con e-child\" data-id=\"8954222\" data-element_type=\"container\" data-e-type=\"container\" data-settings=\"{&quot;background_background&quot;:&quot;classic&quot;}\">\n\t\t<div class=\"elementor-element elementor-element-c317959 e-con-full e-flex e-con e-child\" data-id=\"c317959\" data-element_type=\"container\" data-e-type=\"container\">\n\t\t<div class=\"elementor-element elementor-element-5cc6ad3 e-con-full e-flex e-con e-child\" data-id=\"5cc6ad3\" data-element_type=\"container\" data-e-type=\"container\">\n\t\t\t\t<div class=\"elementor-element elementor-element-ab3979c elementor-widget elementor-widget-heading\" data-id=\"ab3979c\" data-element_type=\"widget\" data-e-type=\"widget\" data-widget_type=\"heading.default\">\n\t\t\t\t<div class=\"elementor-widget-container\">\n\t\t\t\t\t<h2 class=\"elementor-heading-title elementor-size-default\">Fast serviceavtale <\/h2>\t\t\t\t<\/div>\n\t\t\t\t<\/div>\n\t\t\t\t<div class=\"elementor-element elementor-element-d035477 elementor-widget elementor-widget-text-editor\" data-id=\"d035477\" data-element_type=\"widget\" data-e-type=\"widget\" data-widget_type=\"text-editor.default\">\n\t\t\t\t<div class=\"elementor-widget-container\">\n\t\t\t\t\t\t\t\t\t<p>Alle samtaler videresendes til oss innenfor avtalte \u00e5pningstider. Vi h\u00e5ndterer alle inng\u00e5ende samtaler og sikrer n\u00f8yaktig informasjon og profesjonell st\u00f8tte til kundene dine.<\/p>\t\t\t\t\t\t\t\t<\/div>\n\t\t\t\t<\/div>\n\t\t\t\t<div class=\"elementor-element elementor-element-bf208e9 elementor-widget elementor-widget-heading\" data-id=\"bf208e9\" data-element_type=\"widget\" data-e-type=\"widget\" data-widget_type=\"heading.default\">\n\t\t\t\t<div class=\"elementor-widget-container\">\n\t\t\t\t\t<h2 class=\"elementor-heading-title elementor-size-default\">Fleksibel serviceaftale <\/h2>\t\t\t\t<\/div>\n\t\t\t\t<\/div>\n\t\t\t\t<div class=\"elementor-element elementor-element-eeb5801 elementor-widget elementor-widget-text-editor\" data-id=\"eeb5801\" data-element_type=\"widget\" data-e-type=\"widget\" data-widget_type=\"text-editor.default\">\n\t\t\t\t<div class=\"elementor-widget-container\">\n\t\t\t\t\t\t\t\t\t<p>Du bestemmer n\u00e5r samtaler skal videresendes til oss \u2013 \u00e9n gang, flere ganger, eller kun ved behov.<\/p><p>Perfekt for deg som vil h\u00e5ndtere noen henvendelser selv, men trenger st\u00f8tte i m\u00f8ter eller ved stor p\u00e5gang.<\/p><p>Uansett hva du velger, leverer vi kundeservice av h\u00f8yeste kvalitet \u2013 tilpasset dine behov.<\/p>\t\t\t\t\t\t\t\t<\/div>\n\t\t\t\t<\/div>\n\t\t\t\t<div class=\"elementor-element elementor-element-6e3f247 elementor-widget elementor-widget-button\" data-id=\"6e3f247\" data-element_type=\"widget\" data-e-type=\"widget\" data-widget_type=\"button.default\">\n\t\t\t\t<div class=\"elementor-widget-container\">\n\t\t\t\t\t\t\t\t\t<div class=\"elementor-button-wrapper\">\n\t\t\t\t\t<a class=\"elementor-button elementor-button-link elementor-size-sm elementor-animation-shrink\" href=\"https:\/\/aktivservicecenter.dk\/nb\/kontakt\/\">\n\t\t\t\t\t\t<span class=\"elementor-button-content-wrapper\">\n\t\t\t\t\t\t\t\t\t<span class=\"elementor-button-text\">Kontakt oss for et uforpliktende tilbud<\/span>\n\t\t\t\t\t<\/span>\n\t\t\t\t\t<\/a>\n\t\t\t\t<\/div>\n\t\t\t\t\t\t\t\t<\/div>\n\t\t\t\t<\/div>\n\t\t\t\t<\/div>\n\t\t\t\t<\/div>\n\t\t\t\t<\/div>\n\t\t\t\t<\/div>\n\t\t\t\t\t<\/div>\n\t\t\t\t<\/div>\n\t\t\t\t<\/div>","protected":false},"excerpt":{"rendered":"<p>Kundeservice, der skaber v\u00e6rdi T\u00e6nker du nogensinde p\u00e5 hvor meget tid, du og dit team bruger p\u00e5 at tale i telefon? Kundehenvendelser og konstante telefonopkald er tidskr\u00e6vende og kan stj\u00e6le opm\u00e6rksomhed fra \u00f8vrige arbejdsopgaver \u2013 men god kundeservice er ogs\u00e5 afg\u00f8rende for at sikre tilfredse og loyale kunder. Hos Aktiv ServiceCenter tager vi h\u00e5nd om [&hellip;]<\/p>\n","protected":false},"author":1,"featured_media":0,"parent":0,"menu_order":0,"comment_status":"closed","ping_status":"closed","template":"","meta":{"footnotes":""},"class_list":["post-1564","page","type-page","status-publish","hentry"],"yoast_head":"<!-- This site is optimized with the Yoast SEO plugin v27.5 - https:\/\/yoast.com\/product\/yoast-seo-wordpress\/ -->\n<title>Servicel\u00f8sninger - Aktiv Servicecenter<\/title>\n<meta name=\"robots\" content=\"index, follow, max-snippet:-1, max-image-preview:large, max-video-preview:-1\" \/>\n<link rel=\"canonical\" href=\"https:\/\/aktivservicecenter.dk\/nb\/serviceloesninger\/\" \/>\n<meta property=\"og:locale\" content=\"nb_NO\" \/>\n<meta property=\"og:type\" content=\"article\" \/>\n<meta property=\"og:title\" content=\"Servicel\u00f8sninger - Aktiv Servicecenter\" \/>\n<meta property=\"og:description\" content=\"Kundeservice, der skaber v\u00e6rdi T\u00e6nker du nogensinde p\u00e5 hvor meget tid, du og dit team bruger p\u00e5 at tale i telefon? Kundehenvendelser og konstante telefonopkald er tidskr\u00e6vende og kan stj\u00e6le opm\u00e6rksomhed fra \u00f8vrige arbejdsopgaver \u2013 men god kundeservice er ogs\u00e5 afg\u00f8rende for at sikre tilfredse og loyale kunder. Hos Aktiv ServiceCenter tager vi h\u00e5nd om [&hellip;]\" \/>\n<meta property=\"og:url\" content=\"https:\/\/aktivservicecenter.dk\/nb\/serviceloesninger\/\" \/>\n<meta property=\"og:site_name\" content=\"Aktiv Servicecenter\" \/>\n<meta property=\"article:modified_time\" content=\"2025-04-22T13:24:42+00:00\" \/>\n<meta property=\"og:image\" content=\"https:\/\/aktivservicecenter.dk\/wp-content\/uploads\/pexels-wilder-stiven-cardona-lopera-128226736-30378293-scaled.jpg\" \/>\n\t<meta property=\"og:image:width\" content=\"1938\" \/>\n\t<meta property=\"og:image:height\" content=\"2048\" \/>\n\t<meta property=\"og:image:type\" content=\"image\/jpeg\" \/>\n<meta name=\"twitter:card\" content=\"summary_large_image\" \/>\n<meta name=\"twitter:label1\" content=\"Ansl. lesetid\" \/>\n\t<meta name=\"twitter:data1\" content=\"3 minutter\" \/>\n<script type=\"application\/ld+json\" class=\"yoast-schema-graph\">{\"@context\":\"https:\\\/\\\/schema.org\",\"@graph\":[{\"@type\":\"WebPage\",\"@id\":\"https:\\\/\\\/aktivservicecenter.dk\\\/serviceloesninger\\\/\",\"url\":\"https:\\\/\\\/aktivservicecenter.dk\\\/serviceloesninger\\\/\",\"name\":\"Servicel\u00f8sninger - Aktiv Servicecenter\",\"isPartOf\":{\"@id\":\"https:\\\/\\\/aktivservicecenter.dk\\\/#website\"},\"primaryImageOfPage\":{\"@id\":\"https:\\\/\\\/aktivservicecenter.dk\\\/serviceloesninger\\\/#primaryimage\"},\"image\":{\"@id\":\"https:\\\/\\\/aktivservicecenter.dk\\\/serviceloesninger\\\/#primaryimage\"},\"thumbnailUrl\":\"https:\\\/\\\/aktivservicecenter.dk\\\/wp-content\\\/uploads\\\/pexels-wilder-stiven-cardona-lopera-128226736-30378293-969x1024.jpg\",\"datePublished\":\"2025-03-28T13:45:03+00:00\",\"dateModified\":\"2025-04-22T13:24:42+00:00\",\"inLanguage\":\"nb-NO\",\"potentialAction\":[{\"@type\":\"ReadAction\",\"target\":[\"https:\\\/\\\/aktivservicecenter.dk\\\/serviceloesninger\\\/\"]}]},{\"@type\":\"ImageObject\",\"inLanguage\":\"nb-NO\",\"@id\":\"https:\\\/\\\/aktivservicecenter.dk\\\/serviceloesninger\\\/#primaryimage\",\"url\":\"https:\\\/\\\/aktivservicecenter.dk\\\/wp-content\\\/uploads\\\/pexels-wilder-stiven-cardona-lopera-128226736-30378293-969x1024.jpg\",\"contentUrl\":\"https:\\\/\\\/aktivservicecenter.dk\\\/wp-content\\\/uploads\\\/pexels-wilder-stiven-cardona-lopera-128226736-30378293-969x1024.jpg\"},{\"@type\":\"WebSite\",\"@id\":\"https:\\\/\\\/aktivservicecenter.dk\\\/#website\",\"url\":\"https:\\\/\\\/aktivservicecenter.dk\\\/\",\"name\":\"Aktiv Servicecenter\",\"description\":\"\",\"publisher\":{\"@id\":\"https:\\\/\\\/aktivservicecenter.dk\\\/#organization\"},\"potentialAction\":[{\"@type\":\"SearchAction\",\"target\":{\"@type\":\"EntryPoint\",\"urlTemplate\":\"https:\\\/\\\/aktivservicecenter.dk\\\/?s={search_term_string}\"},\"query-input\":{\"@type\":\"PropertyValueSpecification\",\"valueRequired\":true,\"valueName\":\"search_term_string\"}}],\"inLanguage\":\"nb-NO\"},{\"@type\":\"Organization\",\"@id\":\"https:\\\/\\\/aktivservicecenter.dk\\\/#organization\",\"name\":\"Aktiv Servicecenter\",\"url\":\"https:\\\/\\\/aktivservicecenter.dk\\\/\",\"logo\":{\"@type\":\"ImageObject\",\"inLanguage\":\"nb-NO\",\"@id\":\"https:\\\/\\\/aktivservicecenter.dk\\\/#\\\/schema\\\/logo\\\/image\\\/\",\"url\":\"https:\\\/\\\/aktivservicecenter.dk\\\/wp-content\\\/uploads\\\/Aktiv-Service-Center_Logo_Rentegnet.png\",\"contentUrl\":\"https:\\\/\\\/aktivservicecenter.dk\\\/wp-content\\\/uploads\\\/Aktiv-Service-Center_Logo_Rentegnet.png\",\"width\":1193,\"height\":570,\"caption\":\"Aktiv Servicecenter\"},\"image\":{\"@id\":\"https:\\\/\\\/aktivservicecenter.dk\\\/#\\\/schema\\\/logo\\\/image\\\/\"}}]}<\/script>\n<!-- \/ Yoast SEO plugin. -->","yoast_head_json":{"title":"Servicel\u00f8sninger - Aktiv Servicecenter","robots":{"index":"index","follow":"follow","max-snippet":"max-snippet:-1","max-image-preview":"max-image-preview:large","max-video-preview":"max-video-preview:-1"},"canonical":"https:\/\/aktivservicecenter.dk\/nb\/serviceloesninger\/","og_locale":"nb_NO","og_type":"article","og_title":"Servicel\u00f8sninger - Aktiv Servicecenter","og_description":"Kundeservice, der skaber v\u00e6rdi T\u00e6nker du nogensinde p\u00e5 hvor meget tid, du og dit team bruger p\u00e5 at tale i telefon? Kundehenvendelser og konstante telefonopkald er tidskr\u00e6vende og kan stj\u00e6le opm\u00e6rksomhed fra \u00f8vrige arbejdsopgaver \u2013 men god kundeservice er ogs\u00e5 afg\u00f8rende for at sikre tilfredse og loyale kunder. Hos Aktiv ServiceCenter tager vi h\u00e5nd om [&hellip;]","og_url":"https:\/\/aktivservicecenter.dk\/nb\/serviceloesninger\/","og_site_name":"Aktiv Servicecenter","article_modified_time":"2025-04-22T13:24:42+00:00","og_image":[{"width":1938,"height":2048,"url":"https:\/\/aktivservicecenter.dk\/wp-content\/uploads\/pexels-wilder-stiven-cardona-lopera-128226736-30378293-scaled.jpg","type":"image\/jpeg"}],"twitter_card":"summary_large_image","twitter_misc":{"Ansl. lesetid":"3 minutter"},"schema":{"@context":"https:\/\/schema.org","@graph":[{"@type":"WebPage","@id":"https:\/\/aktivservicecenter.dk\/serviceloesninger\/","url":"https:\/\/aktivservicecenter.dk\/serviceloesninger\/","name":"Servicel\u00f8sninger - Aktiv Servicecenter","isPartOf":{"@id":"https:\/\/aktivservicecenter.dk\/#website"},"primaryImageOfPage":{"@id":"https:\/\/aktivservicecenter.dk\/serviceloesninger\/#primaryimage"},"image":{"@id":"https:\/\/aktivservicecenter.dk\/serviceloesninger\/#primaryimage"},"thumbnailUrl":"https:\/\/aktivservicecenter.dk\/wp-content\/uploads\/pexels-wilder-stiven-cardona-lopera-128226736-30378293-969x1024.jpg","datePublished":"2025-03-28T13:45:03+00:00","dateModified":"2025-04-22T13:24:42+00:00","inLanguage":"nb-NO","potentialAction":[{"@type":"ReadAction","target":["https:\/\/aktivservicecenter.dk\/serviceloesninger\/"]}]},{"@type":"ImageObject","inLanguage":"nb-NO","@id":"https:\/\/aktivservicecenter.dk\/serviceloesninger\/#primaryimage","url":"https:\/\/aktivservicecenter.dk\/wp-content\/uploads\/pexels-wilder-stiven-cardona-lopera-128226736-30378293-969x1024.jpg","contentUrl":"https:\/\/aktivservicecenter.dk\/wp-content\/uploads\/pexels-wilder-stiven-cardona-lopera-128226736-30378293-969x1024.jpg"},{"@type":"WebSite","@id":"https:\/\/aktivservicecenter.dk\/#website","url":"https:\/\/aktivservicecenter.dk\/","name":"Aktiv Servicecenter","description":"","publisher":{"@id":"https:\/\/aktivservicecenter.dk\/#organization"},"potentialAction":[{"@type":"SearchAction","target":{"@type":"EntryPoint","urlTemplate":"https:\/\/aktivservicecenter.dk\/?s={search_term_string}"},"query-input":{"@type":"PropertyValueSpecification","valueRequired":true,"valueName":"search_term_string"}}],"inLanguage":"nb-NO"},{"@type":"Organization","@id":"https:\/\/aktivservicecenter.dk\/#organization","name":"Aktiv Servicecenter","url":"https:\/\/aktivservicecenter.dk\/","logo":{"@type":"ImageObject","inLanguage":"nb-NO","@id":"https:\/\/aktivservicecenter.dk\/#\/schema\/logo\/image\/","url":"https:\/\/aktivservicecenter.dk\/wp-content\/uploads\/Aktiv-Service-Center_Logo_Rentegnet.png","contentUrl":"https:\/\/aktivservicecenter.dk\/wp-content\/uploads\/Aktiv-Service-Center_Logo_Rentegnet.png","width":1193,"height":570,"caption":"Aktiv Servicecenter"},"image":{"@id":"https:\/\/aktivservicecenter.dk\/#\/schema\/logo\/image\/"}}]}},"_links":{"self":[{"href":"https:\/\/aktivservicecenter.dk\/nb\/wp-json\/wp\/v2\/pages\/1564","targetHints":{"allow":["GET"]}}],"collection":[{"href":"https:\/\/aktivservicecenter.dk\/nb\/wp-json\/wp\/v2\/pages"}],"about":[{"href":"https:\/\/aktivservicecenter.dk\/nb\/wp-json\/wp\/v2\/types\/page"}],"author":[{"embeddable":true,"href":"https:\/\/aktivservicecenter.dk\/nb\/wp-json\/wp\/v2\/users\/1"}],"replies":[{"embeddable":true,"href":"https:\/\/aktivservicecenter.dk\/nb\/wp-json\/wp\/v2\/comments?post=1564"}],"version-history":[{"count":20,"href":"https:\/\/aktivservicecenter.dk\/nb\/wp-json\/wp\/v2\/pages\/1564\/revisions"}],"predecessor-version":[{"id":2781,"href":"https:\/\/aktivservicecenter.dk\/nb\/wp-json\/wp\/v2\/pages\/1564\/revisions\/2781"}],"wp:attachment":[{"href":"https:\/\/aktivservicecenter.dk\/nb\/wp-json\/wp\/v2\/media?parent=1564"}],"curies":[{"name":"wp","href":"https:\/\/api.w.org\/{rel}","templated":true}]}}