{"id":1064,"date":"2023-11-01T14:31:15","date_gmt":"2023-11-01T13:31:15","guid":{"rendered":"https:\/\/aktivservicecenter.dk\/om-os\/"},"modified":"2026-03-02T07:13:57","modified_gmt":"2026-03-02T06:13:57","slug":"aktiv-servicecenter","status":"publish","type":"page","link":"https:\/\/aktivservicecenter.dk\/nb\/aktiv-servicecenter\/","title":{"rendered":"Aktiv Servicecenter"},"content":{"rendered":"<div data-elementor-type=\"wp-post\" data-elementor-id=\"1064\" class=\"elementor elementor-1064\" data-elementor-post-type=\"page\">\n\t\t\t\t<div class=\"elementor-element elementor-element-5154397 e-flex e-con-boxed e-con e-parent\" data-id=\"5154397\" data-element_type=\"container\" data-e-type=\"container\" data-settings=\"{&quot;background_background&quot;:&quot;classic&quot;}\">\n\t\t\t\t\t<div class=\"e-con-inner\">\n\t\t\t\t\t<\/div>\n\t\t\t\t<\/div>\n\t\t<div class=\"elementor-element elementor-element-012ca7d e-flex e-con-boxed elementor-invisible e-con e-parent\" data-id=\"012ca7d\" data-element_type=\"container\" data-e-type=\"container\" data-settings=\"{&quot;animation&quot;:&quot;fadeInUp&quot;,&quot;animation_delay&quot;:300}\">\n\t\t\t\t\t<div class=\"e-con-inner\">\n\t\t<div class=\"elementor-element elementor-element-643c39d e-con-full e-flex e-con e-child\" data-id=\"643c39d\" data-element_type=\"container\" data-e-type=\"container\">\n\t\t<div class=\"elementor-element elementor-element-0df4e2d e-con-full e-flex e-con e-child\" data-id=\"0df4e2d\" data-element_type=\"container\" data-e-type=\"container\" data-settings=\"{&quot;background_background&quot;:&quot;classic&quot;}\">\n\t\t<div class=\"elementor-element elementor-element-19b62ee e-con-full e-flex e-con e-child\" data-id=\"19b62ee\" data-element_type=\"container\" data-e-type=\"container\">\n\t\t\t\t<div class=\"elementor-element elementor-element-9622490 elementor-widget elementor-widget-heading\" data-id=\"9622490\" data-element_type=\"widget\" data-e-type=\"widget\" data-widget_type=\"heading.default\">\n\t\t\t\t<div class=\"elementor-widget-container\">\n\t\t\t\t\t<h2 class=\"elementor-heading-title elementor-size-default\">Fremtidens kundeservice<\/h2>\t\t\t\t<\/div>\n\t\t\t\t<\/div>\n\t\t\t\t<div class=\"elementor-element elementor-element-634f65d elementor-widget elementor-widget-text-editor\" data-id=\"634f65d\" data-element_type=\"widget\" data-e-type=\"widget\" data-widget_type=\"text-editor.default\">\n\t\t\t\t<div class=\"elementor-widget-container\">\n\t\t\t\t\t\t\t\t\t<p>Vi er et dansk selskap som spesialiserer seg p\u00e5 profesjonelle kundeservicel\u00f8sninger til eksterne kunder. Som s\u00f8sterselskap til Wattar Gruppen, har vi et sterkt sosialt engasjement og tilbyr meningsfulle arbeidsplasser til personer med redusert arbeidsevne.<\/p>\t\t\t\t\t\t\t\t<\/div>\n\t\t\t\t<\/div>\n\t\t\t\t<\/div>\n\t\t<div class=\"elementor-element elementor-element-90eb2cc e-con-full e-flex e-con e-child\" data-id=\"90eb2cc\" data-element_type=\"container\" data-e-type=\"container\">\n\t\t\t\t<div class=\"elementor-element elementor-element-6b48d33 elementor-widget elementor-widget-heading\" data-id=\"6b48d33\" data-element_type=\"widget\" data-e-type=\"widget\" data-widget_type=\"heading.default\">\n\t\t\t\t<div class=\"elementor-widget-container\">\n\t\t\t\t\t<h4 class=\"elementor-heading-title elementor-size-default\">V\u00e5r misjon<\/h4>\t\t\t\t<\/div>\n\t\t\t\t<\/div>\n\t\t\t\t<div class=\"elementor-element elementor-element-5e3f8d4 list-container elementor-widget elementor-widget-text-editor\" data-id=\"5e3f8d4\" data-element_type=\"widget\" data-e-type=\"widget\" data-widget_type=\"text-editor.default\">\n\t\t\t\t<div class=\"elementor-widget-container\">\n\t\t\t\t\t\t\t\t\t<p>V\u00e5rt oppdrag er todelt:<\/p><ul><li><strong>Fremragende kundeservice:<\/strong> Vi leverer service av h\u00f8y kvalitet til sm\u00e5 og mellomstore bedrifter over hele Skandinavia \u2013 og styrker b\u00e5de kundeopplevelse og forretningsresultater.<\/li><li><strong>Sosial b\u00e6rekraft:<\/strong> Vi jobber for \u00e5 inkludere personer med nedsatt arbeidsevne i arbeidslivet, og skaper en mer inkluderende og b\u00e6rekraftig fremtid.<\/li><\/ul>\t\t\t\t\t\t\t\t<\/div>\n\t\t\t\t<\/div>\n\t\t\t\t<\/div>\n\t\t<div class=\"elementor-element elementor-element-98de76f e-con-full e-flex e-con e-child\" data-id=\"98de76f\" data-element_type=\"container\" data-e-type=\"container\">\n\t\t\t\t<div class=\"elementor-element elementor-element-356ae23 elementor-widget elementor-widget-heading\" data-id=\"356ae23\" data-element_type=\"widget\" data-e-type=\"widget\" data-widget_type=\"heading.default\">\n\t\t\t\t<div class=\"elementor-widget-container\">\n\t\t\t\t\t<h4 class=\"elementor-heading-title elementor-size-default\">En del av JobTrioen  <\/h4>\t\t\t\t<\/div>\n\t\t\t\t<\/div>\n\t\t\t\t<div class=\"elementor-element elementor-element-f07ba08 elementor-widget elementor-widget-text-editor\" data-id=\"f07ba08\" data-element_type=\"widget\" data-e-type=\"widget\" data-widget_type=\"text-editor.default\">\n\t\t\t\t<div class=\"elementor-widget-container\">\n\t\t\t\t\t\t\t\t\tVi er en integrert del av JobTrioen, hvor vi sammen skaper muligheter for dem som trenger ekstra st\u00f8tte for \u00e5 komme tilbake i jobb.  \t\t\t\t\t\t\t\t<\/div>\n\t\t\t\t<\/div>\n\t\t\t\t<\/div>\n\t\t\t\t<div class=\"elementor-element elementor-element-41d2c20 elementor-widget elementor-widget-button\" data-id=\"41d2c20\" data-element_type=\"widget\" data-e-type=\"widget\" data-widget_type=\"button.default\">\n\t\t\t\t<div class=\"elementor-widget-container\">\n\t\t\t\t\t\t\t\t\t<div class=\"elementor-button-wrapper\">\n\t\t\t\t\t<a class=\"elementor-button elementor-button-link elementor-size-sm elementor-animation-shrink\" href=\"https:\/\/aktivservicecenter.dk\/nb\/aktiv-servicecenter\/vores-vision\/\">\n\t\t\t\t\t\t<span class=\"elementor-button-content-wrapper\">\n\t\t\t\t\t\t\t\t\t<span class=\"elementor-button-text\">Les om v\u00e5r visjon her<\/span>\n\t\t\t\t\t<\/span>\n\t\t\t\t\t<\/a>\n\t\t\t\t<\/div>\n\t\t\t\t\t\t\t\t<\/div>\n\t\t\t\t<\/div>\n\t\t\t\t<\/div>\n\t\t\t\t<div class=\"elementor-element elementor-element-04f76c6 elementor-widget elementor-widget-image\" data-id=\"04f76c6\" data-element_type=\"widget\" data-e-type=\"widget\" data-widget_type=\"image.default\">\n\t\t\t\t<div class=\"elementor-widget-container\">\n\t\t\t\t\t\t\t\t\t\t\t\t\t\t\t<img fetchpriority=\"high\" decoding=\"async\" width=\"2048\" height=\"1365\" src=\"https:\/\/aktivservicecenter.dk\/wp-content\/uploads\/pexels-magda-ehlers-pexels-27403998-scaled.jpg\" class=\"attachment-full size-full wp-image-2645\" alt=\"\" srcset=\"https:\/\/aktivservicecenter.dk\/wp-content\/uploads\/pexels-magda-ehlers-pexels-27403998-scaled.jpg 2048w, https:\/\/aktivservicecenter.dk\/wp-content\/uploads\/pexels-magda-ehlers-pexels-27403998-300x200.jpg 300w, https:\/\/aktivservicecenter.dk\/wp-content\/uploads\/pexels-magda-ehlers-pexels-27403998-1024x683.jpg 1024w, https:\/\/aktivservicecenter.dk\/wp-content\/uploads\/pexels-magda-ehlers-pexels-27403998-768x512.jpg 768w, https:\/\/aktivservicecenter.dk\/wp-content\/uploads\/pexels-magda-ehlers-pexels-27403998-1536x1024.jpg 1536w, https:\/\/aktivservicecenter.dk\/wp-content\/uploads\/pexels-magda-ehlers-pexels-27403998-18x12.jpg 18w\" sizes=\"(max-width: 2048px) 100vw, 2048px\" \/>\t\t\t\t\t\t\t\t\t\t\t\t\t\t\t<\/div>\n\t\t\t\t<\/div>\n\t\t\t\t<\/div>\n\t\t<div class=\"elementor-element elementor-element-f1a6555 e-con-full e-flex e-con e-child\" data-id=\"f1a6555\" data-element_type=\"container\" data-e-type=\"container\">\n\t\t\t\t<div class=\"elementor-element elementor-element-852b90e elementor-widget elementor-widget-image\" data-id=\"852b90e\" data-element_type=\"widget\" data-e-type=\"widget\" data-widget_type=\"image.default\">\n\t\t\t\t<div class=\"elementor-widget-container\">\n\t\t\t\t\t\t\t\t\t\t\t\t\t\t\t<img decoding=\"async\" width=\"2048\" height=\"1365\" src=\"https:\/\/aktivservicecenter.dk\/wp-content\/uploads\/AdobeStock_392379613-scaled.jpeg\" class=\"attachment-full size-full wp-image-2078\" alt=\"\" srcset=\"https:\/\/aktivservicecenter.dk\/wp-content\/uploads\/AdobeStock_392379613-scaled.jpeg 2048w, https:\/\/aktivservicecenter.dk\/wp-content\/uploads\/AdobeStock_392379613-300x200.jpeg 300w, https:\/\/aktivservicecenter.dk\/wp-content\/uploads\/AdobeStock_392379613-1024x683.jpeg 1024w, https:\/\/aktivservicecenter.dk\/wp-content\/uploads\/AdobeStock_392379613-768x512.jpeg 768w, https:\/\/aktivservicecenter.dk\/wp-content\/uploads\/AdobeStock_392379613-1536x1024.jpeg 1536w\" sizes=\"(max-width: 2048px) 100vw, 2048px\" \/>\t\t\t\t\t\t\t\t\t\t\t\t\t\t\t<\/div>\n\t\t\t\t<\/div>\n\t\t<div class=\"elementor-element elementor-element-8cd073f e-con-full e-flex e-con e-child\" data-id=\"8cd073f\" data-element_type=\"container\" data-e-type=\"container\" data-settings=\"{&quot;background_background&quot;:&quot;classic&quot;}\">\n\t\t\t\t<div class=\"elementor-element elementor-element-8b4cc8a elementor-widget elementor-widget-heading\" data-id=\"8b4cc8a\" data-element_type=\"widget\" data-e-type=\"widget\" data-widget_type=\"heading.default\">\n\t\t\t\t<div class=\"elementor-widget-container\">\n\t\t\t\t\t<h2 class=\"elementor-heading-title elementor-size-default\">Hvorfor velge Aktiv ServiceCenter?  <\/h2>\t\t\t\t<\/div>\n\t\t\t\t<\/div>\n\t\t\t\t<div class=\"elementor-element elementor-element-18c37e0 list-container elementor-widget elementor-widget-text-editor\" data-id=\"18c37e0\" data-element_type=\"widget\" data-e-type=\"widget\" data-widget_type=\"text-editor.default\">\n\t\t\t\t<div class=\"elementor-widget-container\">\n\t\t\t\t\t\t\t\t\t<ul><li><strong>Kvalitet og profesjonalitet:<\/strong> Vi s\u00f8rger for at v\u00e5re ansatte er godt forberedt p\u00e5 oppgavene gjennom grundig oppl\u00e6ring, slik at de kan levere en presis og profesjonell serviceopplevelse til alle dine kunder.<\/li><li><strong>Sosialt ansvar:<\/strong> Ved \u00e5 samarbeide med oss bidrar din bedrift til sosial b\u00e6rekraft ved \u00e5 st\u00f8tte sysselsetting av personer med nedsatt arbeidsevne.<\/li><li><strong>Fleksible l\u00f8sninger:<\/strong> Vi tilpasser v\u00e5re tjenester etter dine spesifikke behov for \u00e5 sikre den beste kundeopplevelsen.<\/li><\/ul>\t\t\t\t\t\t\t\t<\/div>\n\t\t\t\t<\/div>\n\t\t\t\t<div class=\"elementor-element elementor-element-111a9e0 elementor-widget elementor-widget-text-editor\" data-id=\"111a9e0\" data-element_type=\"widget\" data-e-type=\"widget\" data-widget_type=\"text-editor.default\">\n\t\t\t\t<div class=\"elementor-widget-container\">\n\t\t\t\t\t\t\t\t\tFremtidens arbeidsmarked er inkluderende, profesjonelt og verdidrevet. Hos Aktiv ServiceCenter g\u00e5r vi foran \u2013 vil du v\u00e6re med? \t\t\t\t\t\t\t\t<\/div>\n\t\t\t\t<\/div>\n\t\t\t\t<div class=\"elementor-element elementor-element-1d4196b elementor-widget elementor-widget-button\" data-id=\"1d4196b\" data-element_type=\"widget\" data-e-type=\"widget\" data-widget_type=\"button.default\">\n\t\t\t\t<div class=\"elementor-widget-container\">\n\t\t\t\t\t\t\t\t\t<div class=\"elementor-button-wrapper\">\n\t\t\t\t\t<a class=\"elementor-button elementor-button-link elementor-size-sm elementor-animation-shrink\" href=\"https:\/\/aktivservicecenter.dk\/nb\/serviceloesninger\/\">\n\t\t\t\t\t\t<span class=\"elementor-button-content-wrapper\">\n\t\t\t\t\t\t\t\t\t<span class=\"elementor-button-text\">Les mer om v\u00e5re service\u00adl\u00f8sninger her<\/span>\n\t\t\t\t\t<\/span>\n\t\t\t\t\t<\/a>\n\t\t\t\t<\/div>\n\t\t\t\t\t\t\t\t<\/div>\n\t\t\t\t<\/div>\n\t\t\t\t<\/div>\n\t\t\t\t<\/div>\n\t\t\t\t\t<\/div>\n\t\t\t\t<\/div>\n\t\t<div class=\"elementor-element elementor-element-606ee4c e-flex e-con-boxed e-con e-parent\" data-id=\"606ee4c\" data-element_type=\"container\" data-e-type=\"container\">\n\t\t\t\t\t<div class=\"e-con-inner\">\n\t\t\t\t<div class=\"elementor-element elementor-element-a2591f1 elementor-nav-menu--dropdown-tablet elementor-nav-menu__text-align-aside elementor-nav-menu--toggle elementor-nav-menu--burger elementor-widget elementor-widget-nav-menu\" data-id=\"a2591f1\" data-element_type=\"widget\" data-e-type=\"widget\" data-settings=\"{&quot;layout&quot;:&quot;horizontal&quot;,&quot;submenu_icon&quot;:{&quot;value&quot;:&quot;&lt;i class=\\&quot;fas fa-caret-down\\&quot; aria-hidden=\\&quot;true\\&quot;&gt;&lt;\\\/i&gt;&quot;,&quot;library&quot;:&quot;fa-solid&quot;},&quot;toggle&quot;:&quot;burger&quot;}\" data-widget_type=\"nav-menu.default\">\n\t\t\t\t<div class=\"elementor-widget-container\">\n\t\t\t\t\t\t\t\t<nav aria-label=\"Menu\" class=\"elementor-nav-menu--main elementor-nav-menu__container elementor-nav-menu--layout-horizontal e--pointer-underline e--animation-fade\">\n\t\t\t\t<ul id=\"menu-1-a2591f1\" class=\"elementor-nav-menu\"><li class=\"menu-item menu-item-type-post_type menu-item-object-page menu-item-1629\"><a href=\"https:\/\/aktivservicecenter.dk\/nb\/serviceloesninger\/\" class=\"elementor-item\">Servicel\u00f8sninger<\/a><\/li>\n<li class=\"menu-item menu-item-type-post_type menu-item-object-page menu-item-1628\"><a href=\"https:\/\/aktivservicecenter.dk\/nb\/referencer\/\" class=\"elementor-item\">Referanser<\/a><\/li>\n<li class=\"menu-item menu-item-type-post_type menu-item-object-page menu-item-1403\"><a href=\"https:\/\/aktivservicecenter.dk\/nb\/kontakt\/\" class=\"elementor-item\">Kontakt<\/a><\/li>\n<\/ul>\t\t\t<\/nav>\n\t\t\t\t\t<div class=\"elementor-menu-toggle\" role=\"button\" tabindex=\"0\" aria-label=\"Menu Toggle\" aria-expanded=\"false\">\n\t\t\t<i aria-hidden=\"true\" role=\"presentation\" class=\"elementor-menu-toggle__icon--open eicon-menu-bar\"><\/i><i aria-hidden=\"true\" role=\"presentation\" class=\"elementor-menu-toggle__icon--close eicon-close\"><\/i>\t\t<\/div>\n\t\t\t\t\t<nav class=\"elementor-nav-menu--dropdown elementor-nav-menu__container\" aria-hidden=\"true\">\n\t\t\t\t<ul id=\"menu-2-a2591f1\" class=\"elementor-nav-menu\"><li class=\"menu-item menu-item-type-post_type menu-item-object-page menu-item-1629\"><a href=\"https:\/\/aktivservicecenter.dk\/nb\/serviceloesninger\/\" class=\"elementor-item\" tabindex=\"-1\">Servicel\u00f8sninger<\/a><\/li>\n<li class=\"menu-item menu-item-type-post_type menu-item-object-page menu-item-1628\"><a href=\"https:\/\/aktivservicecenter.dk\/nb\/referencer\/\" class=\"elementor-item\" tabindex=\"-1\">Referanser<\/a><\/li>\n<li class=\"menu-item menu-item-type-post_type menu-item-object-page menu-item-1403\"><a href=\"https:\/\/aktivservicecenter.dk\/nb\/kontakt\/\" class=\"elementor-item\" tabindex=\"-1\">Kontakt<\/a><\/li>\n<\/ul>\t\t\t<\/nav>\n\t\t\t\t\t\t<\/div>\n\t\t\t\t<\/div>\n\t\t\t\t\t<\/div>\n\t\t\t\t<\/div>\n\t\t\t\t<\/div>","protected":false},"excerpt":{"rendered":"<p>Fremtidens kundeservice Vi er en dansk virksomhed, der specialiserer os i at levere professionelle kundeservicel\u00f8sninger til eksterne kunder. Som en s\u00f8stervirksomhed til Wattar Gruppen fokuserer vi i Aktiv ServiceCenter p\u00e5 at skabe meningsfuld besk\u00e6ftigelse for personer med nedsat arbejdsevne, hvilket afspejler vores st\u00e6rke sociale engagement. Vores mission Hos Aktiv ServiceCenter er vores mission todelt: Fremragende [&hellip;]<\/p>\n","protected":false},"author":1,"featured_media":0,"parent":0,"menu_order":0,"comment_status":"closed","ping_status":"closed","template":"","meta":{"footnotes":""},"class_list":["post-1064","page","type-page","status-publish","hentry"],"yoast_head":"<!-- This site is optimized with the Yoast SEO plugin v27.5 - https:\/\/yoast.com\/product\/yoast-seo-wordpress\/ -->\n<title>Aktiv Servicecenter - Aktiv Servicecenter<\/title>\n<meta name=\"robots\" content=\"index, follow, max-snippet:-1, max-image-preview:large, max-video-preview:-1\" \/>\n<link rel=\"canonical\" href=\"https:\/\/aktivservicecenter.dk\/nb\/aktiv-servicecenter\/\" \/>\n<meta property=\"og:locale\" content=\"nb_NO\" \/>\n<meta property=\"og:type\" content=\"article\" \/>\n<meta property=\"og:title\" content=\"Aktiv Servicecenter - Aktiv Servicecenter\" \/>\n<meta property=\"og:description\" content=\"Fremtidens kundeservice Vi er en dansk virksomhed, der specialiserer os i at levere professionelle kundeservicel\u00f8sninger til eksterne kunder. Som en s\u00f8stervirksomhed til Wattar Gruppen fokuserer vi i Aktiv ServiceCenter p\u00e5 at skabe meningsfuld besk\u00e6ftigelse for personer med nedsat arbejdsevne, hvilket afspejler vores st\u00e6rke sociale engagement. Vores mission Hos Aktiv ServiceCenter er vores mission todelt: Fremragende [&hellip;]\" \/>\n<meta property=\"og:url\" content=\"https:\/\/aktivservicecenter.dk\/nb\/aktiv-servicecenter\/\" \/>\n<meta property=\"og:site_name\" content=\"Aktiv Servicecenter\" \/>\n<meta property=\"article:modified_time\" content=\"2026-03-02T06:13:57+00:00\" \/>\n<meta property=\"og:image\" content=\"https:\/\/aktivservicecenter.dk\/wp-content\/uploads\/pexels-magda-ehlers-pexels-27403998-scaled.jpg\" \/>\n\t<meta property=\"og:image:width\" content=\"2048\" \/>\n\t<meta property=\"og:image:height\" content=\"1365\" \/>\n\t<meta property=\"og:image:type\" content=\"image\/jpeg\" \/>\n<meta name=\"twitter:card\" content=\"summary_large_image\" \/>\n<meta name=\"twitter:label1\" content=\"Ansl. lesetid\" \/>\n\t<meta name=\"twitter:data1\" content=\"2 minutter\" \/>\n<script type=\"application\/ld+json\" class=\"yoast-schema-graph\">{\"@context\":\"https:\\\/\\\/schema.org\",\"@graph\":[{\"@type\":\"WebPage\",\"@id\":\"https:\\\/\\\/aktivservicecenter.dk\\\/aktiv-servicecenter\\\/\",\"url\":\"https:\\\/\\\/aktivservicecenter.dk\\\/aktiv-servicecenter\\\/\",\"name\":\"Aktiv Servicecenter - Aktiv Servicecenter\",\"isPartOf\":{\"@id\":\"https:\\\/\\\/aktivservicecenter.dk\\\/#website\"},\"primaryImageOfPage\":{\"@id\":\"https:\\\/\\\/aktivservicecenter.dk\\\/aktiv-servicecenter\\\/#primaryimage\"},\"image\":{\"@id\":\"https:\\\/\\\/aktivservicecenter.dk\\\/aktiv-servicecenter\\\/#primaryimage\"},\"thumbnailUrl\":\"https:\\\/\\\/aktivservicecenter.dk\\\/wp-content\\\/uploads\\\/pexels-magda-ehlers-pexels-27403998-scaled.jpg\",\"datePublished\":\"2023-11-01T13:31:15+00:00\",\"dateModified\":\"2026-03-02T06:13:57+00:00\",\"inLanguage\":\"nb-NO\",\"potentialAction\":[{\"@type\":\"ReadAction\",\"target\":[\"https:\\\/\\\/aktivservicecenter.dk\\\/aktiv-servicecenter\\\/\"]}]},{\"@type\":\"ImageObject\",\"inLanguage\":\"nb-NO\",\"@id\":\"https:\\\/\\\/aktivservicecenter.dk\\\/aktiv-servicecenter\\\/#primaryimage\",\"url\":\"https:\\\/\\\/aktivservicecenter.dk\\\/wp-content\\\/uploads\\\/pexels-magda-ehlers-pexels-27403998-scaled.jpg\",\"contentUrl\":\"https:\\\/\\\/aktivservicecenter.dk\\\/wp-content\\\/uploads\\\/pexels-magda-ehlers-pexels-27403998-scaled.jpg\"},{\"@type\":\"WebSite\",\"@id\":\"https:\\\/\\\/aktivservicecenter.dk\\\/#website\",\"url\":\"https:\\\/\\\/aktivservicecenter.dk\\\/\",\"name\":\"Aktiv Servicecenter\",\"description\":\"\",\"publisher\":{\"@id\":\"https:\\\/\\\/aktivservicecenter.dk\\\/#organization\"},\"potentialAction\":[{\"@type\":\"SearchAction\",\"target\":{\"@type\":\"EntryPoint\",\"urlTemplate\":\"https:\\\/\\\/aktivservicecenter.dk\\\/?s={search_term_string}\"},\"query-input\":{\"@type\":\"PropertyValueSpecification\",\"valueRequired\":true,\"valueName\":\"search_term_string\"}}],\"inLanguage\":\"nb-NO\"},{\"@type\":\"Organization\",\"@id\":\"https:\\\/\\\/aktivservicecenter.dk\\\/#organization\",\"name\":\"Aktiv Servicecenter\",\"url\":\"https:\\\/\\\/aktivservicecenter.dk\\\/\",\"logo\":{\"@type\":\"ImageObject\",\"inLanguage\":\"nb-NO\",\"@id\":\"https:\\\/\\\/aktivservicecenter.dk\\\/#\\\/schema\\\/logo\\\/image\\\/\",\"url\":\"https:\\\/\\\/aktivservicecenter.dk\\\/wp-content\\\/uploads\\\/Aktiv-Service-Center_Logo_Rentegnet.png\",\"contentUrl\":\"https:\\\/\\\/aktivservicecenter.dk\\\/wp-content\\\/uploads\\\/Aktiv-Service-Center_Logo_Rentegnet.png\",\"width\":1193,\"height\":570,\"caption\":\"Aktiv Servicecenter\"},\"image\":{\"@id\":\"https:\\\/\\\/aktivservicecenter.dk\\\/#\\\/schema\\\/logo\\\/image\\\/\"}}]}<\/script>\n<!-- \/ Yoast SEO plugin. -->","yoast_head_json":{"title":"Aktiv Servicecenter - Aktiv Servicecenter","robots":{"index":"index","follow":"follow","max-snippet":"max-snippet:-1","max-image-preview":"max-image-preview:large","max-video-preview":"max-video-preview:-1"},"canonical":"https:\/\/aktivservicecenter.dk\/nb\/aktiv-servicecenter\/","og_locale":"nb_NO","og_type":"article","og_title":"Aktiv Servicecenter - Aktiv Servicecenter","og_description":"Fremtidens kundeservice Vi er en dansk virksomhed, der specialiserer os i at levere professionelle kundeservicel\u00f8sninger til eksterne kunder. Som en s\u00f8stervirksomhed til Wattar Gruppen fokuserer vi i Aktiv ServiceCenter p\u00e5 at skabe meningsfuld besk\u00e6ftigelse for personer med nedsat arbejdsevne, hvilket afspejler vores st\u00e6rke sociale engagement. Vores mission Hos Aktiv ServiceCenter er vores mission todelt: Fremragende [&hellip;]","og_url":"https:\/\/aktivservicecenter.dk\/nb\/aktiv-servicecenter\/","og_site_name":"Aktiv Servicecenter","article_modified_time":"2026-03-02T06:13:57+00:00","og_image":[{"width":2048,"height":1365,"url":"https:\/\/aktivservicecenter.dk\/wp-content\/uploads\/pexels-magda-ehlers-pexels-27403998-scaled.jpg","type":"image\/jpeg"}],"twitter_card":"summary_large_image","twitter_misc":{"Ansl. lesetid":"2 minutter"},"schema":{"@context":"https:\/\/schema.org","@graph":[{"@type":"WebPage","@id":"https:\/\/aktivservicecenter.dk\/aktiv-servicecenter\/","url":"https:\/\/aktivservicecenter.dk\/aktiv-servicecenter\/","name":"Aktiv Servicecenter - Aktiv Servicecenter","isPartOf":{"@id":"https:\/\/aktivservicecenter.dk\/#website"},"primaryImageOfPage":{"@id":"https:\/\/aktivservicecenter.dk\/aktiv-servicecenter\/#primaryimage"},"image":{"@id":"https:\/\/aktivservicecenter.dk\/aktiv-servicecenter\/#primaryimage"},"thumbnailUrl":"https:\/\/aktivservicecenter.dk\/wp-content\/uploads\/pexels-magda-ehlers-pexels-27403998-scaled.jpg","datePublished":"2023-11-01T13:31:15+00:00","dateModified":"2026-03-02T06:13:57+00:00","inLanguage":"nb-NO","potentialAction":[{"@type":"ReadAction","target":["https:\/\/aktivservicecenter.dk\/aktiv-servicecenter\/"]}]},{"@type":"ImageObject","inLanguage":"nb-NO","@id":"https:\/\/aktivservicecenter.dk\/aktiv-servicecenter\/#primaryimage","url":"https:\/\/aktivservicecenter.dk\/wp-content\/uploads\/pexels-magda-ehlers-pexels-27403998-scaled.jpg","contentUrl":"https:\/\/aktivservicecenter.dk\/wp-content\/uploads\/pexels-magda-ehlers-pexels-27403998-scaled.jpg"},{"@type":"WebSite","@id":"https:\/\/aktivservicecenter.dk\/#website","url":"https:\/\/aktivservicecenter.dk\/","name":"Aktiv Servicecenter","description":"","publisher":{"@id":"https:\/\/aktivservicecenter.dk\/#organization"},"potentialAction":[{"@type":"SearchAction","target":{"@type":"EntryPoint","urlTemplate":"https:\/\/aktivservicecenter.dk\/?s={search_term_string}"},"query-input":{"@type":"PropertyValueSpecification","valueRequired":true,"valueName":"search_term_string"}}],"inLanguage":"nb-NO"},{"@type":"Organization","@id":"https:\/\/aktivservicecenter.dk\/#organization","name":"Aktiv Servicecenter","url":"https:\/\/aktivservicecenter.dk\/","logo":{"@type":"ImageObject","inLanguage":"nb-NO","@id":"https:\/\/aktivservicecenter.dk\/#\/schema\/logo\/image\/","url":"https:\/\/aktivservicecenter.dk\/wp-content\/uploads\/Aktiv-Service-Center_Logo_Rentegnet.png","contentUrl":"https:\/\/aktivservicecenter.dk\/wp-content\/uploads\/Aktiv-Service-Center_Logo_Rentegnet.png","width":1193,"height":570,"caption":"Aktiv Servicecenter"},"image":{"@id":"https:\/\/aktivservicecenter.dk\/#\/schema\/logo\/image\/"}}]}},"_links":{"self":[{"href":"https:\/\/aktivservicecenter.dk\/nb\/wp-json\/wp\/v2\/pages\/1064","targetHints":{"allow":["GET"]}}],"collection":[{"href":"https:\/\/aktivservicecenter.dk\/nb\/wp-json\/wp\/v2\/pages"}],"about":[{"href":"https:\/\/aktivservicecenter.dk\/nb\/wp-json\/wp\/v2\/types\/page"}],"author":[{"embeddable":true,"href":"https:\/\/aktivservicecenter.dk\/nb\/wp-json\/wp\/v2\/users\/1"}],"replies":[{"embeddable":true,"href":"https:\/\/aktivservicecenter.dk\/nb\/wp-json\/wp\/v2\/comments?post=1064"}],"version-history":[{"count":20,"href":"https:\/\/aktivservicecenter.dk\/nb\/wp-json\/wp\/v2\/pages\/1064\/revisions"}],"predecessor-version":[{"id":2877,"href":"https:\/\/aktivservicecenter.dk\/nb\/wp-json\/wp\/v2\/pages\/1064\/revisions\/2877"}],"wp:attachment":[{"href":"https:\/\/aktivservicecenter.dk\/nb\/wp-json\/wp\/v2\/media?parent=1064"}],"curies":[{"name":"wp","href":"https:\/\/api.w.org\/{rel}","templated":true}]}}