{"id":1570,"date":"2025-03-28T14:45:35","date_gmt":"2025-03-28T13:45:35","guid":{"rendered":"https:\/\/aktivservicecenter.dk\/?page_id=1570"},"modified":"2025-04-30T11:13:08","modified_gmt":"2025-04-30T09:13:08","slug":"vores-vision","status":"publish","type":"page","link":"https:\/\/aktivservicecenter.dk\/en\/aktiv-servicecenter\/vores-vision\/","title":{"rendered":"Our Vision"},"content":{"rendered":"<div data-elementor-type=\"wp-page\" data-elementor-id=\"1570\" class=\"elementor elementor-1570\" data-elementor-post-type=\"page\">\n\t\t\t\t<div class=\"elementor-element elementor-element-b8a8af3 e-flex e-con-boxed e-con e-parent\" data-id=\"b8a8af3\" data-element_type=\"container\" data-e-type=\"container\" data-settings=\"{&quot;background_background&quot;:&quot;classic&quot;}\">\n\t\t\t\t\t<div class=\"e-con-inner\">\n\t\t\t\t\t<\/div>\n\t\t\t\t<\/div>\n\t\t<div class=\"elementor-element elementor-element-37e0f99 e-flex e-con-boxed elementor-invisible e-con e-parent\" data-id=\"37e0f99\" data-element_type=\"container\" data-e-type=\"container\" data-settings=\"{&quot;animation&quot;:&quot;fadeInUp&quot;,&quot;animation_delay&quot;:300}\">\n\t\t\t\t\t<div class=\"e-con-inner\">\n\t\t<div class=\"elementor-element elementor-element-b6c87bc e-con-full e-flex e-con e-child\" data-id=\"b6c87bc\" data-element_type=\"container\" data-e-type=\"container\">\n\t\t<div class=\"elementor-element elementor-element-cbe9029 e-con-full e-flex e-con e-child\" data-id=\"cbe9029\" data-element_type=\"container\" data-e-type=\"container\" data-settings=\"{&quot;background_background&quot;:&quot;classic&quot;}\">\n\t\t<div class=\"elementor-element elementor-element-8f6bade e-con-full e-flex e-con e-child\" data-id=\"8f6bade\" data-element_type=\"container\" data-e-type=\"container\">\n\t\t\t\t<div class=\"elementor-element elementor-element-54c0d62 elementor-widget elementor-widget-heading\" data-id=\"54c0d62\" data-element_type=\"widget\" data-e-type=\"widget\" data-widget_type=\"heading.default\">\n\t\t\t\t<div class=\"elementor-widget-container\">\n\t\t\t\t\t<h2 class=\"elementor-heading-title elementor-size-default\">Responsible Customer Service<\/h2>\t\t\t\t<\/div>\n\t\t\t\t<\/div>\n\t\t\t\t<div class=\"elementor-element elementor-element-baddfcc elementor-widget elementor-widget-text-editor\" data-id=\"baddfcc\" data-element_type=\"widget\" data-e-type=\"widget\" data-widget_type=\"text-editor.default\">\n\t\t\t\t<div class=\"elementor-widget-container\">\n\t\t\t\t\t\t\t\t\t<p>At Aktiv ServiceCenter, we combine professional phone-based customer service with a strong sense of social responsibility. We offer flexible service solutions that ensure high customer satisfaction while also opening the doors to the job market for individuals with reduced work capacity, empowering more people to reach their full potential.<\/p><p>We are the quality-conscious service partner for small and medium-sized businesses across Scandinavia, delivering a service that not only creates top-tier customer experiences but also promotes inclusion and social sustainability in the business world.<\/p>\t\t\t\t\t\t\t\t<\/div>\n\t\t\t\t<\/div>\n\t\t\t\t<\/div>\n\t\t<div class=\"elementor-element elementor-element-77b0e33 e-con-full e-flex e-con e-child\" data-id=\"77b0e33\" data-element_type=\"container\" data-e-type=\"container\">\n\t\t\t\t<div class=\"elementor-element elementor-element-145a67b elementor-widget elementor-widget-heading\" data-id=\"145a67b\" data-element_type=\"widget\" data-e-type=\"widget\" data-widget_type=\"heading.default\">\n\t\t\t\t<div class=\"elementor-widget-container\">\n\t\t\t\t\t<h4 class=\"elementor-heading-title elementor-size-default\">ESG in Practice \u2013 A Sustainable Workforce <\/h4>\t\t\t\t<\/div>\n\t\t\t\t<\/div>\n\t\t\t\t<div class=\"elementor-element elementor-element-7e65f47 elementor-widget elementor-widget-text-editor\" data-id=\"7e65f47\" data-element_type=\"widget\" data-e-type=\"widget\" data-widget_type=\"text-editor.default\">\n\t\t\t\t<div class=\"elementor-widget-container\">\n\t\t\t\t\t\t\t\t\t<p>Social sustainability is a key part of our business model at Aktiv ServiceCenter. When you partner with us, you not only gain an experienced and skilled customer service provider \u2013 you also play a key role in fostering a more inclusive and sustainable workforce.<\/p><p>Our employees become a valuable part of your customer service, and through our collaboration, you help individuals with reduced work capacity thrive and develop in meaningful jobs.<\/p>\t\t\t\t\t\t\t\t<\/div>\n\t\t\t\t<\/div>\n\t\t\t\t<\/div>\n\t\t\t\t<div class=\"elementor-element elementor-element-5c8f989 elementor-widget elementor-widget-button\" data-id=\"5c8f989\" data-element_type=\"widget\" data-e-type=\"widget\" data-widget_type=\"button.default\">\n\t\t\t\t<div class=\"elementor-widget-container\">\n\t\t\t\t\t\t\t\t\t<div class=\"elementor-button-wrapper\">\n\t\t\t\t\t<a class=\"elementor-button elementor-button-link elementor-size-sm elementor-animation-shrink\" href=\"https:\/\/aktivservicecenter.dk\/en\/aktiv-servicecenter\/medarbejdere\/\">\n\t\t\t\t\t\t<span class=\"elementor-button-content-wrapper\">\n\t\t\t\t\t\t\t\t\t<span class=\"elementor-button-text\">Learn more about our employees here<\/span>\n\t\t\t\t\t<\/span>\n\t\t\t\t\t<\/a>\n\t\t\t\t<\/div>\n\t\t\t\t\t\t\t\t<\/div>\n\t\t\t\t<\/div>\n\t\t\t\t<\/div>\n\t\t<div class=\"elementor-element elementor-element-5939b9b e-con-full e-flex e-con e-child\" data-id=\"5939b9b\" data-element_type=\"container\" data-e-type=\"container\" data-settings=\"{&quot;background_background&quot;:&quot;classic&quot;}\">\n\t\t\t\t<div class=\"elementor-element elementor-element-dfa1c05 elementor-widget elementor-widget-heading\" data-id=\"dfa1c05\" data-element_type=\"widget\" data-e-type=\"widget\" data-widget_type=\"heading.default\">\n\t\t\t\t<div class=\"elementor-widget-container\">\n\t\t\t\t\t<h2 class=\"elementor-heading-title elementor-size-default\">\"Aktiv ServiceCenter gave me the chance to get back into the workforce\"<\/h2>\t\t\t\t<\/div>\n\t\t\t\t<\/div>\n\t\t\t\t<\/div>\n\t\t\t\t<\/div>\n\t\t<div class=\"elementor-element elementor-element-dc45c8b e-con-full e-flex e-con e-child\" data-id=\"dc45c8b\" data-element_type=\"container\" data-e-type=\"container\">\n\t\t\t\t<div class=\"elementor-element elementor-element-d263bc1 elementor-widget elementor-widget-image\" data-id=\"d263bc1\" data-element_type=\"widget\" data-e-type=\"widget\" data-widget_type=\"image.default\">\n\t\t\t\t<div class=\"elementor-widget-container\">\n\t\t\t\t\t\t\t\t\t\t\t\t\t\t\t<img fetchpriority=\"high\" decoding=\"async\" width=\"2048\" height=\"1281\" src=\"https:\/\/aktivservicecenter.dk\/wp-content\/uploads\/12.webp\" class=\"attachment-full size-full wp-image-1597\" alt=\"\" srcset=\"https:\/\/aktivservicecenter.dk\/wp-content\/uploads\/12.webp 2048w, https:\/\/aktivservicecenter.dk\/wp-content\/uploads\/12-300x188.webp 300w, https:\/\/aktivservicecenter.dk\/wp-content\/uploads\/12-1024x641.webp 1024w, https:\/\/aktivservicecenter.dk\/wp-content\/uploads\/12-768x480.webp 768w, https:\/\/aktivservicecenter.dk\/wp-content\/uploads\/12-1536x961.webp 1536w\" sizes=\"(max-width: 2048px) 100vw, 2048px\" \/>\t\t\t\t\t\t\t\t\t\t\t\t\t\t\t<\/div>\n\t\t\t\t<\/div>\n\t\t<div class=\"elementor-element elementor-element-84dab31 e-con-full e-flex e-con e-child\" data-id=\"84dab31\" data-element_type=\"container\" data-e-type=\"container\" data-settings=\"{&quot;background_background&quot;:&quot;classic&quot;}\">\n\t\t\t\t<div class=\"elementor-element elementor-element-bbdad8c elementor-widget elementor-widget-heading\" data-id=\"bbdad8c\" data-element_type=\"widget\" data-e-type=\"widget\" data-widget_type=\"heading.default\">\n\t\t\t\t<div class=\"elementor-widget-container\">\n\t\t\t\t\t<h2 class=\"elementor-heading-title elementor-size-default\">More Than Just Service <\/h2>\t\t\t\t<\/div>\n\t\t\t\t<\/div>\n\t\t\t\t<div class=\"elementor-element elementor-element-15b751e elementor-widget elementor-widget-text-editor\" data-id=\"15b751e\" data-element_type=\"widget\" data-e-type=\"widget\" data-widget_type=\"text-editor.default\">\n\t\t\t\t<div class=\"elementor-widget-container\">\n\t\t\t\t\t\t\t\t\t<p>At Aktiv ServiceCenter, quality and professionalism are at the heart of everything we do. Our employees are specialists in customer service, communication, and customer experience, ensuring professional and welcoming interactions every time.<\/p><p>We understand that no two businesses are alike. That\u2019s why we work closely with our clients to understand their unique needs and create tailored solutions that ensure consistent and value-driven customer experience.<\/p><p>With our expertise and customized solutions, we help your business deliver top-class service \u2013 every time.<\/p>\t\t\t\t\t\t\t\t<\/div>\n\t\t\t\t<\/div>\n\t\t\t\t<div class=\"elementor-element elementor-element-ca15143 elementor-widget elementor-widget-button\" data-id=\"ca15143\" data-element_type=\"widget\" data-e-type=\"widget\" data-widget_type=\"button.default\">\n\t\t\t\t<div class=\"elementor-widget-container\">\n\t\t\t\t\t\t\t\t\t<div class=\"elementor-button-wrapper\">\n\t\t\t\t\t<a class=\"elementor-button elementor-button-link elementor-size-sm elementor-animation-shrink\" href=\"https:\/\/aktivservicecenter.dk\/en\/serviceloesninger\/\">\n\t\t\t\t\t\t<span class=\"elementor-button-content-wrapper\">\n\t\t\t\t\t\t\t\t\t<span class=\"elementor-button-text\">Learn more about our service solutions here<\/span>\n\t\t\t\t\t<\/span>\n\t\t\t\t\t<\/a>\n\t\t\t\t<\/div>\n\t\t\t\t\t\t\t\t<\/div>\n\t\t\t\t<\/div>\n\t\t\t\t<\/div>\n\t\t\t\t<\/div>\n\t\t\t\t\t<\/div>\n\t\t\t\t<\/div>\n\t\t\t\t<\/div>","protected":false},"excerpt":{"rendered":"<p>Ansvarlig kundeservice Hos Aktiv ServiceCenter forener vi professionel telefonisk kundeservice med et st\u00e6rkt socialt ansvar. Vi tilbyder fleksible servicel\u00f8sninger, der garanterer h\u00f8j kundetilfredshed, samtidig med at vi \u00e5bner d\u00f8rene til arbejdsmarkedet for mennesker med nedsat arbejdsevne, s\u00e5 flere kan f\u00e5 mulighed for at udleve deres potentiale. Vi er den kvalitetsbevidste samarbejdspartner for b\u00e5de sm\u00e5 og [&hellip;]<\/p>\n","protected":false},"author":1,"featured_media":0,"parent":1064,"menu_order":0,"comment_status":"closed","ping_status":"closed","template":"","meta":{"footnotes":""},"class_list":["post-1570","page","type-page","status-publish","hentry"],"yoast_head":"<!-- This site is optimized with the Yoast SEO plugin v27.5 - https:\/\/yoast.com\/product\/yoast-seo-wordpress\/ -->\n<title>Vores vision - Aktiv Servicecenter<\/title>\n<meta name=\"robots\" content=\"index, follow, max-snippet:-1, max-image-preview:large, max-video-preview:-1\" \/>\n<link rel=\"canonical\" href=\"https:\/\/aktivservicecenter.dk\/en\/aktiv-servicecenter\/vores-vision\/\" \/>\n<meta property=\"og:locale\" content=\"en_GB\" \/>\n<meta property=\"og:type\" content=\"article\" \/>\n<meta property=\"og:title\" content=\"Vores vision - Aktiv Servicecenter\" \/>\n<meta property=\"og:description\" content=\"Ansvarlig kundeservice Hos Aktiv ServiceCenter forener vi professionel telefonisk kundeservice med et st\u00e6rkt socialt ansvar. Vi tilbyder fleksible servicel\u00f8sninger, der garanterer h\u00f8j kundetilfredshed, samtidig med at vi \u00e5bner d\u00f8rene til arbejdsmarkedet for mennesker med nedsat arbejdsevne, s\u00e5 flere kan f\u00e5 mulighed for at udleve deres potentiale. Vi er den kvalitetsbevidste samarbejdspartner for b\u00e5de sm\u00e5 og [&hellip;]\" \/>\n<meta property=\"og:url\" content=\"https:\/\/aktivservicecenter.dk\/en\/aktiv-servicecenter\/vores-vision\/\" \/>\n<meta property=\"og:site_name\" content=\"Aktiv Servicecenter\" \/>\n<meta property=\"article:modified_time\" content=\"2025-04-30T09:13:08+00:00\" \/>\n<meta property=\"og:image\" content=\"https:\/\/aktivservicecenter.dk\/wp-content\/uploads\/12.webp\" \/>\n\t<meta property=\"og:image:width\" content=\"2048\" \/>\n\t<meta property=\"og:image:height\" content=\"1281\" \/>\n\t<meta property=\"og:image:type\" content=\"image\/webp\" \/>\n<meta name=\"twitter:card\" content=\"summary_large_image\" \/>\n<meta name=\"twitter:label1\" content=\"Estimated reading time\" \/>\n\t<meta name=\"twitter:data1\" content=\"2 minutes\" \/>\n<script type=\"application\/ld+json\" class=\"yoast-schema-graph\">{\"@context\":\"https:\\\/\\\/schema.org\",\"@graph\":[{\"@type\":\"WebPage\",\"@id\":\"https:\\\/\\\/aktivservicecenter.dk\\\/aktiv-servicecenter\\\/vores-vision\\\/\",\"url\":\"https:\\\/\\\/aktivservicecenter.dk\\\/aktiv-servicecenter\\\/vores-vision\\\/\",\"name\":\"Vores vision - Aktiv Servicecenter\",\"isPartOf\":{\"@id\":\"https:\\\/\\\/aktivservicecenter.dk\\\/#website\"},\"primaryImageOfPage\":{\"@id\":\"https:\\\/\\\/aktivservicecenter.dk\\\/aktiv-servicecenter\\\/vores-vision\\\/#primaryimage\"},\"image\":{\"@id\":\"https:\\\/\\\/aktivservicecenter.dk\\\/aktiv-servicecenter\\\/vores-vision\\\/#primaryimage\"},\"thumbnailUrl\":\"https:\\\/\\\/aktivservicecenter.dk\\\/wp-content\\\/uploads\\\/12.webp\",\"datePublished\":\"2025-03-28T13:45:35+00:00\",\"dateModified\":\"2025-04-30T09:13:08+00:00\",\"breadcrumb\":{\"@id\":\"https:\\\/\\\/aktivservicecenter.dk\\\/aktiv-servicecenter\\\/vores-vision\\\/#breadcrumb\"},\"inLanguage\":\"en-GB\",\"potentialAction\":[{\"@type\":\"ReadAction\",\"target\":[\"https:\\\/\\\/aktivservicecenter.dk\\\/aktiv-servicecenter\\\/vores-vision\\\/\"]}]},{\"@type\":\"ImageObject\",\"inLanguage\":\"en-GB\",\"@id\":\"https:\\\/\\\/aktivservicecenter.dk\\\/aktiv-servicecenter\\\/vores-vision\\\/#primaryimage\",\"url\":\"https:\\\/\\\/aktivservicecenter.dk\\\/wp-content\\\/uploads\\\/12.webp\",\"contentUrl\":\"https:\\\/\\\/aktivservicecenter.dk\\\/wp-content\\\/uploads\\\/12.webp\"},{\"@type\":\"BreadcrumbList\",\"@id\":\"https:\\\/\\\/aktivservicecenter.dk\\\/aktiv-servicecenter\\\/vores-vision\\\/#breadcrumb\",\"itemListElement\":[{\"@type\":\"ListItem\",\"position\":1,\"name\":\"Aktiv Servicecenter\",\"item\":\"https:\\\/\\\/aktivservicecenter.dk\\\/aktiv-servicecenter\\\/\"},{\"@type\":\"ListItem\",\"position\":2,\"name\":\"Vores vision\"}]},{\"@type\":\"WebSite\",\"@id\":\"https:\\\/\\\/aktivservicecenter.dk\\\/#website\",\"url\":\"https:\\\/\\\/aktivservicecenter.dk\\\/\",\"name\":\"Aktiv Servicecenter\",\"description\":\"\",\"publisher\":{\"@id\":\"https:\\\/\\\/aktivservicecenter.dk\\\/#organization\"},\"potentialAction\":[{\"@type\":\"SearchAction\",\"target\":{\"@type\":\"EntryPoint\",\"urlTemplate\":\"https:\\\/\\\/aktivservicecenter.dk\\\/?s={search_term_string}\"},\"query-input\":{\"@type\":\"PropertyValueSpecification\",\"valueRequired\":true,\"valueName\":\"search_term_string\"}}],\"inLanguage\":\"en-GB\"},{\"@type\":\"Organization\",\"@id\":\"https:\\\/\\\/aktivservicecenter.dk\\\/#organization\",\"name\":\"Aktiv Servicecenter\",\"url\":\"https:\\\/\\\/aktivservicecenter.dk\\\/\",\"logo\":{\"@type\":\"ImageObject\",\"inLanguage\":\"en-GB\",\"@id\":\"https:\\\/\\\/aktivservicecenter.dk\\\/#\\\/schema\\\/logo\\\/image\\\/\",\"url\":\"https:\\\/\\\/aktivservicecenter.dk\\\/wp-content\\\/uploads\\\/Aktiv-Service-Center_Logo_Rentegnet.png\",\"contentUrl\":\"https:\\\/\\\/aktivservicecenter.dk\\\/wp-content\\\/uploads\\\/Aktiv-Service-Center_Logo_Rentegnet.png\",\"width\":1193,\"height\":570,\"caption\":\"Aktiv Servicecenter\"},\"image\":{\"@id\":\"https:\\\/\\\/aktivservicecenter.dk\\\/#\\\/schema\\\/logo\\\/image\\\/\"}}]}<\/script>\n<!-- \/ Yoast SEO plugin. -->","yoast_head_json":{"title":"Vores vision - Aktiv Servicecenter","robots":{"index":"index","follow":"follow","max-snippet":"max-snippet:-1","max-image-preview":"max-image-preview:large","max-video-preview":"max-video-preview:-1"},"canonical":"https:\/\/aktivservicecenter.dk\/en\/aktiv-servicecenter\/vores-vision\/","og_locale":"en_GB","og_type":"article","og_title":"Vores vision - Aktiv Servicecenter","og_description":"Ansvarlig kundeservice Hos Aktiv ServiceCenter forener vi professionel telefonisk kundeservice med et st\u00e6rkt socialt ansvar. Vi tilbyder fleksible servicel\u00f8sninger, der garanterer h\u00f8j kundetilfredshed, samtidig med at vi \u00e5bner d\u00f8rene til arbejdsmarkedet for mennesker med nedsat arbejdsevne, s\u00e5 flere kan f\u00e5 mulighed for at udleve deres potentiale. Vi er den kvalitetsbevidste samarbejdspartner for b\u00e5de sm\u00e5 og [&hellip;]","og_url":"https:\/\/aktivservicecenter.dk\/en\/aktiv-servicecenter\/vores-vision\/","og_site_name":"Aktiv Servicecenter","article_modified_time":"2025-04-30T09:13:08+00:00","og_image":[{"width":2048,"height":1281,"url":"https:\/\/aktivservicecenter.dk\/wp-content\/uploads\/12.webp","type":"image\/webp"}],"twitter_card":"summary_large_image","twitter_misc":{"Estimated reading time":"2 minutes"},"schema":{"@context":"https:\/\/schema.org","@graph":[{"@type":"WebPage","@id":"https:\/\/aktivservicecenter.dk\/aktiv-servicecenter\/vores-vision\/","url":"https:\/\/aktivservicecenter.dk\/aktiv-servicecenter\/vores-vision\/","name":"Vores vision - Aktiv Servicecenter","isPartOf":{"@id":"https:\/\/aktivservicecenter.dk\/#website"},"primaryImageOfPage":{"@id":"https:\/\/aktivservicecenter.dk\/aktiv-servicecenter\/vores-vision\/#primaryimage"},"image":{"@id":"https:\/\/aktivservicecenter.dk\/aktiv-servicecenter\/vores-vision\/#primaryimage"},"thumbnailUrl":"https:\/\/aktivservicecenter.dk\/wp-content\/uploads\/12.webp","datePublished":"2025-03-28T13:45:35+00:00","dateModified":"2025-04-30T09:13:08+00:00","breadcrumb":{"@id":"https:\/\/aktivservicecenter.dk\/aktiv-servicecenter\/vores-vision\/#breadcrumb"},"inLanguage":"en-GB","potentialAction":[{"@type":"ReadAction","target":["https:\/\/aktivservicecenter.dk\/aktiv-servicecenter\/vores-vision\/"]}]},{"@type":"ImageObject","inLanguage":"en-GB","@id":"https:\/\/aktivservicecenter.dk\/aktiv-servicecenter\/vores-vision\/#primaryimage","url":"https:\/\/aktivservicecenter.dk\/wp-content\/uploads\/12.webp","contentUrl":"https:\/\/aktivservicecenter.dk\/wp-content\/uploads\/12.webp"},{"@type":"BreadcrumbList","@id":"https:\/\/aktivservicecenter.dk\/aktiv-servicecenter\/vores-vision\/#breadcrumb","itemListElement":[{"@type":"ListItem","position":1,"name":"Aktiv Servicecenter","item":"https:\/\/aktivservicecenter.dk\/aktiv-servicecenter\/"},{"@type":"ListItem","position":2,"name":"Vores vision"}]},{"@type":"WebSite","@id":"https:\/\/aktivservicecenter.dk\/#website","url":"https:\/\/aktivservicecenter.dk\/","name":"Aktiv ServiceCenter","description":"","publisher":{"@id":"https:\/\/aktivservicecenter.dk\/#organization"},"potentialAction":[{"@type":"SearchAction","target":{"@type":"EntryPoint","urlTemplate":"https:\/\/aktivservicecenter.dk\/?s={search_term_string}"},"query-input":{"@type":"PropertyValueSpecification","valueRequired":true,"valueName":"search_term_string"}}],"inLanguage":"en-GB"},{"@type":"Organization","@id":"https:\/\/aktivservicecenter.dk\/#organization","name":"Aktiv ServiceCenter","url":"https:\/\/aktivservicecenter.dk\/","logo":{"@type":"ImageObject","inLanguage":"en-GB","@id":"https:\/\/aktivservicecenter.dk\/#\/schema\/logo\/image\/","url":"https:\/\/aktivservicecenter.dk\/wp-content\/uploads\/Aktiv-Service-Center_Logo_Rentegnet.png","contentUrl":"https:\/\/aktivservicecenter.dk\/wp-content\/uploads\/Aktiv-Service-Center_Logo_Rentegnet.png","width":1193,"height":570,"caption":"Aktiv Servicecenter"},"image":{"@id":"https:\/\/aktivservicecenter.dk\/#\/schema\/logo\/image\/"}}]}},"_links":{"self":[{"href":"https:\/\/aktivservicecenter.dk\/en\/wp-json\/wp\/v2\/pages\/1570","targetHints":{"allow":["GET"]}}],"collection":[{"href":"https:\/\/aktivservicecenter.dk\/en\/wp-json\/wp\/v2\/pages"}],"about":[{"href":"https:\/\/aktivservicecenter.dk\/en\/wp-json\/wp\/v2\/types\/page"}],"author":[{"embeddable":true,"href":"https:\/\/aktivservicecenter.dk\/en\/wp-json\/wp\/v2\/users\/1"}],"replies":[{"embeddable":true,"href":"https:\/\/aktivservicecenter.dk\/en\/wp-json\/wp\/v2\/comments?post=1570"}],"version-history":[{"count":20,"href":"https:\/\/aktivservicecenter.dk\/en\/wp-json\/wp\/v2\/pages\/1570\/revisions"}],"predecessor-version":[{"id":2824,"href":"https:\/\/aktivservicecenter.dk\/en\/wp-json\/wp\/v2\/pages\/1570\/revisions\/2824"}],"up":[{"embeddable":true,"href":"https:\/\/aktivservicecenter.dk\/en\/wp-json\/wp\/v2\/pages\/1064"}],"wp:attachment":[{"href":"https:\/\/aktivservicecenter.dk\/en\/wp-json\/wp\/v2\/media?parent=1570"}],"curies":[{"name":"wp","href":"https:\/\/api.w.org\/{rel}","templated":true}]}}