{"id":1564,"date":"2025-03-28T14:45:03","date_gmt":"2025-03-28T13:45:03","guid":{"rendered":"https:\/\/aktivservicecenter.dk\/?page_id=1564"},"modified":"2025-04-22T15:24:42","modified_gmt":"2025-04-22T13:24:42","slug":"serviceloesninger","status":"publish","type":"page","link":"https:\/\/aktivservicecenter.dk\/en\/serviceloesninger\/","title":{"rendered":"Service Solutions"},"content":{"rendered":"<div data-elementor-type=\"wp-page\" data-elementor-id=\"1564\" class=\"elementor elementor-1564\" data-elementor-post-type=\"page\">\n\t\t\t\t<div class=\"elementor-element elementor-element-607af77 e-flex e-con-boxed e-con e-parent\" data-id=\"607af77\" data-element_type=\"container\" data-e-type=\"container\" data-settings=\"{&quot;background_background&quot;:&quot;classic&quot;}\">\n\t\t\t\t\t<div class=\"e-con-inner\">\n\t\t\t\t\t<\/div>\n\t\t\t\t<\/div>\n\t\t<div class=\"elementor-element elementor-element-9a91a81 e-flex e-con-boxed elementor-invisible e-con e-parent\" data-id=\"9a91a81\" data-element_type=\"container\" data-e-type=\"container\" data-settings=\"{&quot;animation&quot;:&quot;fadeInUp&quot;,&quot;animation_delay&quot;:300}\">\n\t\t\t\t\t<div class=\"e-con-inner\">\n\t\t<div class=\"elementor-element elementor-element-4f8d592 e-con-full e-flex e-con e-child\" data-id=\"4f8d592\" data-element_type=\"container\" data-e-type=\"container\">\n\t\t<div class=\"elementor-element elementor-element-ee952a7 e-con-full e-flex e-con e-child\" data-id=\"ee952a7\" data-element_type=\"container\" data-e-type=\"container\" data-settings=\"{&quot;background_background&quot;:&quot;classic&quot;}\">\n\t\t<div class=\"elementor-element elementor-element-65e34d8 e-con-full e-flex e-con e-child\" data-id=\"65e34d8\" data-element_type=\"container\" data-e-type=\"container\">\n\t\t\t\t<div class=\"elementor-element elementor-element-31f1c37 elementor-widget elementor-widget-heading\" data-id=\"31f1c37\" data-element_type=\"widget\" data-e-type=\"widget\" data-widget_type=\"heading.default\">\n\t\t\t\t<div class=\"elementor-widget-container\">\n\t\t\t\t\t<h2 class=\"elementor-heading-title elementor-size-default\">Customer Service That Creates Value <\/h2>\t\t\t\t<\/div>\n\t\t\t\t<\/div>\n\t\t\t\t<div class=\"elementor-element elementor-element-82f6eda elementor-widget elementor-widget-text-editor\" data-id=\"82f6eda\" data-element_type=\"widget\" data-e-type=\"widget\" data-widget_type=\"text-editor.default\">\n\t\t\t\t<div class=\"elementor-widget-container\">\n\t\t\t\t\t\t\t\t\t<p>Have you considered how much time your team spends handling phone calls?<\/p><p>Customer inquiries and constant phone calls are time-consuming and can divert attention from other tasks \u2013 yet excellent customer service is essential to building customer satisfaction and loyalty.<\/p><p>At Aktiv ServiceCenter, we handle your calls so your employees can focus on their core tasks without interruptions. At the same time, we ensure that your customers are always greeted by a friendly and professional voice, providing them with the help and guidance they need.<\/p>\t\t\t\t\t\t\t\t<\/div>\n\t\t\t\t<\/div>\n\t\t\t\t<\/div>\n\t\t<div class=\"elementor-element elementor-element-92df9c4 e-con-full e-flex e-con e-child\" data-id=\"92df9c4\" data-element_type=\"container\" data-e-type=\"container\">\n\t\t\t\t<div class=\"elementor-element elementor-element-c3555fa elementor-widget elementor-widget-heading\" data-id=\"c3555fa\" data-element_type=\"widget\" data-e-type=\"widget\" data-widget_type=\"heading.default\">\n\t\t\t\t<div class=\"elementor-widget-container\">\n\t\t\t\t\t<h4 class=\"elementor-heading-title elementor-size-default\">Deliver Exceptional Customer Service \u2013 Without Compromising Your Time<\/h4>\t\t\t\t<\/div>\n\t\t\t\t<\/div>\n\t\t\t\t<div class=\"elementor-element elementor-element-9ec4099 elementor-widget elementor-widget-text-editor\" data-id=\"9ec4099\" data-element_type=\"widget\" data-e-type=\"widget\" data-widget_type=\"text-editor.default\">\n\t\t\t\t<div class=\"elementor-widget-container\">\n\t\t\t\t\t\t\t\t\t<p>Most people prefer personal service \u2013 in fact, 60% of callers choose not to leave a message when reaching voicemail. With Aktiv ServiceCenter as your service partner, no call is ever lost \u2013 every customer is met with personal, polite, and professional assistance.<\/p><p>We offer tailored solutions, allowing you to choose the service agreement that best suits your business. Whether you need a fixed support plan or a scalable solution, we are ready to assist.<\/p>\t\t\t\t\t\t\t\t<\/div>\n\t\t\t\t<\/div>\n\t\t\t\t<\/div>\n\t\t\t\t<\/div>\n\t\t\t\t<div class=\"elementor-element elementor-element-e7c5358 elementor-widget elementor-widget-image\" data-id=\"e7c5358\" data-element_type=\"widget\" data-e-type=\"widget\" data-widget_type=\"image.default\">\n\t\t\t\t<div class=\"elementor-widget-container\">\n\t\t\t\t\t\t\t\t\t\t\t\t\t\t\t<img fetchpriority=\"high\" decoding=\"async\" width=\"800\" height=\"845\" src=\"https:\/\/aktivservicecenter.dk\/wp-content\/uploads\/pexels-wilder-stiven-cardona-lopera-128226736-30378293-969x1024.jpg\" class=\"attachment-large size-large wp-image-2710\" alt=\"\" srcset=\"https:\/\/aktivservicecenter.dk\/wp-content\/uploads\/pexels-wilder-stiven-cardona-lopera-128226736-30378293-969x1024.jpg 969w, https:\/\/aktivservicecenter.dk\/wp-content\/uploads\/pexels-wilder-stiven-cardona-lopera-128226736-30378293-284x300.jpg 284w, https:\/\/aktivservicecenter.dk\/wp-content\/uploads\/pexels-wilder-stiven-cardona-lopera-128226736-30378293-768x812.jpg 768w, https:\/\/aktivservicecenter.dk\/wp-content\/uploads\/pexels-wilder-stiven-cardona-lopera-128226736-30378293-1453x1536.jpg 1453w, https:\/\/aktivservicecenter.dk\/wp-content\/uploads\/pexels-wilder-stiven-cardona-lopera-128226736-30378293-scaled.jpg 1938w, https:\/\/aktivservicecenter.dk\/wp-content\/uploads\/pexels-wilder-stiven-cardona-lopera-128226736-30378293-11x12.jpg 11w\" sizes=\"(max-width: 800px) 100vw, 800px\" \/>\t\t\t\t\t\t\t\t\t\t\t\t\t\t\t<\/div>\n\t\t\t\t<\/div>\n\t\t\t\t<\/div>\n\t\t<div class=\"elementor-element elementor-element-b9bb8a3 e-con-full e-flex e-con e-child\" data-id=\"b9bb8a3\" data-element_type=\"container\" data-e-type=\"container\">\n\t\t\t\t<div class=\"elementor-element elementor-element-1eb7ef3 elementor-widget elementor-widget-image\" data-id=\"1eb7ef3\" data-element_type=\"widget\" data-e-type=\"widget\" data-widget_type=\"image.default\">\n\t\t\t\t<div class=\"elementor-widget-container\">\n\t\t\t\t\t\t\t\t\t\t\t\t\t\t\t<img decoding=\"async\" width=\"2048\" height=\"1365\" src=\"https:\/\/aktivservicecenter.dk\/wp-content\/uploads\/pexels-mart-production-7709225-scaled.jpg\" class=\"attachment-full size-full wp-image-2778\" alt=\"\" srcset=\"https:\/\/aktivservicecenter.dk\/wp-content\/uploads\/pexels-mart-production-7709225-scaled.jpg 2048w, https:\/\/aktivservicecenter.dk\/wp-content\/uploads\/pexels-mart-production-7709225-300x200.jpg 300w, https:\/\/aktivservicecenter.dk\/wp-content\/uploads\/pexels-mart-production-7709225-1024x683.jpg 1024w, https:\/\/aktivservicecenter.dk\/wp-content\/uploads\/pexels-mart-production-7709225-768x512.jpg 768w, https:\/\/aktivservicecenter.dk\/wp-content\/uploads\/pexels-mart-production-7709225-1536x1024.jpg 1536w, https:\/\/aktivservicecenter.dk\/wp-content\/uploads\/pexels-mart-production-7709225-18x12.jpg 18w\" sizes=\"(max-width: 2048px) 100vw, 2048px\" \/>\t\t\t\t\t\t\t\t\t\t\t\t\t\t\t<\/div>\n\t\t\t\t<\/div>\n\t\t<div class=\"elementor-element elementor-element-8954222 e-con-full e-flex e-con e-child\" data-id=\"8954222\" data-element_type=\"container\" data-e-type=\"container\" data-settings=\"{&quot;background_background&quot;:&quot;classic&quot;}\">\n\t\t<div class=\"elementor-element elementor-element-c317959 e-con-full e-flex e-con e-child\" data-id=\"c317959\" data-element_type=\"container\" data-e-type=\"container\">\n\t\t<div class=\"elementor-element elementor-element-5cc6ad3 e-con-full e-flex e-con e-child\" data-id=\"5cc6ad3\" data-element_type=\"container\" data-e-type=\"container\">\n\t\t\t\t<div class=\"elementor-element elementor-element-ab3979c elementor-widget elementor-widget-heading\" data-id=\"ab3979c\" data-element_type=\"widget\" data-e-type=\"widget\" data-widget_type=\"heading.default\">\n\t\t\t\t<div class=\"elementor-widget-container\">\n\t\t\t\t\t<h2 class=\"elementor-heading-title elementor-size-default\">Fixed Service Agreement <\/h2>\t\t\t\t<\/div>\n\t\t\t\t<\/div>\n\t\t\t\t<div class=\"elementor-element elementor-element-d035477 elementor-widget elementor-widget-text-editor\" data-id=\"d035477\" data-element_type=\"widget\" data-e-type=\"widget\" data-widget_type=\"text-editor.default\">\n\t\t\t\t<div class=\"elementor-widget-container\">\n\t\t\t\t\t\t\t\t\t<p>With a fixed service agreement, all your calls will be forwarded to us during the defined opening hours. Our service agents handle all incoming calls for your company, ensuring your customers always receive accurate information and professional support.<\/p>\t\t\t\t\t\t\t\t<\/div>\n\t\t\t\t<\/div>\n\t\t\t\t<div class=\"elementor-element elementor-element-bf208e9 elementor-widget elementor-widget-heading\" data-id=\"bf208e9\" data-element_type=\"widget\" data-e-type=\"widget\" data-widget_type=\"heading.default\">\n\t\t\t\t<div class=\"elementor-widget-container\">\n\t\t\t\t\t<h2 class=\"elementor-heading-title elementor-size-default\">Flexible Service Agreement <\/h2>\t\t\t\t<\/div>\n\t\t\t\t<\/div>\n\t\t\t\t<div class=\"elementor-element elementor-element-eeb5801 elementor-widget elementor-widget-text-editor\" data-id=\"eeb5801\" data-element_type=\"widget\" data-e-type=\"widget\" data-widget_type=\"text-editor.default\">\n\t\t\t\t<div class=\"elementor-widget-container\">\n\t\t\t\t\t\t\t\t\t<p>With the flexible service agreement, you can forward your calls to us whenever it suits you. You have full control and can activate call forwarding multiple times a day as needed.<\/p><p>This solution is ideal for those who want to answer some calls themselves but require professional assistance when in meetings or occupied with other tasks.<\/p><p>No matter which solution you choose, we provide top-quality customer service tailored to your needs \u2013 ensuring your customers always receive the best experience.<\/p>\t\t\t\t\t\t\t\t<\/div>\n\t\t\t\t<\/div>\n\t\t\t\t<div class=\"elementor-element elementor-element-6e3f247 elementor-widget elementor-widget-button\" data-id=\"6e3f247\" data-element_type=\"widget\" data-e-type=\"widget\" data-widget_type=\"button.default\">\n\t\t\t\t<div class=\"elementor-widget-container\">\n\t\t\t\t\t\t\t\t\t<div class=\"elementor-button-wrapper\">\n\t\t\t\t\t<a class=\"elementor-button elementor-button-link elementor-size-sm elementor-animation-shrink\" href=\"https:\/\/aktivservicecenter.dk\/en\/kontakt\/\">\n\t\t\t\t\t\t<span class=\"elementor-button-content-wrapper\">\n\t\t\t\t\t\t\t\t\t<span class=\"elementor-button-text\">Contact us for a free, no-obligation quote<\/span>\n\t\t\t\t\t<\/span>\n\t\t\t\t\t<\/a>\n\t\t\t\t<\/div>\n\t\t\t\t\t\t\t\t<\/div>\n\t\t\t\t<\/div>\n\t\t\t\t<\/div>\n\t\t\t\t<\/div>\n\t\t\t\t<\/div>\n\t\t\t\t<\/div>\n\t\t\t\t\t<\/div>\n\t\t\t\t<\/div>\n\t\t\t\t<\/div>","protected":false},"excerpt":{"rendered":"<p>Kundeservice, der skaber v\u00e6rdi T\u00e6nker du nogensinde p\u00e5 hvor meget tid, du og dit team bruger p\u00e5 at tale i telefon? Kundehenvendelser og konstante telefonopkald er tidskr\u00e6vende og kan stj\u00e6le opm\u00e6rksomhed fra \u00f8vrige arbejdsopgaver \u2013 men god kundeservice er ogs\u00e5 afg\u00f8rende for at sikre tilfredse og loyale kunder. Hos Aktiv ServiceCenter tager vi h\u00e5nd om [&hellip;]<\/p>\n","protected":false},"author":1,"featured_media":0,"parent":0,"menu_order":0,"comment_status":"closed","ping_status":"closed","template":"","meta":{"footnotes":""},"class_list":["post-1564","page","type-page","status-publish","hentry"],"yoast_head":"<!-- This site is optimized with the Yoast SEO plugin v27.5 - https:\/\/yoast.com\/product\/yoast-seo-wordpress\/ -->\n<title>Servicel\u00f8sninger - Aktiv Servicecenter<\/title>\n<meta name=\"robots\" content=\"index, follow, max-snippet:-1, max-image-preview:large, max-video-preview:-1\" \/>\n<link rel=\"canonical\" href=\"https:\/\/aktivservicecenter.dk\/en\/serviceloesninger\/\" \/>\n<meta property=\"og:locale\" content=\"en_GB\" \/>\n<meta property=\"og:type\" content=\"article\" \/>\n<meta property=\"og:title\" content=\"Servicel\u00f8sninger - Aktiv Servicecenter\" \/>\n<meta property=\"og:description\" content=\"Kundeservice, der skaber v\u00e6rdi T\u00e6nker du nogensinde p\u00e5 hvor meget tid, du og dit team bruger p\u00e5 at tale i telefon? Kundehenvendelser og konstante telefonopkald er tidskr\u00e6vende og kan stj\u00e6le opm\u00e6rksomhed fra \u00f8vrige arbejdsopgaver \u2013 men god kundeservice er ogs\u00e5 afg\u00f8rende for at sikre tilfredse og loyale kunder. Hos Aktiv ServiceCenter tager vi h\u00e5nd om [&hellip;]\" \/>\n<meta property=\"og:url\" content=\"https:\/\/aktivservicecenter.dk\/en\/serviceloesninger\/\" \/>\n<meta property=\"og:site_name\" content=\"Aktiv Servicecenter\" \/>\n<meta property=\"article:modified_time\" content=\"2025-04-22T13:24:42+00:00\" \/>\n<meta property=\"og:image\" content=\"https:\/\/aktivservicecenter.dk\/wp-content\/uploads\/pexels-wilder-stiven-cardona-lopera-128226736-30378293-scaled.jpg\" \/>\n\t<meta property=\"og:image:width\" content=\"1938\" \/>\n\t<meta property=\"og:image:height\" content=\"2048\" \/>\n\t<meta property=\"og:image:type\" content=\"image\/jpeg\" \/>\n<meta name=\"twitter:card\" content=\"summary_large_image\" \/>\n<meta name=\"twitter:label1\" content=\"Estimated reading time\" \/>\n\t<meta name=\"twitter:data1\" content=\"3 minutes\" \/>\n<script type=\"application\/ld+json\" class=\"yoast-schema-graph\">{\"@context\":\"https:\\\/\\\/schema.org\",\"@graph\":[{\"@type\":\"WebPage\",\"@id\":\"https:\\\/\\\/aktivservicecenter.dk\\\/serviceloesninger\\\/\",\"url\":\"https:\\\/\\\/aktivservicecenter.dk\\\/serviceloesninger\\\/\",\"name\":\"Servicel\u00f8sninger - Aktiv Servicecenter\",\"isPartOf\":{\"@id\":\"https:\\\/\\\/aktivservicecenter.dk\\\/#website\"},\"primaryImageOfPage\":{\"@id\":\"https:\\\/\\\/aktivservicecenter.dk\\\/serviceloesninger\\\/#primaryimage\"},\"image\":{\"@id\":\"https:\\\/\\\/aktivservicecenter.dk\\\/serviceloesninger\\\/#primaryimage\"},\"thumbnailUrl\":\"https:\\\/\\\/aktivservicecenter.dk\\\/wp-content\\\/uploads\\\/pexels-wilder-stiven-cardona-lopera-128226736-30378293-969x1024.jpg\",\"datePublished\":\"2025-03-28T13:45:03+00:00\",\"dateModified\":\"2025-04-22T13:24:42+00:00\",\"inLanguage\":\"en-GB\",\"potentialAction\":[{\"@type\":\"ReadAction\",\"target\":[\"https:\\\/\\\/aktivservicecenter.dk\\\/serviceloesninger\\\/\"]}]},{\"@type\":\"ImageObject\",\"inLanguage\":\"en-GB\",\"@id\":\"https:\\\/\\\/aktivservicecenter.dk\\\/serviceloesninger\\\/#primaryimage\",\"url\":\"https:\\\/\\\/aktivservicecenter.dk\\\/wp-content\\\/uploads\\\/pexels-wilder-stiven-cardona-lopera-128226736-30378293-969x1024.jpg\",\"contentUrl\":\"https:\\\/\\\/aktivservicecenter.dk\\\/wp-content\\\/uploads\\\/pexels-wilder-stiven-cardona-lopera-128226736-30378293-969x1024.jpg\"},{\"@type\":\"WebSite\",\"@id\":\"https:\\\/\\\/aktivservicecenter.dk\\\/#website\",\"url\":\"https:\\\/\\\/aktivservicecenter.dk\\\/\",\"name\":\"Aktiv Servicecenter\",\"description\":\"\",\"publisher\":{\"@id\":\"https:\\\/\\\/aktivservicecenter.dk\\\/#organization\"},\"potentialAction\":[{\"@type\":\"SearchAction\",\"target\":{\"@type\":\"EntryPoint\",\"urlTemplate\":\"https:\\\/\\\/aktivservicecenter.dk\\\/?s={search_term_string}\"},\"query-input\":{\"@type\":\"PropertyValueSpecification\",\"valueRequired\":true,\"valueName\":\"search_term_string\"}}],\"inLanguage\":\"en-GB\"},{\"@type\":\"Organization\",\"@id\":\"https:\\\/\\\/aktivservicecenter.dk\\\/#organization\",\"name\":\"Aktiv Servicecenter\",\"url\":\"https:\\\/\\\/aktivservicecenter.dk\\\/\",\"logo\":{\"@type\":\"ImageObject\",\"inLanguage\":\"en-GB\",\"@id\":\"https:\\\/\\\/aktivservicecenter.dk\\\/#\\\/schema\\\/logo\\\/image\\\/\",\"url\":\"https:\\\/\\\/aktivservicecenter.dk\\\/wp-content\\\/uploads\\\/Aktiv-Service-Center_Logo_Rentegnet.png\",\"contentUrl\":\"https:\\\/\\\/aktivservicecenter.dk\\\/wp-content\\\/uploads\\\/Aktiv-Service-Center_Logo_Rentegnet.png\",\"width\":1193,\"height\":570,\"caption\":\"Aktiv Servicecenter\"},\"image\":{\"@id\":\"https:\\\/\\\/aktivservicecenter.dk\\\/#\\\/schema\\\/logo\\\/image\\\/\"}}]}<\/script>\n<!-- \/ Yoast SEO plugin. -->","yoast_head_json":{"title":"Servicel\u00f8sninger - Aktiv Servicecenter","robots":{"index":"index","follow":"follow","max-snippet":"max-snippet:-1","max-image-preview":"max-image-preview:large","max-video-preview":"max-video-preview:-1"},"canonical":"https:\/\/aktivservicecenter.dk\/en\/serviceloesninger\/","og_locale":"en_GB","og_type":"article","og_title":"Servicel\u00f8sninger - Aktiv Servicecenter","og_description":"Kundeservice, der skaber v\u00e6rdi T\u00e6nker du nogensinde p\u00e5 hvor meget tid, du og dit team bruger p\u00e5 at tale i telefon? Kundehenvendelser og konstante telefonopkald er tidskr\u00e6vende og kan stj\u00e6le opm\u00e6rksomhed fra \u00f8vrige arbejdsopgaver \u2013 men god kundeservice er ogs\u00e5 afg\u00f8rende for at sikre tilfredse og loyale kunder. Hos Aktiv ServiceCenter tager vi h\u00e5nd om [&hellip;]","og_url":"https:\/\/aktivservicecenter.dk\/en\/serviceloesninger\/","og_site_name":"Aktiv Servicecenter","article_modified_time":"2025-04-22T13:24:42+00:00","og_image":[{"width":1938,"height":2048,"url":"https:\/\/aktivservicecenter.dk\/wp-content\/uploads\/pexels-wilder-stiven-cardona-lopera-128226736-30378293-scaled.jpg","type":"image\/jpeg"}],"twitter_card":"summary_large_image","twitter_misc":{"Estimated reading time":"3 minutes"},"schema":{"@context":"https:\/\/schema.org","@graph":[{"@type":"WebPage","@id":"https:\/\/aktivservicecenter.dk\/serviceloesninger\/","url":"https:\/\/aktivservicecenter.dk\/serviceloesninger\/","name":"Servicel\u00f8sninger - Aktiv Servicecenter","isPartOf":{"@id":"https:\/\/aktivservicecenter.dk\/#website"},"primaryImageOfPage":{"@id":"https:\/\/aktivservicecenter.dk\/serviceloesninger\/#primaryimage"},"image":{"@id":"https:\/\/aktivservicecenter.dk\/serviceloesninger\/#primaryimage"},"thumbnailUrl":"https:\/\/aktivservicecenter.dk\/wp-content\/uploads\/pexels-wilder-stiven-cardona-lopera-128226736-30378293-969x1024.jpg","datePublished":"2025-03-28T13:45:03+00:00","dateModified":"2025-04-22T13:24:42+00:00","inLanguage":"en-GB","potentialAction":[{"@type":"ReadAction","target":["https:\/\/aktivservicecenter.dk\/serviceloesninger\/"]}]},{"@type":"ImageObject","inLanguage":"en-GB","@id":"https:\/\/aktivservicecenter.dk\/serviceloesninger\/#primaryimage","url":"https:\/\/aktivservicecenter.dk\/wp-content\/uploads\/pexels-wilder-stiven-cardona-lopera-128226736-30378293-969x1024.jpg","contentUrl":"https:\/\/aktivservicecenter.dk\/wp-content\/uploads\/pexels-wilder-stiven-cardona-lopera-128226736-30378293-969x1024.jpg"},{"@type":"WebSite","@id":"https:\/\/aktivservicecenter.dk\/#website","url":"https:\/\/aktivservicecenter.dk\/","name":"Aktiv ServiceCenter","description":"","publisher":{"@id":"https:\/\/aktivservicecenter.dk\/#organization"},"potentialAction":[{"@type":"SearchAction","target":{"@type":"EntryPoint","urlTemplate":"https:\/\/aktivservicecenter.dk\/?s={search_term_string}"},"query-input":{"@type":"PropertyValueSpecification","valueRequired":true,"valueName":"search_term_string"}}],"inLanguage":"en-GB"},{"@type":"Organization","@id":"https:\/\/aktivservicecenter.dk\/#organization","name":"Aktiv ServiceCenter","url":"https:\/\/aktivservicecenter.dk\/","logo":{"@type":"ImageObject","inLanguage":"en-GB","@id":"https:\/\/aktivservicecenter.dk\/#\/schema\/logo\/image\/","url":"https:\/\/aktivservicecenter.dk\/wp-content\/uploads\/Aktiv-Service-Center_Logo_Rentegnet.png","contentUrl":"https:\/\/aktivservicecenter.dk\/wp-content\/uploads\/Aktiv-Service-Center_Logo_Rentegnet.png","width":1193,"height":570,"caption":"Aktiv Servicecenter"},"image":{"@id":"https:\/\/aktivservicecenter.dk\/#\/schema\/logo\/image\/"}}]}},"_links":{"self":[{"href":"https:\/\/aktivservicecenter.dk\/en\/wp-json\/wp\/v2\/pages\/1564","targetHints":{"allow":["GET"]}}],"collection":[{"href":"https:\/\/aktivservicecenter.dk\/en\/wp-json\/wp\/v2\/pages"}],"about":[{"href":"https:\/\/aktivservicecenter.dk\/en\/wp-json\/wp\/v2\/types\/page"}],"author":[{"embeddable":true,"href":"https:\/\/aktivservicecenter.dk\/en\/wp-json\/wp\/v2\/users\/1"}],"replies":[{"embeddable":true,"href":"https:\/\/aktivservicecenter.dk\/en\/wp-json\/wp\/v2\/comments?post=1564"}],"version-history":[{"count":20,"href":"https:\/\/aktivservicecenter.dk\/en\/wp-json\/wp\/v2\/pages\/1564\/revisions"}],"predecessor-version":[{"id":2781,"href":"https:\/\/aktivservicecenter.dk\/en\/wp-json\/wp\/v2\/pages\/1564\/revisions\/2781"}],"wp:attachment":[{"href":"https:\/\/aktivservicecenter.dk\/en\/wp-json\/wp\/v2\/media?parent=1564"}],"curies":[{"name":"wp","href":"https:\/\/api.w.org\/{rel}","templated":true}]}}